{"id":8926,"date":"2024-08-19T15:46:12","date_gmt":"2024-08-19T13:46:12","guid":{"rendered":"https:\/\/legrenierdelatour.be\/brocante\/?post_type=product&#038;p=8926"},"modified":"2024-08-19T15:55:34","modified_gmt":"2024-08-19T13:55:34","slug":"paire-de-medaillons-muraux-en-bois-luxembourg","status":"publish","type":"product","link":"https:\/\/legrenierdelatour.be\/brocante\/produit\/paire-de-medaillons-muraux-en-bois-luxembourg\/","title":{"rendered":"Paire de m\u00e9daillons muraux en bois, Luxembourg"},"content":{"rendered":"<p>Paire de m\u00e9daillons en bois (10 cm de diam\u00e8tre) comprenant une repr\u00e9sentation de Luxembourg. Deux exemplaires disponibles avec deux repr\u00e9sentations diff\u00e9rentes du Pont Adolphe. \u00a0Ils sont destin\u00e9s \u00e0 \u00eatre accroch\u00e9s. Ils ont \u00e9t\u00e9 \u00e9dit\u00e9s par la Caisse d&rsquo;Epargne de Luxembourg.<\/p>\n<div>R\u00e9f 34.08<\/div>\n","protected":false},"excerpt":{"rendered":"<p>Paire de m\u00e9daillons en bois (10 cm de diam\u00e8tre) comprenant une repr\u00e9sentation de Luxembourg. Deux exemplaires disponibles avec deux repr\u00e9sentations diff\u00e9rentes du Pont Adolphe. \u00a0Ils sont destin\u00e9s \u00e0 \u00eatre accroch\u00e9s. Ils ont \u00e9t\u00e9 \u00e9dit\u00e9s par la Caisse d&rsquo;Epargne de Luxembourg. R\u00e9f 34.08<\/p>\n","protected":false},"featured_media":8927,"comment_status":"open","ping_status":"closed","template":"","meta":{"neve_meta_sidebar":"","neve_meta_container":"","neve_meta_enable_content_width":"off","neve_meta_content_width":100,"neve_meta_title_alignment":"","neve_meta_author_avatar":"","neve_post_elements_order":"","neve_meta_disable_header":"","neve_meta_disable_footer":"","neve_meta_disable_title":""},"product_brand":[],"product_cat":[166],"product_tag":[],"class_list":{"0":"post-8926","1":"product","2":"type-product","3":"status-publish","4":"has-post-thumbnail","6":"product_cat-luxemburgensia-luxemburgensia","8":"first","9":"instock","10":"shipping-taxable","11":"purchasable","12":"product-type-simple"},"_links":{"self":[{"href":"https:\/\/legrenierdelatour.be\/brocante\/wp-json\/wp\/v2\/product\/8926","targetHints":{"allow":["GET"]}}],"collection":[{"href":"https:\/\/legrenierdelatour.be\/brocante\/wp-json\/wp\/v2\/product"}],"about":[{"href":"https:\/\/legrenierdelatour.be\/brocante\/wp-json\/wp\/v2\/types\/product"}],"replies":[{"embeddable":true,"href":"https:\/\/legrenierdelatour.be\/brocante\/wp-json\/wp\/v2\/comments?post=8926"}],"wp:featuredmedia":[{"embeddable":true,"href":"https:\/\/legrenierdelatour.be\/brocante\/wp-json\/wp\/v2\/media\/8927"}],"wp:attachment":[{"href":"https:\/\/legrenierdelatour.be\/brocante\/wp-json\/wp\/v2\/media?parent=8926"}],"wp:term":[{"taxonomy":"product_brand","embeddable":true,"href":"https:\/\/legrenierdelatour.be\/brocante\/wp-json\/wp\/v2\/product_brand?post=8926"},{"taxonomy":"product_cat","embeddable":true,"href":"https:\/\/legrenierdelatour.be\/brocante\/wp-json\/wp\/v2\/product_cat?post=8926"},{"taxonomy":"product_tag","embeddable":true,"href":"https:\/\/legrenierdelatour.be\/brocante\/wp-json\/wp\/v2\/product_tag?post=8926"}],"curies":[{"name":"wp","href":"https:\/\/api.w.org\/{rel}","templated":true}]}}