{"id":8919,"date":"2024-08-19T15:32:26","date_gmt":"2024-08-19T13:32:26","guid":{"rendered":"https:\/\/legrenierdelatour.be\/brocante\/?post_type=product&#038;p=8919"},"modified":"2024-08-19T15:32:26","modified_gmt":"2024-08-19T13:32:26","slug":"boite-en-metal-cote-dor-vintage","status":"publish","type":"product","link":"https:\/\/legrenierdelatour.be\/brocante\/produit\/boite-en-metal-cote-dor-vintage\/","title":{"rendered":"Bo\u00eete en m\u00e9tal C\u00f4te d&rsquo;Or vintage"},"content":{"rendered":"<p>Bo\u00eete en m\u00e9tal (9,5 cm de haut) produite par C\u00f4te d\u2019Or (soci\u00e9t\u00e9 existant depuis 1870, C\u00f4te d\u2019Or depuis 1883).<\/p>\n<div>R\u00e9f 34.06<\/div>\n","protected":false},"excerpt":{"rendered":"<p>Bo\u00eete en m\u00e9tal (9,5 cm de haut) produite par C\u00f4te d\u2019Or (soci\u00e9t\u00e9 existant depuis 1870, C\u00f4te d\u2019Or depuis 1883). R\u00e9f 34.06<\/p>\n","protected":false},"featured_media":8920,"comment_status":"open","ping_status":"closed","template":"","meta":{"neve_meta_sidebar":"","neve_meta_container":"","neve_meta_enable_content_width":"off","neve_meta_content_width":100,"neve_meta_title_alignment":"","neve_meta_author_avatar":"","neve_post_elements_order":"","neve_meta_disable_header":"","neve_meta_disable_footer":"","neve_meta_disable_title":""},"product_brand":[],"product_cat":[186,173],"product_tag":[],"class_list":{"0":"post-8919","1":"product","2":"type-product","3":"status-publish","4":"has-post-thumbnail","6":"product_cat-laiton","7":"product_cat-objets-de-publicite","9":"first","10":"instock","11":"shipping-taxable","12":"purchasable","13":"product-type-simple"},"_links":{"self":[{"href":"https:\/\/legrenierdelatour.be\/brocante\/wp-json\/wp\/v2\/product\/8919","targetHints":{"allow":["GET"]}}],"collection":[{"href":"https:\/\/legrenierdelatour.be\/brocante\/wp-json\/wp\/v2\/product"}],"about":[{"href":"https:\/\/legrenierdelatour.be\/brocante\/wp-json\/wp\/v2\/types\/product"}],"replies":[{"embeddable":true,"href":"https:\/\/legrenierdelatour.be\/brocante\/wp-json\/wp\/v2\/comments?post=8919"}],"wp:featuredmedia":[{"embeddable":true,"href":"https:\/\/legrenierdelatour.be\/brocante\/wp-json\/wp\/v2\/media\/8920"}],"wp:attachment":[{"href":"https:\/\/legrenierdelatour.be\/brocante\/wp-json\/wp\/v2\/media?parent=8919"}],"wp:term":[{"taxonomy":"product_brand","embeddable":true,"href":"https:\/\/legrenierdelatour.be\/brocante\/wp-json\/wp\/v2\/product_brand?post=8919"},{"taxonomy":"product_cat","embeddable":true,"href":"https:\/\/legrenierdelatour.be\/brocante\/wp-json\/wp\/v2\/product_cat?post=8919"},{"taxonomy":"product_tag","embeddable":true,"href":"https:\/\/legrenierdelatour.be\/brocante\/wp-json\/wp\/v2\/product_tag?post=8919"}],"curies":[{"name":"wp","href":"https:\/\/api.w.org\/{rel}","templated":true}]}}