{"id":8911,"date":"2024-08-19T11:07:35","date_gmt":"2024-08-19T09:07:35","guid":{"rendered":"https:\/\/legrenierdelatour.be\/brocante\/?post_type=product&#038;p=8911"},"modified":"2024-08-19T11:07:36","modified_gmt":"2024-08-19T09:07:36","slug":"plaque-en-fonte-la-danseuse-arlon","status":"publish","type":"product","link":"https:\/\/legrenierdelatour.be\/brocante\/produit\/plaque-en-fonte-la-danseuse-arlon\/","title":{"rendered":"Plaque en fonte \u00ab\u00a0La danseuse\u00a0\u00bb, Arlon"},"content":{"rendered":"<p>Petite plaque en fonte (16,5 cm x 8,5 cm) repr\u00e9sentant une danseuse nue vue de face, s\u2019accompagnant de crotales (sans doute). Cette danseuse est repr\u00e9sent\u00e9e sur la partie lat\u00e9rale du \u00ab\u00a0Pilier aux Epoux\u00a0\u00bb, un groupe sculpt\u00e9 de l\u2019\u00e9poque romaine d\u00e9couvert en 1948 \u00e0 Arlon dans la rue du March\u00e9 au Beurre et se trouvant actuellement au Mus\u00e9e arch\u00e9ologique d\u2019Arlon. Cette plaque en fonte a sans doute \u00e9t\u00e9 produite par la manufacture de Mersch (Luxembourg) dans les ann\u00e9es 1970.<\/p>\n<div>R\u00e9f 34.01<\/div>\n","protected":false},"excerpt":{"rendered":"<p>Petite plaque en fonte (16,5 cm x 8,5 cm) repr\u00e9sentant une danseuse nue vue de face, s\u2019accompagnant de crotales (sans doute). Cette danseuse est repr\u00e9sent\u00e9e sur la partie lat\u00e9rale du \u00ab\u00a0Pilier aux Epoux\u00a0\u00bb, un groupe sculpt\u00e9 de l\u2019\u00e9poque romaine d\u00e9couvert en 1948 \u00e0 Arlon dans la rue du March\u00e9 au Beurre et se trouvant actuellement&hellip;&nbsp;<a href=\"https:\/\/legrenierdelatour.be\/brocante\/produit\/plaque-en-fonte-la-danseuse-arlon\/\" class=\"\" rel=\"bookmark\">Lire la suite &raquo;<span class=\"screen-reader-text\">Plaque en fonte \u00ab\u00a0La danseuse\u00a0\u00bb, Arlon<\/span><\/a><\/p>\n","protected":false},"featured_media":8912,"comment_status":"open","ping_status":"closed","template":"","meta":{"neve_meta_sidebar":"","neve_meta_container":"","neve_meta_enable_content_width":"off","neve_meta_content_width":100,"neve_meta_title_alignment":"","neve_meta_author_avatar":"","neve_post_elements_order":"","neve_meta_disable_header":"","neve_meta_disable_footer":"","neve_meta_disable_title":""},"product_brand":[],"product_cat":[31,167],"product_tag":[],"class_list":{"0":"post-8911","1":"product","2":"type-product","3":"status-publish","4":"has-post-thumbnail","6":"product_cat-pays-darlon","7":"product_cat-peintures-et-sculptures","9":"first","10":"instock","11":"shipping-taxable","12":"purchasable","13":"product-type-simple"},"_links":{"self":[{"href":"https:\/\/legrenierdelatour.be\/brocante\/wp-json\/wp\/v2\/product\/8911","targetHints":{"allow":["GET"]}}],"collection":[{"href":"https:\/\/legrenierdelatour.be\/brocante\/wp-json\/wp\/v2\/product"}],"about":[{"href":"https:\/\/legrenierdelatour.be\/brocante\/wp-json\/wp\/v2\/types\/product"}],"replies":[{"embeddable":true,"href":"https:\/\/legrenierdelatour.be\/brocante\/wp-json\/wp\/v2\/comments?post=8911"}],"wp:featuredmedia":[{"embeddable":true,"href":"https:\/\/legrenierdelatour.be\/brocante\/wp-json\/wp\/v2\/media\/8912"}],"wp:attachment":[{"href":"https:\/\/legrenierdelatour.be\/brocante\/wp-json\/wp\/v2\/media?parent=8911"}],"wp:term":[{"taxonomy":"product_brand","embeddable":true,"href":"https:\/\/legrenierdelatour.be\/brocante\/wp-json\/wp\/v2\/product_brand?post=8911"},{"taxonomy":"product_cat","embeddable":true,"href":"https:\/\/legrenierdelatour.be\/brocante\/wp-json\/wp\/v2\/product_cat?post=8911"},{"taxonomy":"product_tag","embeddable":true,"href":"https:\/\/legrenierdelatour.be\/brocante\/wp-json\/wp\/v2\/product_tag?post=8911"}],"curies":[{"name":"wp","href":"https:\/\/api.w.org\/{rel}","templated":true}]}}