{"id":8891,"date":"2024-08-14T17:55:02","date_gmt":"2024-08-14T15:55:02","guid":{"rendered":"https:\/\/legrenierdelatour.be\/brocante\/?post_type=product&#038;p=8891"},"modified":"2024-08-14T17:55:03","modified_gmt":"2024-08-14T15:55:03","slug":"gravure-tour-des-bons-malades-vauban-luxembourg","status":"publish","type":"product","link":"https:\/\/legrenierdelatour.be\/brocante\/produit\/gravure-tour-des-bons-malades-vauban-luxembourg\/","title":{"rendered":"Gravure \u00ab\u00a0Tour des bons malades, Vauban\u00a0\u00bb Luxembourg"},"content":{"rendered":"<p>Gravure (45&#215;58 cm cadre compris) de la Tour des Bons Malades de Vauban \u00e0 Luxembourg. cette gravure est sign\u00e9e en bas \u00e0 droite mais la signature est illisible. cette gravure est en deux couleurs et est en bon \u00e9tat. Elle date sans doute de la premi\u00e8re moiti\u00e9 du 20\u00e8 si\u00e8cle.<\/p>\n<div>R\u00e9f 33.93<\/div>\n","protected":false},"excerpt":{"rendered":"<p>Gravure (45&#215;58 cm cadre compris) de la Tour des Bons Malades de Vauban \u00e0 Luxembourg. cette gravure est sign\u00e9e en bas \u00e0 droite mais la signature est illisible. cette gravure est en deux couleurs et est en bon \u00e9tat. Elle date sans doute de la premi\u00e8re moiti\u00e9 du 20\u00e8 si\u00e8cle. R\u00e9f 33.93<\/p>\n","protected":false},"featured_media":8892,"comment_status":"open","ping_status":"closed","template":"","meta":{"neve_meta_sidebar":"","neve_meta_container":"","neve_meta_enable_content_width":"off","neve_meta_content_width":100,"neve_meta_title_alignment":"","neve_meta_author_avatar":"","neve_post_elements_order":"","neve_meta_disable_header":"","neve_meta_disable_footer":"","neve_meta_disable_title":""},"product_brand":[],"product_cat":[30,166,167],"product_tag":[],"class_list":{"0":"post-8891","1":"product","2":"type-product","3":"status-publish","4":"has-post-thumbnail","6":"product_cat-luxemburgensia","7":"product_cat-luxemburgensia-luxemburgensia","8":"product_cat-peintures-et-sculptures","10":"first","11":"instock","12":"shipping-taxable","13":"purchasable","14":"product-type-simple"},"_links":{"self":[{"href":"https:\/\/legrenierdelatour.be\/brocante\/wp-json\/wp\/v2\/product\/8891","targetHints":{"allow":["GET"]}}],"collection":[{"href":"https:\/\/legrenierdelatour.be\/brocante\/wp-json\/wp\/v2\/product"}],"about":[{"href":"https:\/\/legrenierdelatour.be\/brocante\/wp-json\/wp\/v2\/types\/product"}],"replies":[{"embeddable":true,"href":"https:\/\/legrenierdelatour.be\/brocante\/wp-json\/wp\/v2\/comments?post=8891"}],"wp:featuredmedia":[{"embeddable":true,"href":"https:\/\/legrenierdelatour.be\/brocante\/wp-json\/wp\/v2\/media\/8892"}],"wp:attachment":[{"href":"https:\/\/legrenierdelatour.be\/brocante\/wp-json\/wp\/v2\/media?parent=8891"}],"wp:term":[{"taxonomy":"product_brand","embeddable":true,"href":"https:\/\/legrenierdelatour.be\/brocante\/wp-json\/wp\/v2\/product_brand?post=8891"},{"taxonomy":"product_cat","embeddable":true,"href":"https:\/\/legrenierdelatour.be\/brocante\/wp-json\/wp\/v2\/product_cat?post=8891"},{"taxonomy":"product_tag","embeddable":true,"href":"https:\/\/legrenierdelatour.be\/brocante\/wp-json\/wp\/v2\/product_tag?post=8891"}],"curies":[{"name":"wp","href":"https:\/\/api.w.org\/{rel}","templated":true}]}}