{"id":8887,"date":"2024-08-13T19:05:43","date_gmt":"2024-08-13T17:05:43","guid":{"rendered":"https:\/\/legrenierdelatour.be\/brocante\/?post_type=product&#038;p=8887"},"modified":"2024-08-13T19:05:44","modified_gmt":"2024-08-13T17:05:44","slug":"sous-verres-papillons-1950","status":"publish","type":"product","link":"https:\/\/legrenierdelatour.be\/brocante\/produit\/sous-verres-papillons-1950\/","title":{"rendered":"Sous-verres Papillons, 1950"},"content":{"rendered":"<p>Ensemble de 6 sous-verres en osier et plastique (8,5 cm de diam\u00e8tre), emprisonnant de vrais papillons (6diff\u00e9rents). Un des sous-verres est un peu ab\u00eem\u00e9. Ils datent sans doute des ann\u00e9es 1950.<\/p>\n<div>R\u00e9f 33.86<\/div>\n","protected":false},"excerpt":{"rendered":"<p>Ensemble de 6 sous-verres en osier et plastique (8,5 cm de diam\u00e8tre), emprisonnant de vrais papillons (6diff\u00e9rents). Un des sous-verres est un peu ab\u00eem\u00e9. Ils datent sans doute des ann\u00e9es 1950. R\u00e9f 33.86<\/p>\n","protected":false},"featured_media":8881,"comment_status":"open","ping_status":"closed","template":"","meta":{"neve_meta_sidebar":"","neve_meta_container":"","neve_meta_enable_content_width":"off","neve_meta_content_width":100,"neve_meta_title_alignment":"","neve_meta_author_avatar":"","neve_post_elements_order":"","neve_meta_disable_header":"","neve_meta_disable_footer":"","neve_meta_disable_title":""},"product_brand":[],"product_cat":[172],"product_tag":[],"class_list":{"0":"post-8887","1":"product","2":"type-product","3":"status-publish","4":"has-post-thumbnail","6":"product_cat-en-cuisine","8":"first","9":"instock","10":"shipping-taxable","11":"purchasable","12":"product-type-simple"},"_links":{"self":[{"href":"https:\/\/legrenierdelatour.be\/brocante\/wp-json\/wp\/v2\/product\/8887","targetHints":{"allow":["GET"]}}],"collection":[{"href":"https:\/\/legrenierdelatour.be\/brocante\/wp-json\/wp\/v2\/product"}],"about":[{"href":"https:\/\/legrenierdelatour.be\/brocante\/wp-json\/wp\/v2\/types\/product"}],"replies":[{"embeddable":true,"href":"https:\/\/legrenierdelatour.be\/brocante\/wp-json\/wp\/v2\/comments?post=8887"}],"wp:featuredmedia":[{"embeddable":true,"href":"https:\/\/legrenierdelatour.be\/brocante\/wp-json\/wp\/v2\/media\/8881"}],"wp:attachment":[{"href":"https:\/\/legrenierdelatour.be\/brocante\/wp-json\/wp\/v2\/media?parent=8887"}],"wp:term":[{"taxonomy":"product_brand","embeddable":true,"href":"https:\/\/legrenierdelatour.be\/brocante\/wp-json\/wp\/v2\/product_brand?post=8887"},{"taxonomy":"product_cat","embeddable":true,"href":"https:\/\/legrenierdelatour.be\/brocante\/wp-json\/wp\/v2\/product_cat?post=8887"},{"taxonomy":"product_tag","embeddable":true,"href":"https:\/\/legrenierdelatour.be\/brocante\/wp-json\/wp\/v2\/product_tag?post=8887"}],"curies":[{"name":"wp","href":"https:\/\/api.w.org\/{rel}","templated":true}]}}