{"id":8874,"date":"2024-08-13T17:46:29","date_gmt":"2024-08-13T15:46:29","guid":{"rendered":"https:\/\/legrenierdelatour.be\/brocante\/?post_type=product&#038;p=8874"},"modified":"2024-08-13T17:46:30","modified_gmt":"2024-08-13T15:46:30","slug":"vase-art-deco-wmf-1925-30","status":"publish","type":"product","link":"https:\/\/legrenierdelatour.be\/brocante\/produit\/vase-art-deco-wmf-1925-30\/","title":{"rendered":"Vase Art d\u00e9co WMF, 1925-30"},"content":{"rendered":"<div>Beau vase en laiton et cuivre (30 cm de haut) de la manufacture WMF (depuis 1880). Le cachet de l\u2019autruche courant dans un losange a \u00e9t\u00e9 utilis\u00e9 de 1925 \u00e0 1930. Celui-ci se devine sous le vase. Il est de style entre l\u2019Art Nouveau et l\u2019Art d\u00e9co. Il date des ann\u00e9es 1925-30.<\/div>\n<div>R\u00e9f 33.83<\/div>\n","protected":false},"excerpt":{"rendered":"<p>Beau vase en laiton et cuivre (30 cm de haut) de la manufacture WMF (depuis 1880). Le cachet de l\u2019autruche courant dans un losange a \u00e9t\u00e9 utilis\u00e9 de 1925 \u00e0 1930. Celui-ci se devine sous le vase. Il est de style entre l\u2019Art Nouveau et l\u2019Art d\u00e9co. Il date des ann\u00e9es 1925-30. R\u00e9f 33.83<\/p>\n","protected":false},"featured_media":8875,"comment_status":"open","ping_status":"closed","template":"","meta":{"neve_meta_sidebar":"","neve_meta_container":"","neve_meta_enable_content_width":"off","neve_meta_content_width":100,"neve_meta_title_alignment":"","neve_meta_author_avatar":"","neve_post_elements_order":"","neve_meta_disable_header":"","neve_meta_disable_footer":"","neve_meta_disable_title":""},"product_brand":[],"product_cat":[109,186],"product_tag":[21],"class_list":{"0":"post-8874","1":"product","2":"type-product","3":"status-publish","4":"has-post-thumbnail","6":"product_cat-metal","7":"product_cat-laiton","8":"product_tag-art-deco","10":"first","11":"instock","12":"shipping-taxable","13":"purchasable","14":"product-type-simple"},"_links":{"self":[{"href":"https:\/\/legrenierdelatour.be\/brocante\/wp-json\/wp\/v2\/product\/8874","targetHints":{"allow":["GET"]}}],"collection":[{"href":"https:\/\/legrenierdelatour.be\/brocante\/wp-json\/wp\/v2\/product"}],"about":[{"href":"https:\/\/legrenierdelatour.be\/brocante\/wp-json\/wp\/v2\/types\/product"}],"replies":[{"embeddable":true,"href":"https:\/\/legrenierdelatour.be\/brocante\/wp-json\/wp\/v2\/comments?post=8874"}],"wp:featuredmedia":[{"embeddable":true,"href":"https:\/\/legrenierdelatour.be\/brocante\/wp-json\/wp\/v2\/media\/8875"}],"wp:attachment":[{"href":"https:\/\/legrenierdelatour.be\/brocante\/wp-json\/wp\/v2\/media?parent=8874"}],"wp:term":[{"taxonomy":"product_brand","embeddable":true,"href":"https:\/\/legrenierdelatour.be\/brocante\/wp-json\/wp\/v2\/product_brand?post=8874"},{"taxonomy":"product_cat","embeddable":true,"href":"https:\/\/legrenierdelatour.be\/brocante\/wp-json\/wp\/v2\/product_cat?post=8874"},{"taxonomy":"product_tag","embeddable":true,"href":"https:\/\/legrenierdelatour.be\/brocante\/wp-json\/wp\/v2\/product_tag?post=8874"}],"curies":[{"name":"wp","href":"https:\/\/api.w.org\/{rel}","templated":true}]}}