{"id":8872,"date":"2024-08-13T17:24:39","date_gmt":"2024-08-13T15:24:39","guid":{"rendered":"https:\/\/legrenierdelatour.be\/brocante\/?post_type=product&#038;p=8872"},"modified":"2024-08-13T17:24:40","modified_gmt":"2024-08-13T15:24:40","slug":"carafe-valambert-luxval-art-deco","status":"publish","type":"product","link":"https:\/\/legrenierdelatour.be\/brocante\/produit\/carafe-valambert-luxval-art-deco\/","title":{"rendered":"Carafe Valambert, Luxval Art D\u00e9co"},"content":{"rendered":"<p>Belle carafe (18 cm de haut) appartenant au service de nuit de la s\u00e9rie \u00ab\u00a0Valambert\u00a0\u00bb de Val St Lambert Luxval.\u00a0Cette collection a \u00e9t\u00e9 dessin\u00e9e par les designer Charles Graffart et Ren\u00e9 Delvenne, en cristal coul\u00e9, dans les ann\u00e9es 1930. Le service de nuit se compl\u00e9tait du gobelet, \u00e9galement en cristal blanc et or. La carafe est en excellent \u00e9tat.<\/p>\n<div>R\u00e9f 33.82<\/div>\n","protected":false},"excerpt":{"rendered":"<p>Belle carafe (18 cm de haut) appartenant au service de nuit de la s\u00e9rie \u00ab\u00a0Valambert\u00a0\u00bb de Val St Lambert Luxval.\u00a0Cette collection a \u00e9t\u00e9 dessin\u00e9e par les designer Charles Graffart et Ren\u00e9 Delvenne, en cristal coul\u00e9, dans les ann\u00e9es 1930. Le service de nuit se compl\u00e9tait du gobelet, \u00e9galement en cristal blanc et or. La carafe&hellip;&nbsp;<a href=\"https:\/\/legrenierdelatour.be\/brocante\/produit\/carafe-valambert-luxval-art-deco\/\" class=\"\" rel=\"bookmark\">Lire la suite &raquo;<span class=\"screen-reader-text\">Carafe Valambert, Luxval Art D\u00e9co<\/span><\/a><\/p>\n","protected":false},"featured_media":8873,"comment_status":"open","ping_status":"closed","template":"","meta":{"neve_meta_sidebar":"","neve_meta_container":"","neve_meta_enable_content_width":"off","neve_meta_content_width":100,"neve_meta_title_alignment":"","neve_meta_author_avatar":"","neve_post_elements_order":"","neve_meta_disable_header":"","neve_meta_disable_footer":"","neve_meta_disable_title":""},"product_brand":[],"product_cat":[64,162,63,22],"product_tag":[],"class_list":{"0":"post-8872","1":"product","2":"type-product","3":"status-publish","4":"has-post-thumbnail","6":"product_cat-luxval","7":"product_cat-productions-belges","8":"product_cat-val-saint-lambert","9":"product_cat-verrerie","11":"first","12":"instock","13":"shipping-taxable","14":"purchasable","15":"product-type-simple"},"_links":{"self":[{"href":"https:\/\/legrenierdelatour.be\/brocante\/wp-json\/wp\/v2\/product\/8872","targetHints":{"allow":["GET"]}}],"collection":[{"href":"https:\/\/legrenierdelatour.be\/brocante\/wp-json\/wp\/v2\/product"}],"about":[{"href":"https:\/\/legrenierdelatour.be\/brocante\/wp-json\/wp\/v2\/types\/product"}],"replies":[{"embeddable":true,"href":"https:\/\/legrenierdelatour.be\/brocante\/wp-json\/wp\/v2\/comments?post=8872"}],"wp:featuredmedia":[{"embeddable":true,"href":"https:\/\/legrenierdelatour.be\/brocante\/wp-json\/wp\/v2\/media\/8873"}],"wp:attachment":[{"href":"https:\/\/legrenierdelatour.be\/brocante\/wp-json\/wp\/v2\/media?parent=8872"}],"wp:term":[{"taxonomy":"product_brand","embeddable":true,"href":"https:\/\/legrenierdelatour.be\/brocante\/wp-json\/wp\/v2\/product_brand?post=8872"},{"taxonomy":"product_cat","embeddable":true,"href":"https:\/\/legrenierdelatour.be\/brocante\/wp-json\/wp\/v2\/product_cat?post=8872"},{"taxonomy":"product_tag","embeddable":true,"href":"https:\/\/legrenierdelatour.be\/brocante\/wp-json\/wp\/v2\/product_tag?post=8872"}],"curies":[{"name":"wp","href":"https:\/\/api.w.org\/{rel}","templated":true}]}}