{"id":8845,"date":"2024-08-12T18:13:11","date_gmt":"2024-08-12T16:13:11","guid":{"rendered":"https:\/\/legrenierdelatour.be\/brocante\/?post_type=product&#038;p=8845"},"modified":"2024-08-13T08:02:21","modified_gmt":"2024-08-13T06:02:21","slug":"aquarelle-luxembourg-alex-albonetti","status":"publish","type":"product","link":"https:\/\/legrenierdelatour.be\/brocante\/produit\/aquarelle-luxembourg-alex-albonetti\/","title":{"rendered":"Aquarelle, Luxembourg, Alex Albonetti"},"content":{"rendered":"<p>Belle aquarelle (36&#215;30 cm cadre compris) repr\u00e9senatnt une vue de Luxembourg. Cette aquarelle est sign\u00e9e en bas \u00e0 droite, d\u2019une signature difficilement lisible, mais il s\u2019agit sans doute de Alex Albonetti (1936 Dudelange). Informaticien de formation, Alex Albonetti a suivi des cours d\u2019art \u00e0 Paris et \u00e0 New York. Il a particip\u00e9 \u00e0 diff\u00e9rentes expositions, essentiellement \u00e0 Dudelange et \u00e0 Esch sur Alzette. Il a essentiellement peint des aquarelles.<\/p>\n<div>R\u00e9f 33.71<\/div>\n<div><\/div>\n","protected":false},"excerpt":{"rendered":"<p>Belle aquarelle (36&#215;30 cm cadre compris) repr\u00e9senatnt une vue de Luxembourg. Cette aquarelle est sign\u00e9e en bas \u00e0 droite, d\u2019une signature difficilement lisible, mais il s\u2019agit sans doute de Alex Albonetti (1936 Dudelange). Informaticien de formation, Alex Albonetti a suivi des cours d\u2019art \u00e0 Paris et \u00e0 New York. Il a particip\u00e9 \u00e0 diff\u00e9rentes expositions,&hellip;&nbsp;<a href=\"https:\/\/legrenierdelatour.be\/brocante\/produit\/aquarelle-luxembourg-alex-albonetti\/\" class=\"\" rel=\"bookmark\">Lire la suite &raquo;<span class=\"screen-reader-text\">Aquarelle, Luxembourg, Alex Albonetti<\/span><\/a><\/p>\n","protected":false},"featured_media":8851,"comment_status":"open","ping_status":"closed","template":"","meta":{"neve_meta_sidebar":"","neve_meta_container":"","neve_meta_enable_content_width":"off","neve_meta_content_width":100,"neve_meta_title_alignment":"","neve_meta_author_avatar":"","neve_post_elements_order":"","neve_meta_disable_header":"","neve_meta_disable_footer":"","neve_meta_disable_title":""},"product_brand":[],"product_cat":[30,166,167],"product_tag":[],"class_list":{"0":"post-8845","1":"product","2":"type-product","3":"status-publish","4":"has-post-thumbnail","6":"product_cat-luxemburgensia","7":"product_cat-luxemburgensia-luxemburgensia","8":"product_cat-peintures-et-sculptures","10":"first","11":"instock","12":"shipping-taxable","13":"purchasable","14":"product-type-simple"},"_links":{"self":[{"href":"https:\/\/legrenierdelatour.be\/brocante\/wp-json\/wp\/v2\/product\/8845","targetHints":{"allow":["GET"]}}],"collection":[{"href":"https:\/\/legrenierdelatour.be\/brocante\/wp-json\/wp\/v2\/product"}],"about":[{"href":"https:\/\/legrenierdelatour.be\/brocante\/wp-json\/wp\/v2\/types\/product"}],"replies":[{"embeddable":true,"href":"https:\/\/legrenierdelatour.be\/brocante\/wp-json\/wp\/v2\/comments?post=8845"}],"wp:featuredmedia":[{"embeddable":true,"href":"https:\/\/legrenierdelatour.be\/brocante\/wp-json\/wp\/v2\/media\/8851"}],"wp:attachment":[{"href":"https:\/\/legrenierdelatour.be\/brocante\/wp-json\/wp\/v2\/media?parent=8845"}],"wp:term":[{"taxonomy":"product_brand","embeddable":true,"href":"https:\/\/legrenierdelatour.be\/brocante\/wp-json\/wp\/v2\/product_brand?post=8845"},{"taxonomy":"product_cat","embeddable":true,"href":"https:\/\/legrenierdelatour.be\/brocante\/wp-json\/wp\/v2\/product_cat?post=8845"},{"taxonomy":"product_tag","embeddable":true,"href":"https:\/\/legrenierdelatour.be\/brocante\/wp-json\/wp\/v2\/product_tag?post=8845"}],"curies":[{"name":"wp","href":"https:\/\/api.w.org\/{rel}","templated":true}]}}