{"id":8841,"date":"2024-08-09T17:01:16","date_gmt":"2024-08-09T15:01:16","guid":{"rendered":"https:\/\/legrenierdelatour.be\/brocante\/?post_type=product&#038;p=8841"},"modified":"2024-08-09T17:01:16","modified_gmt":"2024-08-09T15:01:16","slug":"dessin-les-trois-tours-a-luxembourg-misch-klein","status":"publish","type":"product","link":"https:\/\/legrenierdelatour.be\/brocante\/produit\/dessin-les-trois-tours-a-luxembourg-misch-klein\/","title":{"rendered":"Dessin \u00ab\u00a0Les trois tours \u00e0 Luxembourg\u00a0\u00bb, Misch Klein"},"content":{"rendered":"<div>Beau dessin (44x36cm cadre compris) repr\u00e9sentant les trois tours \u00e0 Luxembourg, sign\u00e9e Misch Klein (1919-1993), un artiste luxembourgeois, connu pour ses peintures \u00e0 l\u2019huile. Il a \u00e9t\u00e9 encadr\u00e9 par un encadreur de Bitburg.<\/div>\n<div>R\u00e9f 33.64<\/div>\n","protected":false},"excerpt":{"rendered":"<p>Beau dessin (44x36cm cadre compris) repr\u00e9sentant les trois tours \u00e0 Luxembourg, sign\u00e9e Misch Klein (1919-1993), un artiste luxembourgeois, connu pour ses peintures \u00e0 l\u2019huile. Il a \u00e9t\u00e9 encadr\u00e9 par un encadreur de Bitburg. R\u00e9f 33.64<\/p>\n","protected":false},"featured_media":8836,"comment_status":"open","ping_status":"closed","template":"","meta":{"neve_meta_sidebar":"","neve_meta_container":"","neve_meta_enable_content_width":"off","neve_meta_content_width":100,"neve_meta_title_alignment":"","neve_meta_author_avatar":"","neve_post_elements_order":"","neve_meta_disable_header":"","neve_meta_disable_footer":"","neve_meta_disable_title":""},"product_brand":[],"product_cat":[30,166,167],"product_tag":[],"class_list":{"0":"post-8841","1":"product","2":"type-product","3":"status-publish","4":"has-post-thumbnail","6":"product_cat-luxemburgensia","7":"product_cat-luxemburgensia-luxemburgensia","8":"product_cat-peintures-et-sculptures","10":"first","11":"instock","12":"shipping-taxable","13":"purchasable","14":"product-type-simple"},"_links":{"self":[{"href":"https:\/\/legrenierdelatour.be\/brocante\/wp-json\/wp\/v2\/product\/8841","targetHints":{"allow":["GET"]}}],"collection":[{"href":"https:\/\/legrenierdelatour.be\/brocante\/wp-json\/wp\/v2\/product"}],"about":[{"href":"https:\/\/legrenierdelatour.be\/brocante\/wp-json\/wp\/v2\/types\/product"}],"replies":[{"embeddable":true,"href":"https:\/\/legrenierdelatour.be\/brocante\/wp-json\/wp\/v2\/comments?post=8841"}],"wp:featuredmedia":[{"embeddable":true,"href":"https:\/\/legrenierdelatour.be\/brocante\/wp-json\/wp\/v2\/media\/8836"}],"wp:attachment":[{"href":"https:\/\/legrenierdelatour.be\/brocante\/wp-json\/wp\/v2\/media?parent=8841"}],"wp:term":[{"taxonomy":"product_brand","embeddable":true,"href":"https:\/\/legrenierdelatour.be\/brocante\/wp-json\/wp\/v2\/product_brand?post=8841"},{"taxonomy":"product_cat","embeddable":true,"href":"https:\/\/legrenierdelatour.be\/brocante\/wp-json\/wp\/v2\/product_cat?post=8841"},{"taxonomy":"product_tag","embeddable":true,"href":"https:\/\/legrenierdelatour.be\/brocante\/wp-json\/wp\/v2\/product_tag?post=8841"}],"curies":[{"name":"wp","href":"https:\/\/api.w.org\/{rel}","templated":true}]}}