{"id":8835,"date":"2024-08-09T16:57:48","date_gmt":"2024-08-09T14:57:48","guid":{"rendered":"https:\/\/legrenierdelatour.be\/brocante\/?post_type=product&#038;p=8835"},"modified":"2024-08-09T16:59:31","modified_gmt":"2024-08-09T14:59:31","slug":"dessin-porte-de-treves-luxembourg-misch-klein","status":"publish","type":"product","link":"https:\/\/legrenierdelatour.be\/brocante\/produit\/dessin-porte-de-treves-luxembourg-misch-klein\/","title":{"rendered":"Dessin Porte de Tr\u00eaves Luxembourg, Misch Klein"},"content":{"rendered":"<div>Beau dessin (45&#215;36,5cm cadre compris) repr\u00e9sentant la porte de Tr\u00e8ves \u00e0 Luxembourg, sign\u00e9e Misch Klein (1919-1993), un artiste luxembourgeois, connu pour ses peintures \u00e0 l\u2019huile. Il\u00a0a \u00e9t\u00e9 encadr\u00e9e par Charles Bradtke \u00e0 Luxembourg (maison Bradtke depuis 1865). Charles Bradtke reprendra les activit\u00e9s de son p\u00e8re en 1933 jusqu\u2019apr\u00e8s la guerre.<\/div>\n<div>R\u00e9f 33.63<\/div>\n","protected":false},"excerpt":{"rendered":"<p>Beau dessin (45&#215;36,5cm cadre compris) repr\u00e9sentant la porte de Tr\u00e8ves \u00e0 Luxembourg, sign\u00e9e Misch Klein (1919-1993), un artiste luxembourgeois, connu pour ses peintures \u00e0 l\u2019huile. Il\u00a0a \u00e9t\u00e9 encadr\u00e9e par Charles Bradtke \u00e0 Luxembourg (maison Bradtke depuis 1865). Charles Bradtke reprendra les activit\u00e9s de son p\u00e8re en 1933 jusqu\u2019apr\u00e8s la guerre. R\u00e9f 33.63<\/p>\n","protected":false},"featured_media":8838,"comment_status":"open","ping_status":"closed","template":"","meta":{"neve_meta_sidebar":"","neve_meta_container":"","neve_meta_enable_content_width":"off","neve_meta_content_width":100,"neve_meta_title_alignment":"","neve_meta_author_avatar":"","neve_post_elements_order":"","neve_meta_disable_header":"","neve_meta_disable_footer":"","neve_meta_disable_title":""},"product_brand":[],"product_cat":[30,166,167],"product_tag":[],"class_list":{"0":"post-8835","1":"product","2":"type-product","3":"status-publish","4":"has-post-thumbnail","6":"product_cat-luxemburgensia","7":"product_cat-luxemburgensia-luxemburgensia","8":"product_cat-peintures-et-sculptures","10":"first","11":"instock","12":"shipping-taxable","13":"purchasable","14":"product-type-simple"},"_links":{"self":[{"href":"https:\/\/legrenierdelatour.be\/brocante\/wp-json\/wp\/v2\/product\/8835","targetHints":{"allow":["GET"]}}],"collection":[{"href":"https:\/\/legrenierdelatour.be\/brocante\/wp-json\/wp\/v2\/product"}],"about":[{"href":"https:\/\/legrenierdelatour.be\/brocante\/wp-json\/wp\/v2\/types\/product"}],"replies":[{"embeddable":true,"href":"https:\/\/legrenierdelatour.be\/brocante\/wp-json\/wp\/v2\/comments?post=8835"}],"wp:featuredmedia":[{"embeddable":true,"href":"https:\/\/legrenierdelatour.be\/brocante\/wp-json\/wp\/v2\/media\/8838"}],"wp:attachment":[{"href":"https:\/\/legrenierdelatour.be\/brocante\/wp-json\/wp\/v2\/media?parent=8835"}],"wp:term":[{"taxonomy":"product_brand","embeddable":true,"href":"https:\/\/legrenierdelatour.be\/brocante\/wp-json\/wp\/v2\/product_brand?post=8835"},{"taxonomy":"product_cat","embeddable":true,"href":"https:\/\/legrenierdelatour.be\/brocante\/wp-json\/wp\/v2\/product_cat?post=8835"},{"taxonomy":"product_tag","embeddable":true,"href":"https:\/\/legrenierdelatour.be\/brocante\/wp-json\/wp\/v2\/product_tag?post=8835"}],"curies":[{"name":"wp","href":"https:\/\/api.w.org\/{rel}","templated":true}]}}