{"id":8825,"date":"2024-08-09T15:53:24","date_gmt":"2024-08-09T13:53:24","guid":{"rendered":"https:\/\/legrenierdelatour.be\/brocante\/?post_type=product&#038;p=8825"},"modified":"2024-08-09T15:53:24","modified_gmt":"2024-08-09T13:53:24","slug":"table-modulable-en-formica-1950","status":"publish","type":"product","link":"https:\/\/legrenierdelatour.be\/brocante\/produit\/table-modulable-en-formica-1950\/","title":{"rendered":"Table modulable en  Formica, 1950"},"content":{"rendered":"<p>Belle table (108&#215;63 cm pour le plateau+2 extensions de 35 cm chacune) avec un m\u00e9canisme pour hausser la table (jusqu\u2019\u00e075 cm) ou la rabaisser. Cette table modulable en hauteur et en largeur, est rev\u00eatue d\u2019un beau plateau en formica beige et noir. Cette table typique des ann\u00e9es 1950 est en tr\u00e8s bon \u00e9tat.<\/p>\n<div>R\u00e9f 33.17<\/div>\n","protected":false},"excerpt":{"rendered":"<p>Belle table (108&#215;63 cm pour le plateau+2 extensions de 35 cm chacune) avec un m\u00e9canisme pour hausser la table (jusqu\u2019\u00e075 cm) ou la rabaisser. Cette table modulable en hauteur et en largeur, est rev\u00eatue d\u2019un beau plateau en formica beige et noir. Cette table typique des ann\u00e9es 1950 est en tr\u00e8s bon \u00e9tat. R\u00e9f 33.17<\/p>\n","protected":false},"featured_media":8828,"comment_status":"open","ping_status":"closed","template":"","meta":{"neve_meta_sidebar":"","neve_meta_container":"","neve_meta_enable_content_width":"off","neve_meta_content_width":100,"neve_meta_title_alignment":"","neve_meta_author_avatar":"","neve_post_elements_order":"","neve_meta_disable_header":"","neve_meta_disable_footer":"","neve_meta_disable_title":""},"product_brand":[],"product_cat":[23],"product_tag":[28],"class_list":{"0":"post-8825","1":"product","2":"type-product","3":"status-publish","4":"has-post-thumbnail","6":"product_cat-mobilier","7":"product_tag-vintage","9":"first","10":"instock","11":"shipping-taxable","12":"purchasable","13":"product-type-simple"},"_links":{"self":[{"href":"https:\/\/legrenierdelatour.be\/brocante\/wp-json\/wp\/v2\/product\/8825","targetHints":{"allow":["GET"]}}],"collection":[{"href":"https:\/\/legrenierdelatour.be\/brocante\/wp-json\/wp\/v2\/product"}],"about":[{"href":"https:\/\/legrenierdelatour.be\/brocante\/wp-json\/wp\/v2\/types\/product"}],"replies":[{"embeddable":true,"href":"https:\/\/legrenierdelatour.be\/brocante\/wp-json\/wp\/v2\/comments?post=8825"}],"wp:featuredmedia":[{"embeddable":true,"href":"https:\/\/legrenierdelatour.be\/brocante\/wp-json\/wp\/v2\/media\/8828"}],"wp:attachment":[{"href":"https:\/\/legrenierdelatour.be\/brocante\/wp-json\/wp\/v2\/media?parent=8825"}],"wp:term":[{"taxonomy":"product_brand","embeddable":true,"href":"https:\/\/legrenierdelatour.be\/brocante\/wp-json\/wp\/v2\/product_brand?post=8825"},{"taxonomy":"product_cat","embeddable":true,"href":"https:\/\/legrenierdelatour.be\/brocante\/wp-json\/wp\/v2\/product_cat?post=8825"},{"taxonomy":"product_tag","embeddable":true,"href":"https:\/\/legrenierdelatour.be\/brocante\/wp-json\/wp\/v2\/product_tag?post=8825"}],"curies":[{"name":"wp","href":"https:\/\/api.w.org\/{rel}","templated":true}]}}