{"id":8823,"date":"2024-08-07T18:04:46","date_gmt":"2024-08-07T16:04:46","guid":{"rendered":"https:\/\/legrenierdelatour.be\/brocante\/?post_type=product&#038;p=8823"},"modified":"2024-08-07T18:04:54","modified_gmt":"2024-08-07T16:04:54","slug":"aquarelle-rive-superieure-a-les-bulles-1975-j-jacobs","status":"publish","type":"product","link":"https:\/\/legrenierdelatour.be\/brocante\/produit\/aquarelle-rive-superieure-a-les-bulles-1975-j-jacobs\/","title":{"rendered":"Aquarelle \u00ab\u00a0Rive sup\u00e9rieure \u00e0 Les Bulles \u00a0\u00bb 1975, J Jacobs"},"content":{"rendered":"<p>Belle aquarelle (66&#215;54 cm cadre compris) d\u2019un paysage, sign\u00e9e Jacobs et dat\u00e9e de 1975. Une inscription est not\u00e9e \u00e0 l\u2019arri\u00e8re : \u00ab\u00a0Semois voil\u00e9e 1975 \u00bb. Egalement \u00ab Aquarelle sur papier Arche\u00a0\u00bb \u00ab\u00a0Rive sup\u00e9rieure de Les Bulles\u00a0\u00bb. Cette aquarelle a \u00e9t\u00e9 pr\u00e9sent\u00e9e \u00e0 l\u2019exposition \u00e0 Sainte Cecile en juillet-ao\u00fbt 1975. \u00a0Jacques E.L Jacob est un artiste n\u00e9 e n Gaume 1949. D\u00e8s 1985, ses oeuvres sont expos\u00e9es en Europe, Am\u00e9rique, Asie. Il a cr\u00e9\u00e9 sa propre acad\u00e9mie et forme de nombreux artistes. Acteur de th\u00e9\u00e2tre et \u00e9crivain (Rien ne sert d\u2019oublier, Le manteau noir\u2026) il cr\u00e9e en 2003 les \u00e9ditions Am\u00e9thyste.<\/p>\n<div>R\u00e9f 33.60<\/div>\n","protected":false},"excerpt":{"rendered":"<p>Belle aquarelle (66&#215;54 cm cadre compris) d\u2019un paysage, sign\u00e9e Jacobs et dat\u00e9e de 1975. Une inscription est not\u00e9e \u00e0 l\u2019arri\u00e8re : \u00ab\u00a0Semois voil\u00e9e 1975 \u00bb. Egalement \u00ab Aquarelle sur papier Arche\u00a0\u00bb \u00ab\u00a0Rive sup\u00e9rieure de Les Bulles\u00a0\u00bb. Cette aquarelle a \u00e9t\u00e9 pr\u00e9sent\u00e9e \u00e0 l\u2019exposition \u00e0 Sainte Cecile en juillet-ao\u00fbt 1975. \u00a0Jacques E.L Jacob est un artiste&hellip;&nbsp;<a href=\"https:\/\/legrenierdelatour.be\/brocante\/produit\/aquarelle-rive-superieure-a-les-bulles-1975-j-jacobs\/\" class=\"\" rel=\"bookmark\">Lire la suite &raquo;<span class=\"screen-reader-text\">Aquarelle \u00ab\u00a0Rive sup\u00e9rieure \u00e0 Les Bulles \u00a0\u00bb 1975, J Jacobs<\/span><\/a><\/p>\n","protected":false},"featured_media":8820,"comment_status":"open","ping_status":"closed","template":"","meta":{"neve_meta_sidebar":"","neve_meta_container":"","neve_meta_enable_content_width":"off","neve_meta_content_width":100,"neve_meta_title_alignment":"","neve_meta_author_avatar":"","neve_post_elements_order":"","neve_meta_disable_header":"","neve_meta_disable_footer":"","neve_meta_disable_title":""},"product_brand":[],"product_cat":[31,167],"product_tag":[],"class_list":{"0":"post-8823","1":"product","2":"type-product","3":"status-publish","4":"has-post-thumbnail","6":"product_cat-pays-darlon","7":"product_cat-peintures-et-sculptures","9":"first","10":"instock","11":"shipping-taxable","12":"purchasable","13":"product-type-simple"},"_links":{"self":[{"href":"https:\/\/legrenierdelatour.be\/brocante\/wp-json\/wp\/v2\/product\/8823","targetHints":{"allow":["GET"]}}],"collection":[{"href":"https:\/\/legrenierdelatour.be\/brocante\/wp-json\/wp\/v2\/product"}],"about":[{"href":"https:\/\/legrenierdelatour.be\/brocante\/wp-json\/wp\/v2\/types\/product"}],"replies":[{"embeddable":true,"href":"https:\/\/legrenierdelatour.be\/brocante\/wp-json\/wp\/v2\/comments?post=8823"}],"wp:featuredmedia":[{"embeddable":true,"href":"https:\/\/legrenierdelatour.be\/brocante\/wp-json\/wp\/v2\/media\/8820"}],"wp:attachment":[{"href":"https:\/\/legrenierdelatour.be\/brocante\/wp-json\/wp\/v2\/media?parent=8823"}],"wp:term":[{"taxonomy":"product_brand","embeddable":true,"href":"https:\/\/legrenierdelatour.be\/brocante\/wp-json\/wp\/v2\/product_brand?post=8823"},{"taxonomy":"product_cat","embeddable":true,"href":"https:\/\/legrenierdelatour.be\/brocante\/wp-json\/wp\/v2\/product_cat?post=8823"},{"taxonomy":"product_tag","embeddable":true,"href":"https:\/\/legrenierdelatour.be\/brocante\/wp-json\/wp\/v2\/product_tag?post=8823"}],"curies":[{"name":"wp","href":"https:\/\/api.w.org\/{rel}","templated":true}]}}