{"id":8809,"date":"2024-08-07T17:05:29","date_gmt":"2024-08-07T15:05:29","guid":{"rendered":"https:\/\/legrenierdelatour.be\/brocante\/?post_type=product&#038;p=8809"},"modified":"2024-08-07T17:05:29","modified_gmt":"2024-08-07T15:05:29","slug":"ensemble-de-toilettent-verre-moule-tchecoslovaquie-art-deco","status":"publish","type":"product","link":"https:\/\/legrenierdelatour.be\/brocante\/produit\/ensemble-de-toilettent-verre-moule-tchecoslovaquie-art-deco\/","title":{"rendered":"Ensemble de toilettent verre moul\u00e9, Tch\u00e9coslovaquie, Art D\u00e9co,"},"content":{"rendered":"<p>Ensemble de toilette en verre moul\u00e9, compos\u00e9 de deux bo\u00eetes en verre et d\u2019un flacon de parfum. De style Art d\u00e9co, l\u2019ensemble a sans doute \u00e9t\u00e9 produit en Tch\u00e9coslovaquie, dans les ann\u00e9es 1930-1950. Les \u00e9lements sont en verre moul\u00e9s de couleur ambr\u00e9e, et sont en bon \u00e9tat.<\/p>\n<div>R\u00e9f 33.56<\/div>\n","protected":false},"excerpt":{"rendered":"<p>Ensemble de toilette en verre moul\u00e9, compos\u00e9 de deux bo\u00eetes en verre et d\u2019un flacon de parfum. De style Art d\u00e9co, l\u2019ensemble a sans doute \u00e9t\u00e9 produit en Tch\u00e9coslovaquie, dans les ann\u00e9es 1930-1950. Les \u00e9lements sont en verre moul\u00e9s de couleur ambr\u00e9e, et sont en bon \u00e9tat. R\u00e9f 33.56<\/p>\n","protected":false},"featured_media":8810,"comment_status":"open","ping_status":"closed","template":"","meta":{"neve_meta_sidebar":"","neve_meta_container":"","neve_meta_enable_content_width":"off","neve_meta_content_width":100,"neve_meta_title_alignment":"","neve_meta_author_avatar":"","neve_post_elements_order":"","neve_meta_disable_header":"","neve_meta_disable_footer":"","neve_meta_disable_title":""},"product_brand":[],"product_cat":[22],"product_tag":[],"class_list":{"0":"post-8809","1":"product","2":"type-product","3":"status-publish","4":"has-post-thumbnail","6":"product_cat-verrerie","8":"first","9":"instock","10":"shipping-taxable","11":"purchasable","12":"product-type-simple"},"_links":{"self":[{"href":"https:\/\/legrenierdelatour.be\/brocante\/wp-json\/wp\/v2\/product\/8809","targetHints":{"allow":["GET"]}}],"collection":[{"href":"https:\/\/legrenierdelatour.be\/brocante\/wp-json\/wp\/v2\/product"}],"about":[{"href":"https:\/\/legrenierdelatour.be\/brocante\/wp-json\/wp\/v2\/types\/product"}],"replies":[{"embeddable":true,"href":"https:\/\/legrenierdelatour.be\/brocante\/wp-json\/wp\/v2\/comments?post=8809"}],"wp:featuredmedia":[{"embeddable":true,"href":"https:\/\/legrenierdelatour.be\/brocante\/wp-json\/wp\/v2\/media\/8810"}],"wp:attachment":[{"href":"https:\/\/legrenierdelatour.be\/brocante\/wp-json\/wp\/v2\/media?parent=8809"}],"wp:term":[{"taxonomy":"product_brand","embeddable":true,"href":"https:\/\/legrenierdelatour.be\/brocante\/wp-json\/wp\/v2\/product_brand?post=8809"},{"taxonomy":"product_cat","embeddable":true,"href":"https:\/\/legrenierdelatour.be\/brocante\/wp-json\/wp\/v2\/product_cat?post=8809"},{"taxonomy":"product_tag","embeddable":true,"href":"https:\/\/legrenierdelatour.be\/brocante\/wp-json\/wp\/v2\/product_tag?post=8809"}],"curies":[{"name":"wp","href":"https:\/\/api.w.org\/{rel}","templated":true}]}}