{"id":8807,"date":"2024-08-07T15:40:04","date_gmt":"2024-08-07T13:40:04","guid":{"rendered":"https:\/\/legrenierdelatour.be\/brocante\/?post_type=product&#038;p=8807"},"modified":"2024-08-07T15:43:13","modified_gmt":"2024-08-07T13:43:13","slug":"masque-mural-achalit-allemagne-vintage","status":"publish","type":"product","link":"https:\/\/legrenierdelatour.be\/brocante\/produit\/masque-mural-achalit-allemagne-vintage\/","title":{"rendered":"Masque mural Achalit, Allemagne, vintage"},"content":{"rendered":"<div>Silhouette de femme en achatit (17 cm de long). Cette silhouette date des ann\u00e9es 1950-60 et est en parfait \u00e9tat. Elle porte le num\u00e9ro de forme 1225. L\u2019achatit est un mat\u00e9riau non c\u00e9ramique, marcue d\u00e9pos\u00e9e de la soci\u00e9t\u00e9, fabriqu\u00e9 en faisant bouillir de la pierre fine en poudre avec de la sciure et un liant, vers\u00e9 dans un moule. Il est poli avc des pierres d\u2019achatit, d\u2019o\u00f9 son nom. La manufacture Hans Schirmer Achatit a d\u00e9marr\u00e9 en 1948 et a dur\u00e9 jusqu\u2019en 1990, \u00e0 Kunkersdorf.<\/div>\n<div>R\u00e9f 33.54<\/div>\n","protected":false},"excerpt":{"rendered":"<p>Silhouette de femme en achatit (17 cm de long). Cette silhouette date des ann\u00e9es 1950-60 et est en parfait \u00e9tat. Elle porte le num\u00e9ro de forme 1225. L\u2019achatit est un mat\u00e9riau non c\u00e9ramique, marcue d\u00e9pos\u00e9e de la soci\u00e9t\u00e9, fabriqu\u00e9 en faisant bouillir de la pierre fine en poudre avec de la sciure et un liant,&hellip;&nbsp;<a href=\"https:\/\/legrenierdelatour.be\/brocante\/produit\/masque-mural-achalit-allemagne-vintage\/\" class=\"\" rel=\"bookmark\">Lire la suite &raquo;<span class=\"screen-reader-text\">Masque mural Achalit, Allemagne, vintage<\/span><\/a><\/p>\n","protected":false},"featured_media":8803,"comment_status":"open","ping_status":"closed","template":"","meta":{"neve_meta_sidebar":"","neve_meta_container":"","neve_meta_enable_content_width":"off","neve_meta_content_width":100,"neve_meta_title_alignment":"","neve_meta_author_avatar":"","neve_post_elements_order":"","neve_meta_disable_header":"","neve_meta_disable_footer":"","neve_meta_disable_title":""},"product_brand":[],"product_cat":[48,16,167],"product_tag":[],"class_list":{"0":"post-8807","1":"product","2":"type-product","3":"status-publish","4":"has-post-thumbnail","6":"product_cat-allemagne","7":"product_cat-ceramique","8":"product_cat-peintures-et-sculptures","10":"first","11":"instock","12":"shipping-taxable","13":"purchasable","14":"product-type-simple"},"_links":{"self":[{"href":"https:\/\/legrenierdelatour.be\/brocante\/wp-json\/wp\/v2\/product\/8807","targetHints":{"allow":["GET"]}}],"collection":[{"href":"https:\/\/legrenierdelatour.be\/brocante\/wp-json\/wp\/v2\/product"}],"about":[{"href":"https:\/\/legrenierdelatour.be\/brocante\/wp-json\/wp\/v2\/types\/product"}],"replies":[{"embeddable":true,"href":"https:\/\/legrenierdelatour.be\/brocante\/wp-json\/wp\/v2\/comments?post=8807"}],"wp:featuredmedia":[{"embeddable":true,"href":"https:\/\/legrenierdelatour.be\/brocante\/wp-json\/wp\/v2\/media\/8803"}],"wp:attachment":[{"href":"https:\/\/legrenierdelatour.be\/brocante\/wp-json\/wp\/v2\/media?parent=8807"}],"wp:term":[{"taxonomy":"product_brand","embeddable":true,"href":"https:\/\/legrenierdelatour.be\/brocante\/wp-json\/wp\/v2\/product_brand?post=8807"},{"taxonomy":"product_cat","embeddable":true,"href":"https:\/\/legrenierdelatour.be\/brocante\/wp-json\/wp\/v2\/product_cat?post=8807"},{"taxonomy":"product_tag","embeddable":true,"href":"https:\/\/legrenierdelatour.be\/brocante\/wp-json\/wp\/v2\/product_tag?post=8807"}],"curies":[{"name":"wp","href":"https:\/\/api.w.org\/{rel}","templated":true}]}}