{"id":8779,"date":"2024-08-07T09:58:00","date_gmt":"2024-08-07T07:58:00","guid":{"rendered":"https:\/\/legrenierdelatour.be\/brocante\/?post_type=product&#038;p=8779"},"modified":"2024-08-07T09:58:00","modified_gmt":"2024-08-07T07:58:00","slug":"peinture-nature-morte-d-weyland","status":"publish","type":"product","link":"https:\/\/legrenierdelatour.be\/brocante\/produit\/peinture-nature-morte-d-weyland\/","title":{"rendered":"Peinture \u00ab\u00a0Nature morte\u00a0\u00bb, D.Weyland"},"content":{"rendered":"<p>Peinture acrylique (31&#215;37 cm cadre compris) repr\u00e9snetant une nature morte, peut-\u00eatre un bouquet de chrysanth\u00e8mes. Elle est sign\u00e9e D.Weyland, et il s\u2019agirait d\u2019une artsites de la r\u00e9gion d\u2019Arlon (non identifi\u00e9).<\/p>\n<div>R\u00e9f 33.45<\/div>\n","protected":false},"excerpt":{"rendered":"<p>Peinture acrylique (31&#215;37 cm cadre compris) repr\u00e9snetant une nature morte, peut-\u00eatre un bouquet de chrysanth\u00e8mes. Elle est sign\u00e9e D.Weyland, et il s\u2019agirait d\u2019une artsites de la r\u00e9gion d\u2019Arlon (non identifi\u00e9). R\u00e9f 33.45<\/p>\n","protected":false},"featured_media":8765,"comment_status":"open","ping_status":"closed","template":"","meta":{"neve_meta_sidebar":"","neve_meta_container":"","neve_meta_enable_content_width":"off","neve_meta_content_width":100,"neve_meta_title_alignment":"","neve_meta_author_avatar":"","neve_post_elements_order":"","neve_meta_disable_header":"","neve_meta_disable_footer":"","neve_meta_disable_title":""},"product_brand":[],"product_cat":[31,167],"product_tag":[],"class_list":{"0":"post-8779","1":"product","2":"type-product","3":"status-publish","4":"has-post-thumbnail","6":"product_cat-pays-darlon","7":"product_cat-peintures-et-sculptures","9":"first","10":"instock","11":"shipping-taxable","12":"purchasable","13":"product-type-simple"},"_links":{"self":[{"href":"https:\/\/legrenierdelatour.be\/brocante\/wp-json\/wp\/v2\/product\/8779","targetHints":{"allow":["GET"]}}],"collection":[{"href":"https:\/\/legrenierdelatour.be\/brocante\/wp-json\/wp\/v2\/product"}],"about":[{"href":"https:\/\/legrenierdelatour.be\/brocante\/wp-json\/wp\/v2\/types\/product"}],"replies":[{"embeddable":true,"href":"https:\/\/legrenierdelatour.be\/brocante\/wp-json\/wp\/v2\/comments?post=8779"}],"wp:featuredmedia":[{"embeddable":true,"href":"https:\/\/legrenierdelatour.be\/brocante\/wp-json\/wp\/v2\/media\/8765"}],"wp:attachment":[{"href":"https:\/\/legrenierdelatour.be\/brocante\/wp-json\/wp\/v2\/media?parent=8779"}],"wp:term":[{"taxonomy":"product_brand","embeddable":true,"href":"https:\/\/legrenierdelatour.be\/brocante\/wp-json\/wp\/v2\/product_brand?post=8779"},{"taxonomy":"product_cat","embeddable":true,"href":"https:\/\/legrenierdelatour.be\/brocante\/wp-json\/wp\/v2\/product_cat?post=8779"},{"taxonomy":"product_tag","embeddable":true,"href":"https:\/\/legrenierdelatour.be\/brocante\/wp-json\/wp\/v2\/product_tag?post=8779"}],"curies":[{"name":"wp","href":"https:\/\/api.w.org\/{rel}","templated":true}]}}