{"id":8739,"date":"2024-08-01T15:03:35","date_gmt":"2024-08-01T13:03:35","guid":{"rendered":"https:\/\/legrenierdelatour.be\/brocante\/?post_type=product&#038;p=8739"},"modified":"2024-08-01T15:03:35","modified_gmt":"2024-08-01T13:03:35","slug":"assiette-en-faience-fine-bernard-lammens-andenne-19e-siecle","status":"publish","type":"product","link":"https:\/\/legrenierdelatour.be\/brocante\/produit\/assiette-en-faience-fine-bernard-lammens-andenne-19e-siecle\/","title":{"rendered":"Assiette en fa\u00efence fine, Bernard Lammens Andenne, 19\u00e8 si\u00e8cle"},"content":{"rendered":"<p>Belle assiette en fa\u00efence fine (24 cm de diam\u00e8tre) d\u00e9cor\u00e9e d\u2019une spirale \u00e9toil\u00e9e. Elle porte la marque en creux \u00ab\u00a0BL\u00a0\u00bb, le monogramme de la fa\u00efencerie Bernard Lammens (1807-1823) \u00e0 Andenne. \u00a0L\u2019assiette date des ann\u00e9es 1807-1823. Cette assiette porte les traces d\u2019usures propres \u00e0 son \u00e2ge. D\u00e8s 1783, Andenne fabrique une fa\u00efence fine aux multiples influences. Au d\u00e9but du XX\u00e8 si\u00e8cle, des cr\u00e9ations en porcelaine aux lignes classiques ou originales sont propos\u00e9es. Le XX\u00e8 si\u00e8cle verra se d\u00e9velopper les gr\u00e8s artistiques d\u2019Arthur Craco, Henri Javaux,\u2026., des utilitaires et des produits r\u00e9fractaires.<\/p>\n<div>R\u00e9f 33.33<\/div>\n","protected":false},"excerpt":{"rendered":"<p>Belle assiette en fa\u00efence fine (24 cm de diam\u00e8tre) d\u00e9cor\u00e9e d\u2019une spirale \u00e9toil\u00e9e. Elle porte la marque en creux \u00ab\u00a0BL\u00a0\u00bb, le monogramme de la fa\u00efencerie Bernard Lammens (1807-1823) \u00e0 Andenne. \u00a0L\u2019assiette date des ann\u00e9es 1807-1823. Cette assiette porte les traces d\u2019usures propres \u00e0 son \u00e2ge. D\u00e8s 1783, Andenne fabrique une fa\u00efence fine aux multiples influences.&hellip;&nbsp;<a href=\"https:\/\/legrenierdelatour.be\/brocante\/produit\/assiette-en-faience-fine-bernard-lammens-andenne-19e-siecle\/\" class=\"\" rel=\"bookmark\">Lire la suite &raquo;<span class=\"screen-reader-text\">Assiette en fa\u00efence fine, Bernard Lammens Andenne, 19\u00e8 si\u00e8cle<\/span><\/a><\/p>\n","protected":false},"featured_media":8735,"comment_status":"open","ping_status":"closed","template":"","meta":{"neve_meta_sidebar":"","neve_meta_container":"","neve_meta_enable_content_width":"off","neve_meta_content_width":100,"neve_meta_title_alignment":"","neve_meta_author_avatar":"","neve_post_elements_order":"","neve_meta_disable_header":"","neve_meta_disable_footer":"","neve_meta_disable_title":""},"product_brand":[],"product_cat":[37,16],"product_tag":[],"class_list":{"0":"post-8739","1":"product","2":"type-product","3":"status-publish","4":"has-post-thumbnail","6":"product_cat-belgique","7":"product_cat-ceramique","9":"first","10":"instock","11":"shipping-taxable","12":"purchasable","13":"product-type-simple"},"_links":{"self":[{"href":"https:\/\/legrenierdelatour.be\/brocante\/wp-json\/wp\/v2\/product\/8739","targetHints":{"allow":["GET"]}}],"collection":[{"href":"https:\/\/legrenierdelatour.be\/brocante\/wp-json\/wp\/v2\/product"}],"about":[{"href":"https:\/\/legrenierdelatour.be\/brocante\/wp-json\/wp\/v2\/types\/product"}],"replies":[{"embeddable":true,"href":"https:\/\/legrenierdelatour.be\/brocante\/wp-json\/wp\/v2\/comments?post=8739"}],"wp:featuredmedia":[{"embeddable":true,"href":"https:\/\/legrenierdelatour.be\/brocante\/wp-json\/wp\/v2\/media\/8735"}],"wp:attachment":[{"href":"https:\/\/legrenierdelatour.be\/brocante\/wp-json\/wp\/v2\/media?parent=8739"}],"wp:term":[{"taxonomy":"product_brand","embeddable":true,"href":"https:\/\/legrenierdelatour.be\/brocante\/wp-json\/wp\/v2\/product_brand?post=8739"},{"taxonomy":"product_cat","embeddable":true,"href":"https:\/\/legrenierdelatour.be\/brocante\/wp-json\/wp\/v2\/product_cat?post=8739"},{"taxonomy":"product_tag","embeddable":true,"href":"https:\/\/legrenierdelatour.be\/brocante\/wp-json\/wp\/v2\/product_tag?post=8739"}],"curies":[{"name":"wp","href":"https:\/\/api.w.org\/{rel}","templated":true}]}}