{"id":8738,"date":"2024-07-31T19:08:43","date_gmt":"2024-07-31T17:08:43","guid":{"rendered":"https:\/\/legrenierdelatour.be\/brocante\/?post_type=product&#038;p=8738"},"modified":"2024-07-31T19:08:43","modified_gmt":"2024-07-31T17:08:43","slug":"assiette-faience-fine-guirlande-luxembourg-19e-siecle","status":"publish","type":"product","link":"https:\/\/legrenierdelatour.be\/brocante\/produit\/assiette-faience-fine-guirlande-luxembourg-19e-siecle\/","title":{"rendered":"Assiette fa\u00efence fine \u00ab\u00a0Guirlande\u00a0\u00bb, Luxembourg, 19\u00e8 si\u00e8cle"},"content":{"rendered":"<p>Belle assiette en fa\u00efence fine (24 cm de diam\u00e8tre) portant un d\u00e9cor de guirlandes. Le d\u00e9cor \u00e0 la guirlande est introduite vers 1790 pour se maintenir sous un aspect moins fin jusqu\u2019apr\u00e8s 1823. C\u2019est le style Louis XVI. Cette assiette porte la marque en creux \u00ab\u00a0N\u00b0.3. P.J.Boch \u00e0 Luxembourg HB\u00bb ainsi qu\u2019une marque bleue sous couvert. Cette marque est utilis\u00e9e de 1823 \u00e0 1838 et de 1844 \u00e0 1855 (Mar\u00efen-Dugardin, Fa\u00efences fines, p155). Les initiales plac\u00e9es dessous sont la marque de l\u2019ouvrier mouleur. La marque bleue est la marque de l\u2019ouvrier peintre. L\u2019assiette est dans un bel \u00e9tat compte tenu de son \u00e2ge.<\/p>\n<div>R\u00e9f 33.32<\/div>\n","protected":false},"excerpt":{"rendered":"<p>Belle assiette en fa\u00efence fine (24 cm de diam\u00e8tre) portant un d\u00e9cor de guirlandes. Le d\u00e9cor \u00e0 la guirlande est introduite vers 1790 pour se maintenir sous un aspect moins fin jusqu\u2019apr\u00e8s 1823. C\u2019est le style Louis XVI. Cette assiette porte la marque en creux \u00ab\u00a0N\u00b0.3. P.J.Boch \u00e0 Luxembourg HB\u00bb ainsi qu\u2019une marque bleue sous&hellip;&nbsp;<a href=\"https:\/\/legrenierdelatour.be\/brocante\/produit\/assiette-faience-fine-guirlande-luxembourg-19e-siecle\/\" class=\"\" rel=\"bookmark\">Lire la suite &raquo;<span class=\"screen-reader-text\">Assiette fa\u00efence fine \u00ab\u00a0Guirlande\u00a0\u00bb, Luxembourg, 19\u00e8 si\u00e8cle<\/span><\/a><\/p>\n","protected":false},"featured_media":8727,"comment_status":"open","ping_status":"closed","template":"","meta":{"neve_meta_sidebar":"","neve_meta_container":"","neve_meta_enable_content_width":"off","neve_meta_content_width":100,"neve_meta_title_alignment":"","neve_meta_author_avatar":"","neve_post_elements_order":"","neve_meta_disable_header":"","neve_meta_disable_footer":"","neve_meta_disable_title":""},"product_brand":[],"product_cat":[16,165],"product_tag":[],"class_list":{"0":"post-8738","1":"product","2":"type-product","3":"status-publish","4":"has-post-thumbnail","6":"product_cat-ceramique","7":"product_cat-luxembourg","9":"first","10":"instock","11":"shipping-taxable","12":"purchasable","13":"product-type-simple"},"_links":{"self":[{"href":"https:\/\/legrenierdelatour.be\/brocante\/wp-json\/wp\/v2\/product\/8738","targetHints":{"allow":["GET"]}}],"collection":[{"href":"https:\/\/legrenierdelatour.be\/brocante\/wp-json\/wp\/v2\/product"}],"about":[{"href":"https:\/\/legrenierdelatour.be\/brocante\/wp-json\/wp\/v2\/types\/product"}],"replies":[{"embeddable":true,"href":"https:\/\/legrenierdelatour.be\/brocante\/wp-json\/wp\/v2\/comments?post=8738"}],"wp:featuredmedia":[{"embeddable":true,"href":"https:\/\/legrenierdelatour.be\/brocante\/wp-json\/wp\/v2\/media\/8727"}],"wp:attachment":[{"href":"https:\/\/legrenierdelatour.be\/brocante\/wp-json\/wp\/v2\/media?parent=8738"}],"wp:term":[{"taxonomy":"product_brand","embeddable":true,"href":"https:\/\/legrenierdelatour.be\/brocante\/wp-json\/wp\/v2\/product_brand?post=8738"},{"taxonomy":"product_cat","embeddable":true,"href":"https:\/\/legrenierdelatour.be\/brocante\/wp-json\/wp\/v2\/product_cat?post=8738"},{"taxonomy":"product_tag","embeddable":true,"href":"https:\/\/legrenierdelatour.be\/brocante\/wp-json\/wp\/v2\/product_tag?post=8738"}],"curies":[{"name":"wp","href":"https:\/\/api.w.org\/{rel}","templated":true}]}}