{"id":8737,"date":"2024-07-31T18:50:10","date_gmt":"2024-07-31T16:50:10","guid":{"rendered":"https:\/\/legrenierdelatour.be\/brocante\/?post_type=product&#038;p=8737"},"modified":"2024-07-31T18:50:10","modified_gmt":"2024-07-31T16:50:10","slug":"assiette-en-faience-fine-luxembourg-18e","status":"publish","type":"product","link":"https:\/\/legrenierdelatour.be\/brocante\/produit\/assiette-en-faience-fine-luxembourg-18e\/","title":{"rendered":"Assiette en fa\u00efence fine, Luxembourg 18\u00e8"},"content":{"rendered":"<p>Belle assiette en fa\u00efence fine (24 cm de diam\u00e8tre) portant un d\u00e9cor \u00e0 la brindille (d\u00e9cor apparut vers 1782) de couleur cama\u00efeu bleu. Elle porte la marque de la manufacture de Boch \u00e0 Spetfontaines Luxembourg, datant sans doute du dernier quart du 18\u00e8 si\u00e8cle (d\u2019apr\u00e8s Mar\u00efen-Dugardin, Fa\u00efences fines, p 125). L\u2019assiette est en bon \u00e9tat compte tenu de son \u00e2ge.<\/p>\n<div>R\u00e9f 33.31<\/div>\n","protected":false},"excerpt":{"rendered":"<p>Belle assiette en fa\u00efence fine (24 cm de diam\u00e8tre) portant un d\u00e9cor \u00e0 la brindille (d\u00e9cor apparut vers 1782) de couleur cama\u00efeu bleu. Elle porte la marque de la manufacture de Boch \u00e0 Spetfontaines Luxembourg, datant sans doute du dernier quart du 18\u00e8 si\u00e8cle (d\u2019apr\u00e8s Mar\u00efen-Dugardin, Fa\u00efences fines, p 125). L\u2019assiette est en bon \u00e9tat&hellip;&nbsp;<a href=\"https:\/\/legrenierdelatour.be\/brocante\/produit\/assiette-en-faience-fine-luxembourg-18e\/\" class=\"\" rel=\"bookmark\">Lire la suite &raquo;<span class=\"screen-reader-text\">Assiette en fa\u00efence fine, Luxembourg 18\u00e8<\/span><\/a><\/p>\n","protected":false},"featured_media":8732,"comment_status":"open","ping_status":"closed","template":"","meta":{"neve_meta_sidebar":"","neve_meta_container":"","neve_meta_enable_content_width":"off","neve_meta_content_width":100,"neve_meta_title_alignment":"","neve_meta_author_avatar":"","neve_post_elements_order":"","neve_meta_disable_header":"","neve_meta_disable_footer":"","neve_meta_disable_title":""},"product_brand":[],"product_cat":[172,16,165,166],"product_tag":[],"class_list":{"0":"post-8737","1":"product","2":"type-product","3":"status-publish","4":"has-post-thumbnail","6":"product_cat-en-cuisine","7":"product_cat-ceramique","8":"product_cat-luxembourg","9":"product_cat-luxemburgensia-luxemburgensia","11":"first","12":"instock","13":"shipping-taxable","14":"purchasable","15":"product-type-simple"},"_links":{"self":[{"href":"https:\/\/legrenierdelatour.be\/brocante\/wp-json\/wp\/v2\/product\/8737","targetHints":{"allow":["GET"]}}],"collection":[{"href":"https:\/\/legrenierdelatour.be\/brocante\/wp-json\/wp\/v2\/product"}],"about":[{"href":"https:\/\/legrenierdelatour.be\/brocante\/wp-json\/wp\/v2\/types\/product"}],"replies":[{"embeddable":true,"href":"https:\/\/legrenierdelatour.be\/brocante\/wp-json\/wp\/v2\/comments?post=8737"}],"wp:featuredmedia":[{"embeddable":true,"href":"https:\/\/legrenierdelatour.be\/brocante\/wp-json\/wp\/v2\/media\/8732"}],"wp:attachment":[{"href":"https:\/\/legrenierdelatour.be\/brocante\/wp-json\/wp\/v2\/media?parent=8737"}],"wp:term":[{"taxonomy":"product_brand","embeddable":true,"href":"https:\/\/legrenierdelatour.be\/brocante\/wp-json\/wp\/v2\/product_brand?post=8737"},{"taxonomy":"product_cat","embeddable":true,"href":"https:\/\/legrenierdelatour.be\/brocante\/wp-json\/wp\/v2\/product_cat?post=8737"},{"taxonomy":"product_tag","embeddable":true,"href":"https:\/\/legrenierdelatour.be\/brocante\/wp-json\/wp\/v2\/product_tag?post=8737"}],"curies":[{"name":"wp","href":"https:\/\/api.w.org\/{rel}","templated":true}]}}