{"id":8722,"date":"2024-07-30T17:21:59","date_gmt":"2024-07-30T15:21:59","guid":{"rendered":"https:\/\/legrenierdelatour.be\/brocante\/?post_type=product&#038;p=8722"},"modified":"2024-07-30T17:21:59","modified_gmt":"2024-07-30T15:21:59","slug":"ensemble-de-toilette-verre-fume-art-deco","status":"publish","type":"product","link":"https:\/\/legrenierdelatour.be\/brocante\/produit\/ensemble-de-toilette-verre-fume-art-deco\/","title":{"rendered":"Ensemble de toilette, verre fum\u00e9, Art D\u00e9co"},"content":{"rendered":"<p>Ensemble de toilette en verre fum\u00e9, compos\u00e9 d\u2019un flacon de parfum, une bo\u00eete \u00e0 couvercle, un flacon avec boucon. L\u2019ensemble n\u2019est pas sign\u00e9 mais en parfait \u00e9tat. Il date sans doute des ann\u00e9es 1930.<\/p>\n<div>R\u00e9f 33.28<\/div>\n","protected":false},"excerpt":{"rendered":"<p>Ensemble de toilette en verre fum\u00e9, compos\u00e9 d\u2019un flacon de parfum, une bo\u00eete \u00e0 couvercle, un flacon avec boucon. L\u2019ensemble n\u2019est pas sign\u00e9 mais en parfait \u00e9tat. Il date sans doute des ann\u00e9es 1930. R\u00e9f 33.28<\/p>\n","protected":false},"featured_media":8723,"comment_status":"open","ping_status":"closed","template":"","meta":{"neve_meta_sidebar":"","neve_meta_container":"","neve_meta_enable_content_width":"off","neve_meta_content_width":100,"neve_meta_title_alignment":"","neve_meta_author_avatar":"","neve_post_elements_order":"","neve_meta_disable_header":"","neve_meta_disable_footer":"","neve_meta_disable_title":""},"product_brand":[],"product_cat":[160,22],"product_tag":[],"class_list":{"0":"post-8722","1":"product","2":"type-product","3":"status-publish","4":"has-post-thumbnail","6":"product_cat-la-mode","7":"product_cat-verrerie","9":"first","10":"instock","11":"shipping-taxable","12":"purchasable","13":"product-type-simple"},"_links":{"self":[{"href":"https:\/\/legrenierdelatour.be\/brocante\/wp-json\/wp\/v2\/product\/8722","targetHints":{"allow":["GET"]}}],"collection":[{"href":"https:\/\/legrenierdelatour.be\/brocante\/wp-json\/wp\/v2\/product"}],"about":[{"href":"https:\/\/legrenierdelatour.be\/brocante\/wp-json\/wp\/v2\/types\/product"}],"replies":[{"embeddable":true,"href":"https:\/\/legrenierdelatour.be\/brocante\/wp-json\/wp\/v2\/comments?post=8722"}],"wp:featuredmedia":[{"embeddable":true,"href":"https:\/\/legrenierdelatour.be\/brocante\/wp-json\/wp\/v2\/media\/8723"}],"wp:attachment":[{"href":"https:\/\/legrenierdelatour.be\/brocante\/wp-json\/wp\/v2\/media?parent=8722"}],"wp:term":[{"taxonomy":"product_brand","embeddable":true,"href":"https:\/\/legrenierdelatour.be\/brocante\/wp-json\/wp\/v2\/product_brand?post=8722"},{"taxonomy":"product_cat","embeddable":true,"href":"https:\/\/legrenierdelatour.be\/brocante\/wp-json\/wp\/v2\/product_cat?post=8722"},{"taxonomy":"product_tag","embeddable":true,"href":"https:\/\/legrenierdelatour.be\/brocante\/wp-json\/wp\/v2\/product_tag?post=8722"}],"curies":[{"name":"wp","href":"https:\/\/api.w.org\/{rel}","templated":true}]}}