{"id":8716,"date":"2024-07-30T14:06:44","date_gmt":"2024-07-30T12:06:44","guid":{"rendered":"https:\/\/legrenierdelatour.be\/brocante\/?post_type=product&#038;p=8716"},"modified":"2025-07-30T08:31:56","modified_gmt":"2025-07-30T06:31:56","slug":"carreau-nd-de-luxembourg-villeroy-boch-mettlach","status":"publish","type":"product","link":"https:\/\/legrenierdelatour.be\/brocante\/produit\/carreau-nd-de-luxembourg-villeroy-boch-mettlach\/","title":{"rendered":"Carreau ND de Luxembourg, Villeroy &#038; Boch Mettlach"},"content":{"rendered":"<p>Carreau de fa\u00efence (15 cm de c\u00f4t\u00e9) portant une repr\u00e9senatation de ND de Luxembourg. Il a \u00e9t\u00e9 produit par Villeroy&amp; Boch Mettlach.<\/p>\n<div>R\u00e9f 33.26<\/div>\n","protected":false},"excerpt":{"rendered":"<p>Carreau de fa\u00efence (15 cm de c\u00f4t\u00e9) portant une repr\u00e9senatation de ND de Luxembourg. Il a \u00e9t\u00e9 produit par Villeroy&amp; Boch Mettlach. R\u00e9f 33.26<\/p>\n","protected":false},"featured_media":8717,"comment_status":"open","ping_status":"closed","template":"","meta":{"neve_meta_sidebar":"","neve_meta_container":"","neve_meta_enable_content_width":"off","neve_meta_content_width":100,"neve_meta_title_alignment":"","neve_meta_author_avatar":"","neve_post_elements_order":"","neve_meta_disable_header":"","neve_meta_disable_footer":"","neve_meta_disable_title":""},"product_brand":[],"product_cat":[16,30,166,167,29],"product_tag":[],"class_list":{"0":"post-8716","1":"product","2":"type-product","3":"status-publish","4":"has-post-thumbnail","6":"product_cat-ceramique","7":"product_cat-luxemburgensia","8":"product_cat-luxemburgensia-luxemburgensia","9":"product_cat-peintures-et-sculptures","10":"product_cat-villeroy-boch","12":"first","13":"instock","14":"shipping-taxable","15":"purchasable","16":"product-type-simple"},"_links":{"self":[{"href":"https:\/\/legrenierdelatour.be\/brocante\/wp-json\/wp\/v2\/product\/8716","targetHints":{"allow":["GET"]}}],"collection":[{"href":"https:\/\/legrenierdelatour.be\/brocante\/wp-json\/wp\/v2\/product"}],"about":[{"href":"https:\/\/legrenierdelatour.be\/brocante\/wp-json\/wp\/v2\/types\/product"}],"replies":[{"embeddable":true,"href":"https:\/\/legrenierdelatour.be\/brocante\/wp-json\/wp\/v2\/comments?post=8716"}],"wp:featuredmedia":[{"embeddable":true,"href":"https:\/\/legrenierdelatour.be\/brocante\/wp-json\/wp\/v2\/media\/8717"}],"wp:attachment":[{"href":"https:\/\/legrenierdelatour.be\/brocante\/wp-json\/wp\/v2\/media?parent=8716"}],"wp:term":[{"taxonomy":"product_brand","embeddable":true,"href":"https:\/\/legrenierdelatour.be\/brocante\/wp-json\/wp\/v2\/product_brand?post=8716"},{"taxonomy":"product_cat","embeddable":true,"href":"https:\/\/legrenierdelatour.be\/brocante\/wp-json\/wp\/v2\/product_cat?post=8716"},{"taxonomy":"product_tag","embeddable":true,"href":"https:\/\/legrenierdelatour.be\/brocante\/wp-json\/wp\/v2\/product_tag?post=8716"}],"curies":[{"name":"wp","href":"https:\/\/api.w.org\/{rel}","templated":true}]}}