{"id":8706,"date":"2024-07-30T13:45:56","date_gmt":"2024-07-30T11:45:56","guid":{"rendered":"https:\/\/legrenierdelatour.be\/brocante\/?post_type=product&#038;p=8706"},"modified":"2026-03-15T14:41:30","modified_gmt":"2026-03-15T13:41:30","slug":"boite-en-metal-hexagonale-expo-58","status":"publish","type":"product","link":"https:\/\/legrenierdelatour.be\/brocante\/produit\/boite-en-metal-hexagonale-expo-58\/","title":{"rendered":"Bo\u00eete en m\u00e9tal hexagonale, Expo 58"},"content":{"rendered":"<p>Bo\u00eete en m\u00e9tal hexagonale avec couvercle (12 cm de diam\u00e8tre) produit pour les chocolats C\u00f4te d\u2019Or, lors de l\u2019Exposition universalle de Bruxelles en 1958. Elle est dans un bel \u00e9tat malgr\u00e9 son \u00e2ge.<\/p>\n<div>R\u00e9f 33.23<\/div>\n","protected":false},"excerpt":{"rendered":"<p>Bo\u00eete en m\u00e9tal hexagonale avec couvercle (12 cm de diam\u00e8tre) produit pour les chocolats C\u00f4te d\u2019Or, lors de l\u2019Exposition universalle de Bruxelles en 1958. Elle est dans un bel \u00e9tat malgr\u00e9 son \u00e2ge. R\u00e9f 33.23<\/p>\n","protected":false},"featured_media":8707,"comment_status":"open","ping_status":"closed","template":"","meta":{"neve_meta_sidebar":"","neve_meta_container":"","neve_meta_enable_content_width":"off","neve_meta_content_width":100,"neve_meta_title_alignment":"","neve_meta_author_avatar":"","neve_post_elements_order":"","neve_meta_disable_header":"","neve_meta_disable_footer":"","neve_meta_disable_title":""},"product_brand":[],"product_cat":[186,173],"product_tag":[],"class_list":{"0":"post-8706","1":"product","2":"type-product","3":"status-publish","4":"has-post-thumbnail","6":"product_cat-laiton","7":"product_cat-objets-de-publicite","9":"first","10":"outofstock","11":"shipping-taxable","12":"purchasable","13":"product-type-simple"},"_links":{"self":[{"href":"https:\/\/legrenierdelatour.be\/brocante\/wp-json\/wp\/v2\/product\/8706","targetHints":{"allow":["GET"]}}],"collection":[{"href":"https:\/\/legrenierdelatour.be\/brocante\/wp-json\/wp\/v2\/product"}],"about":[{"href":"https:\/\/legrenierdelatour.be\/brocante\/wp-json\/wp\/v2\/types\/product"}],"replies":[{"embeddable":true,"href":"https:\/\/legrenierdelatour.be\/brocante\/wp-json\/wp\/v2\/comments?post=8706"}],"wp:featuredmedia":[{"embeddable":true,"href":"https:\/\/legrenierdelatour.be\/brocante\/wp-json\/wp\/v2\/media\/8707"}],"wp:attachment":[{"href":"https:\/\/legrenierdelatour.be\/brocante\/wp-json\/wp\/v2\/media?parent=8706"}],"wp:term":[{"taxonomy":"product_brand","embeddable":true,"href":"https:\/\/legrenierdelatour.be\/brocante\/wp-json\/wp\/v2\/product_brand?post=8706"},{"taxonomy":"product_cat","embeddable":true,"href":"https:\/\/legrenierdelatour.be\/brocante\/wp-json\/wp\/v2\/product_cat?post=8706"},{"taxonomy":"product_tag","embeddable":true,"href":"https:\/\/legrenierdelatour.be\/brocante\/wp-json\/wp\/v2\/product_tag?post=8706"}],"curies":[{"name":"wp","href":"https:\/\/api.w.org\/{rel}","templated":true}]}}