{"id":8697,"date":"2024-07-30T12:52:55","date_gmt":"2024-07-30T10:52:55","guid":{"rendered":"https:\/\/legrenierdelatour.be\/brocante\/?post_type=product&#038;p=8697"},"modified":"2024-07-30T12:52:56","modified_gmt":"2024-07-30T10:52:56","slug":"lithophanie-en-porcelaine-jeux-denfants-19e-siecle","status":"publish","type":"product","link":"https:\/\/legrenierdelatour.be\/brocante\/produit\/lithophanie-en-porcelaine-jeux-denfants-19e-siecle\/","title":{"rendered":"Lithophanie en porcelaine \u00ab\u00a0Jeux d&rsquo;enfants\u00a0\u00bb, 19\u00e8 si\u00e8cle"},"content":{"rendered":"<p>Belle lithophanie (13&#215;11 cm) en porcelaine blanche. Elle est num\u00e9rot\u00e9e 1099 \u00e0 l&rsquo;arri\u00e8re. Il n\u2019y a pas de manufacture identifi\u00e9e. Elle est en parfait \u00e9tat. Cette lithophanie repr\u00e9sente une sc\u00e8ne de jeux d\u2019enfants. Elle date sans doute de la fin du 19\u00e8 si\u00e8cle.<\/p>\n<div><span style=\"color: #202122; font-family: sans-serif;\">\u00ab\u00a0\u00a0Une<\/span>\u00a0<b>lithophanie<\/b>\u00a0est une \u0153uvre grav\u00e9e ou moul\u00e9e en porcelaine tr\u00e8s fine et\u00a0<a title=\"Transparence (physique)\" href=\"https:\/\/fr.wikipedia.org\/wiki\/Transparence_(physique)\">translucide<\/a>\u00a0qui ne peut \u00eatre vue clairement que r\u00e9tro-\u00e9clair\u00e9e par une source de lumi\u00e8re. Il s&rsquo;agit d&rsquo;une repr\u00e9sentation ou une sc\u00e8ne en\u00a0<a title=\"Intaille\" href=\"https:\/\/fr.wikipedia.org\/wiki\/Intaille\">intaille<\/a>\u00a0qui appara\u00eet \u00ab\u00a0en\u00a0<a title=\"Grisaille\" href=\"https:\/\/fr.wikipedia.org\/wiki\/Grisaille\">grisaille<\/a>\u00a0\u00bb (en niveaux de gris).\u00a0Une lithophanie pr\u00e9sente une image en trois dimensions, compl\u00e8tement diff\u00e9rente des\u00a0<a class=\"mw-redirect\" title=\"Gravures\" href=\"https:\/\/fr.wikipedia.org\/wiki\/Gravures\">gravures<\/a>\u00a0en deux dimensions et des\u00a0<a title=\"Daguerr\u00e9otype\" href=\"https:\/\/fr.wikipedia.org\/wiki\/Daguerr%C3%A9otype\">daguerr\u00e9otypes<\/a>\u00a0qui sont \u00ab\u00a0\u00e0 plat\u00a0\u00bb. Les images modifient leurs caract\u00e9ristiques en fonction de la source lumineuse derri\u00e8re elles. Les sc\u00e8nes du panneau d&rsquo;une lithophanie fix\u00e9e \u00e0 une fen\u00eatre changent tout au long de la journ\u00e9e, selon la quantit\u00e9 de lumi\u00e8re du soleil. La source de lumi\u00e8re variable est ce qui rend les lithophanies plus int\u00e9ressantes pour l&rsquo;observateur que les images en deux dimensions.\u00a0\u00bb (Wikipedia)<\/div>\n<div>R\u00e9f 33.20<\/div>\n","protected":false},"excerpt":{"rendered":"<p>Belle lithophanie (13&#215;11 cm) en porcelaine blanche. Elle est num\u00e9rot\u00e9e 1099 \u00e0 l&rsquo;arri\u00e8re. Il n\u2019y a pas de manufacture identifi\u00e9e. Elle est en parfait \u00e9tat. Cette lithophanie repr\u00e9sente une sc\u00e8ne de jeux d\u2019enfants. Elle date sans doute de la fin du 19\u00e8 si\u00e8cle. \u00ab\u00a0\u00a0Une\u00a0lithophanie\u00a0est une \u0153uvre grav\u00e9e ou moul\u00e9e en porcelaine tr\u00e8s fine et\u00a0translucide\u00a0qui ne&hellip;&nbsp;<a href=\"https:\/\/legrenierdelatour.be\/brocante\/produit\/lithophanie-en-porcelaine-jeux-denfants-19e-siecle\/\" class=\"\" rel=\"bookmark\">Lire la suite &raquo;<span class=\"screen-reader-text\">Lithophanie en porcelaine \u00ab\u00a0Jeux d&rsquo;enfants\u00a0\u00bb, 19\u00e8 si\u00e8cle<\/span><\/a><\/p>\n","protected":false},"featured_media":8698,"comment_status":"open","ping_status":"closed","template":"","meta":{"neve_meta_sidebar":"","neve_meta_container":"","neve_meta_enable_content_width":"off","neve_meta_content_width":100,"neve_meta_title_alignment":"","neve_meta_author_avatar":"","neve_post_elements_order":"","neve_meta_disable_header":"","neve_meta_disable_footer":"","neve_meta_disable_title":""},"product_brand":[],"product_cat":[16,59,167],"product_tag":[],"class_list":{"0":"post-8697","1":"product","2":"type-product","3":"status-publish","4":"has-post-thumbnail","6":"product_cat-ceramique","7":"product_cat-france","8":"product_cat-peintures-et-sculptures","10":"first","11":"instock","12":"shipping-taxable","13":"purchasable","14":"product-type-simple"},"_links":{"self":[{"href":"https:\/\/legrenierdelatour.be\/brocante\/wp-json\/wp\/v2\/product\/8697","targetHints":{"allow":["GET"]}}],"collection":[{"href":"https:\/\/legrenierdelatour.be\/brocante\/wp-json\/wp\/v2\/product"}],"about":[{"href":"https:\/\/legrenierdelatour.be\/brocante\/wp-json\/wp\/v2\/types\/product"}],"replies":[{"embeddable":true,"href":"https:\/\/legrenierdelatour.be\/brocante\/wp-json\/wp\/v2\/comments?post=8697"}],"wp:featuredmedia":[{"embeddable":true,"href":"https:\/\/legrenierdelatour.be\/brocante\/wp-json\/wp\/v2\/media\/8698"}],"wp:attachment":[{"href":"https:\/\/legrenierdelatour.be\/brocante\/wp-json\/wp\/v2\/media?parent=8697"}],"wp:term":[{"taxonomy":"product_brand","embeddable":true,"href":"https:\/\/legrenierdelatour.be\/brocante\/wp-json\/wp\/v2\/product_brand?post=8697"},{"taxonomy":"product_cat","embeddable":true,"href":"https:\/\/legrenierdelatour.be\/brocante\/wp-json\/wp\/v2\/product_cat?post=8697"},{"taxonomy":"product_tag","embeddable":true,"href":"https:\/\/legrenierdelatour.be\/brocante\/wp-json\/wp\/v2\/product_tag?post=8697"}],"curies":[{"name":"wp","href":"https:\/\/api.w.org\/{rel}","templated":true}]}}