{"id":8687,"date":"2024-07-27T16:49:45","date_gmt":"2024-07-27T14:49:45","guid":{"rendered":"https:\/\/legrenierdelatour.be\/brocante\/?post_type=product&#038;p=8687"},"modified":"2024-07-27T16:49:46","modified_gmt":"2024-07-27T14:49:46","slug":"grand-globe-en-verre-opalin-au-sprizdekor","status":"publish","type":"product","link":"https:\/\/legrenierdelatour.be\/brocante\/produit\/grand-globe-en-verre-opalin-au-sprizdekor\/","title":{"rendered":"Grand globe en verre opalin au Sprizdekor"},"content":{"rendered":"<p>Grand globe suspension en verre opalin d\u00e9cor\u00e9 de motifs ann\u00e9es 30 en Spritzdekor. Il est pr\u00e9vu pour \u00eatre suspendu vers le bas. il est en parfait \u00e9tat et date sans doute des ann\u00e9es 1930-50. Les cha\u00eenes permettant de suspendre le globe ne sont pas pr\u00e9sentes.<\/p>\n<div>R\u00e9f 33.14<\/div>\n","protected":false},"excerpt":{"rendered":"<p>Grand globe suspension en verre opalin d\u00e9cor\u00e9 de motifs ann\u00e9es 30 en Spritzdekor. Il est pr\u00e9vu pour \u00eatre suspendu vers le bas. il est en parfait \u00e9tat et date sans doute des ann\u00e9es 1930-50. Les cha\u00eenes permettant de suspendre le globe ne sont pas pr\u00e9sentes. R\u00e9f 33.14<\/p>\n","protected":false},"featured_media":8688,"comment_status":"open","ping_status":"closed","template":"","meta":{"neve_meta_sidebar":"","neve_meta_container":"","neve_meta_enable_content_width":"off","neve_meta_content_width":100,"neve_meta_title_alignment":"","neve_meta_author_avatar":"","neve_post_elements_order":"","neve_meta_disable_header":"","neve_meta_disable_footer":"","neve_meta_disable_title":""},"product_brand":[],"product_cat":[24],"product_tag":[],"class_list":{"0":"post-8687","1":"product","2":"type-product","3":"status-publish","4":"has-post-thumbnail","6":"product_cat-luminaires","8":"first","9":"instock","10":"shipping-taxable","11":"purchasable","12":"product-type-simple"},"_links":{"self":[{"href":"https:\/\/legrenierdelatour.be\/brocante\/wp-json\/wp\/v2\/product\/8687","targetHints":{"allow":["GET"]}}],"collection":[{"href":"https:\/\/legrenierdelatour.be\/brocante\/wp-json\/wp\/v2\/product"}],"about":[{"href":"https:\/\/legrenierdelatour.be\/brocante\/wp-json\/wp\/v2\/types\/product"}],"replies":[{"embeddable":true,"href":"https:\/\/legrenierdelatour.be\/brocante\/wp-json\/wp\/v2\/comments?post=8687"}],"wp:featuredmedia":[{"embeddable":true,"href":"https:\/\/legrenierdelatour.be\/brocante\/wp-json\/wp\/v2\/media\/8688"}],"wp:attachment":[{"href":"https:\/\/legrenierdelatour.be\/brocante\/wp-json\/wp\/v2\/media?parent=8687"}],"wp:term":[{"taxonomy":"product_brand","embeddable":true,"href":"https:\/\/legrenierdelatour.be\/brocante\/wp-json\/wp\/v2\/product_brand?post=8687"},{"taxonomy":"product_cat","embeddable":true,"href":"https:\/\/legrenierdelatour.be\/brocante\/wp-json\/wp\/v2\/product_cat?post=8687"},{"taxonomy":"product_tag","embeddable":true,"href":"https:\/\/legrenierdelatour.be\/brocante\/wp-json\/wp\/v2\/product_tag?post=8687"}],"curies":[{"name":"wp","href":"https:\/\/api.w.org\/{rel}","templated":true}]}}