{"id":8684,"date":"2024-07-27T16:28:29","date_gmt":"2024-07-27T14:28:29","guid":{"rendered":"https:\/\/legrenierdelatour.be\/brocante\/?post_type=product&#038;p=8684"},"modified":"2024-07-27T16:28:29","modified_gmt":"2024-07-27T14:28:29","slug":"horloge-quartz-jaz-nomic","status":"publish","type":"product","link":"https:\/\/legrenierdelatour.be\/brocante\/produit\/horloge-quartz-jaz-nomic\/","title":{"rendered":"Horloge quartz Jaz, Nomic"},"content":{"rendered":"<p>Horloge quartz donnant l\u2019heure, le jour et la date, de marque Jaz, datant des ann\u00e9es 1970. Il s\u2019agit du mod\u00e8le Nomic (1978-1983). Elle est en bon \u00e9tat de fonctionnement.<\/p>\n<div>R\u00e9f 33.13<\/div>\n","protected":false},"excerpt":{"rendered":"<p>Horloge quartz donnant l\u2019heure, le jour et la date, de marque Jaz, datant des ann\u00e9es 1970. Il s\u2019agit du mod\u00e8le Nomic (1978-1983). Elle est en bon \u00e9tat de fonctionnement. R\u00e9f 33.13<\/p>\n","protected":false},"featured_media":8685,"comment_status":"open","ping_status":"closed","template":"","meta":{"neve_meta_sidebar":"","neve_meta_container":"","neve_meta_enable_content_width":"off","neve_meta_content_width":100,"neve_meta_title_alignment":"","neve_meta_author_avatar":"","neve_post_elements_order":"","neve_meta_disable_header":"","neve_meta_disable_footer":"","neve_meta_disable_title":""},"product_brand":[],"product_cat":[176],"product_tag":[28],"class_list":{"0":"post-8684","1":"product","2":"type-product","3":"status-publish","4":"has-post-thumbnail","6":"product_cat-horloges","7":"product_tag-vintage","9":"first","10":"instock","11":"shipping-taxable","12":"purchasable","13":"product-type-simple"},"_links":{"self":[{"href":"https:\/\/legrenierdelatour.be\/brocante\/wp-json\/wp\/v2\/product\/8684","targetHints":{"allow":["GET"]}}],"collection":[{"href":"https:\/\/legrenierdelatour.be\/brocante\/wp-json\/wp\/v2\/product"}],"about":[{"href":"https:\/\/legrenierdelatour.be\/brocante\/wp-json\/wp\/v2\/types\/product"}],"replies":[{"embeddable":true,"href":"https:\/\/legrenierdelatour.be\/brocante\/wp-json\/wp\/v2\/comments?post=8684"}],"wp:featuredmedia":[{"embeddable":true,"href":"https:\/\/legrenierdelatour.be\/brocante\/wp-json\/wp\/v2\/media\/8685"}],"wp:attachment":[{"href":"https:\/\/legrenierdelatour.be\/brocante\/wp-json\/wp\/v2\/media?parent=8684"}],"wp:term":[{"taxonomy":"product_brand","embeddable":true,"href":"https:\/\/legrenierdelatour.be\/brocante\/wp-json\/wp\/v2\/product_brand?post=8684"},{"taxonomy":"product_cat","embeddable":true,"href":"https:\/\/legrenierdelatour.be\/brocante\/wp-json\/wp\/v2\/product_cat?post=8684"},{"taxonomy":"product_tag","embeddable":true,"href":"https:\/\/legrenierdelatour.be\/brocante\/wp-json\/wp\/v2\/product_tag?post=8684"}],"curies":[{"name":"wp","href":"https:\/\/api.w.org\/{rel}","templated":true}]}}