{"id":8671,"date":"2024-07-26T18:01:10","date_gmt":"2024-07-26T16:01:10","guid":{"rendered":"https:\/\/legrenierdelatour.be\/brocante\/?post_type=product&#038;p=8671"},"modified":"2024-07-26T18:10:05","modified_gmt":"2024-07-26T16:10:05","slug":"photographie-eglise-st-martin-arlon","status":"publish","type":"product","link":"https:\/\/legrenierdelatour.be\/brocante\/produit\/photographie-eglise-st-martin-arlon\/","title":{"rendered":"Photographie Eglise St Martin Arlon"},"content":{"rendered":"<p>Photographie de Saint Martin \u00e0 Arlon (26&#215;20 cm cadre compris). Cette photographie est sign\u00e9e en bas \u00e0 gauche (non d\u00e9chiffr\u00e9e) et elle est annot\u00e9e \u00e0 l\u2019arri\u00e8re. Elle faisait partie de la collection Geubel d&rsquo;Arlon.<\/p>\n<div>R\u00e9f 21.57<\/div>\n","protected":false},"excerpt":{"rendered":"<p>Photographie de Saint Martin \u00e0 Arlon (26&#215;20 cm cadre compris). Cette photographie est sign\u00e9e en bas \u00e0 gauche (non d\u00e9chiffr\u00e9e) et elle est annot\u00e9e \u00e0 l\u2019arri\u00e8re. Elle faisait partie de la collection Geubel d&rsquo;Arlon. R\u00e9f 21.57<\/p>\n","protected":false},"featured_media":8672,"comment_status":"open","ping_status":"closed","template":"","meta":{"neve_meta_sidebar":"","neve_meta_container":"","neve_meta_enable_content_width":"off","neve_meta_content_width":100,"neve_meta_title_alignment":"","neve_meta_author_avatar":"","neve_post_elements_order":"","neve_meta_disable_header":"","neve_meta_disable_footer":"","neve_meta_disable_title":""},"product_brand":[],"product_cat":[30,31,167],"product_tag":[],"class_list":{"0":"post-8671","1":"product","2":"type-product","3":"status-publish","4":"has-post-thumbnail","6":"product_cat-luxemburgensia","7":"product_cat-pays-darlon","8":"product_cat-peintures-et-sculptures","10":"first","11":"instock","12":"shipping-taxable","13":"purchasable","14":"product-type-simple"},"_links":{"self":[{"href":"https:\/\/legrenierdelatour.be\/brocante\/wp-json\/wp\/v2\/product\/8671","targetHints":{"allow":["GET"]}}],"collection":[{"href":"https:\/\/legrenierdelatour.be\/brocante\/wp-json\/wp\/v2\/product"}],"about":[{"href":"https:\/\/legrenierdelatour.be\/brocante\/wp-json\/wp\/v2\/types\/product"}],"replies":[{"embeddable":true,"href":"https:\/\/legrenierdelatour.be\/brocante\/wp-json\/wp\/v2\/comments?post=8671"}],"wp:featuredmedia":[{"embeddable":true,"href":"https:\/\/legrenierdelatour.be\/brocante\/wp-json\/wp\/v2\/media\/8672"}],"wp:attachment":[{"href":"https:\/\/legrenierdelatour.be\/brocante\/wp-json\/wp\/v2\/media?parent=8671"}],"wp:term":[{"taxonomy":"product_brand","embeddable":true,"href":"https:\/\/legrenierdelatour.be\/brocante\/wp-json\/wp\/v2\/product_brand?post=8671"},{"taxonomy":"product_cat","embeddable":true,"href":"https:\/\/legrenierdelatour.be\/brocante\/wp-json\/wp\/v2\/product_cat?post=8671"},{"taxonomy":"product_tag","embeddable":true,"href":"https:\/\/legrenierdelatour.be\/brocante\/wp-json\/wp\/v2\/product_tag?post=8671"}],"curies":[{"name":"wp","href":"https:\/\/api.w.org\/{rel}","templated":true}]}}