{"id":8667,"date":"2024-07-21T18:08:52","date_gmt":"2024-07-21T16:08:52","guid":{"rendered":"https:\/\/legrenierdelatour.be\/brocante\/?post_type=product&#038;p=8667"},"modified":"2024-07-21T18:12:48","modified_gmt":"2024-07-21T16:12:48","slug":"carreau-pont-adolphe-a-luxembourg","status":"publish","type":"product","link":"https:\/\/legrenierdelatour.be\/brocante\/produit\/carreau-pont-adolphe-a-luxembourg\/","title":{"rendered":"Carreau \u00ab\u00a0Pont Adolphe \u00e0 Luxembourg\u00a0\u00bb"},"content":{"rendered":"<p>Carreau de fa\u00efence (15,5 cm de c\u00f4t\u00e9) portant une repr\u00e9sentation du Pont Adolphe \u00e0 Luxembourg. Ce carreau peut \u00eatre suspendu. Le dessin est sign\u00e9 et date sans doute des ann\u00e9es 1960.<\/p>\n<div>R\u00e9f 33.06<\/div>\n","protected":false},"excerpt":{"rendered":"<p>Carreau de fa\u00efence (15,5 cm de c\u00f4t\u00e9) portant une repr\u00e9sentation du Pont Adolphe \u00e0 Luxembourg. Ce carreau peut \u00eatre suspendu. Le dessin est sign\u00e9 et date sans doute des ann\u00e9es 1960. R\u00e9f 33.06<\/p>\n","protected":false},"featured_media":8661,"comment_status":"open","ping_status":"closed","template":"","meta":{"neve_meta_sidebar":"","neve_meta_container":"","neve_meta_enable_content_width":"off","neve_meta_content_width":100,"neve_meta_title_alignment":"","neve_meta_author_avatar":"","neve_post_elements_order":"","neve_meta_disable_header":"","neve_meta_disable_footer":"","neve_meta_disable_title":""},"product_brand":[],"product_cat":[16,30,166,167],"product_tag":[],"class_list":{"0":"post-8667","1":"product","2":"type-product","3":"status-publish","4":"has-post-thumbnail","6":"product_cat-ceramique","7":"product_cat-luxemburgensia","8":"product_cat-luxemburgensia-luxemburgensia","9":"product_cat-peintures-et-sculptures","11":"first","12":"instock","13":"shipping-taxable","14":"purchasable","15":"product-type-simple"},"_links":{"self":[{"href":"https:\/\/legrenierdelatour.be\/brocante\/wp-json\/wp\/v2\/product\/8667","targetHints":{"allow":["GET"]}}],"collection":[{"href":"https:\/\/legrenierdelatour.be\/brocante\/wp-json\/wp\/v2\/product"}],"about":[{"href":"https:\/\/legrenierdelatour.be\/brocante\/wp-json\/wp\/v2\/types\/product"}],"replies":[{"embeddable":true,"href":"https:\/\/legrenierdelatour.be\/brocante\/wp-json\/wp\/v2\/comments?post=8667"}],"wp:featuredmedia":[{"embeddable":true,"href":"https:\/\/legrenierdelatour.be\/brocante\/wp-json\/wp\/v2\/media\/8661"}],"wp:attachment":[{"href":"https:\/\/legrenierdelatour.be\/brocante\/wp-json\/wp\/v2\/media?parent=8667"}],"wp:term":[{"taxonomy":"product_brand","embeddable":true,"href":"https:\/\/legrenierdelatour.be\/brocante\/wp-json\/wp\/v2\/product_brand?post=8667"},{"taxonomy":"product_cat","embeddable":true,"href":"https:\/\/legrenierdelatour.be\/brocante\/wp-json\/wp\/v2\/product_cat?post=8667"},{"taxonomy":"product_tag","embeddable":true,"href":"https:\/\/legrenierdelatour.be\/brocante\/wp-json\/wp\/v2\/product_tag?post=8667"}],"curies":[{"name":"wp","href":"https:\/\/api.w.org\/{rel}","templated":true}]}}