{"id":8647,"date":"2024-07-21T16:07:52","date_gmt":"2024-07-21T14:07:52","guid":{"rendered":"https:\/\/legrenierdelatour.be\/brocante\/?post_type=product&#038;p=8647"},"modified":"2024-07-21T16:09:51","modified_gmt":"2024-07-21T14:09:51","slug":"textile-showa-kuba-congo","status":"publish","type":"product","link":"https:\/\/legrenierdelatour.be\/brocante\/produit\/textile-showa-kuba-congo\/","title":{"rendered":"Textile Showa Kuba, Congo, Velours du Kasa\u00ef"},"content":{"rendered":"<div>Pi\u00e8ce de textile (65&#215;54 cm) Kuba en raphia du Congo (R\u00e9publique D\u00e9mocratique du Congo). Les textiles Kuba (qui signifie \u00ab\u00a0\u00e9clair\u00a0\u00bb en r\u00e9f\u00e9rence aux lames utilis\u00e9es par guerriers Kuba) ont \u00e9t\u00e9 produits par les Showa, un sous-groupe ethnique. Originaires du 17\u00e8 si\u00e8cle dans le royaume Kuba, ils sont uniques gr\u00e2ce \u00e0 leur \u00e9laboration et la complexit\u00e9 de leur conception. Les hommes tissaient \u00a0et les femmes brodaient. Les fils \u00e0 broder \u00e9taient \u00e9galement en fibres de feuilles de palmier (plus tardivement en raphia) dont les tiges \u00e9taient coup\u00e9es tr\u00e8s court, donnant un aspect de velours. Ces tissus tr\u00e8s lourds n\u2019\u00e9taient pas destin\u00e9s \u00e0 \u00eatre port\u00e9s, mais servaient de tapis, couverturede prestige, et les chutes de monnaie.<\/div>\n<div>R\u00e9f 33.01<\/div>\n","protected":false},"excerpt":{"rendered":"<p>Pi\u00e8ce de textile (65&#215;54 cm) Kuba en raphia du Congo (R\u00e9publique D\u00e9mocratique du Congo). Les textiles Kuba (qui signifie \u00ab\u00a0\u00e9clair\u00a0\u00bb en r\u00e9f\u00e9rence aux lames utilis\u00e9es par guerriers Kuba) ont \u00e9t\u00e9 produits par les Showa, un sous-groupe ethnique. Originaires du 17\u00e8 si\u00e8cle dans le royaume Kuba, ils sont uniques gr\u00e2ce \u00e0 leur \u00e9laboration et la complexit\u00e9&hellip;&nbsp;<a href=\"https:\/\/legrenierdelatour.be\/brocante\/produit\/textile-showa-kuba-congo\/\" class=\"\" rel=\"bookmark\">Lire la suite &raquo;<span class=\"screen-reader-text\">Textile Showa Kuba, Congo, Velours du Kasa\u00ef<\/span><\/a><\/p>\n","protected":false},"featured_media":8648,"comment_status":"open","ping_status":"closed","template":"","meta":{"neve_meta_sidebar":"","neve_meta_container":"","neve_meta_enable_content_width":"off","neve_meta_content_width":100,"neve_meta_title_alignment":"","neve_meta_author_avatar":"","neve_post_elements_order":"","neve_meta_disable_header":"","neve_meta_disable_footer":"","neve_meta_disable_title":""},"product_brand":[],"product_cat":[167],"product_tag":[],"class_list":{"0":"post-8647","1":"product","2":"type-product","3":"status-publish","4":"has-post-thumbnail","6":"product_cat-peintures-et-sculptures","8":"first","9":"instock","10":"shipping-taxable","11":"purchasable","12":"product-type-simple"},"_links":{"self":[{"href":"https:\/\/legrenierdelatour.be\/brocante\/wp-json\/wp\/v2\/product\/8647","targetHints":{"allow":["GET"]}}],"collection":[{"href":"https:\/\/legrenierdelatour.be\/brocante\/wp-json\/wp\/v2\/product"}],"about":[{"href":"https:\/\/legrenierdelatour.be\/brocante\/wp-json\/wp\/v2\/types\/product"}],"replies":[{"embeddable":true,"href":"https:\/\/legrenierdelatour.be\/brocante\/wp-json\/wp\/v2\/comments?post=8647"}],"wp:featuredmedia":[{"embeddable":true,"href":"https:\/\/legrenierdelatour.be\/brocante\/wp-json\/wp\/v2\/media\/8648"}],"wp:attachment":[{"href":"https:\/\/legrenierdelatour.be\/brocante\/wp-json\/wp\/v2\/media?parent=8647"}],"wp:term":[{"taxonomy":"product_brand","embeddable":true,"href":"https:\/\/legrenierdelatour.be\/brocante\/wp-json\/wp\/v2\/product_brand?post=8647"},{"taxonomy":"product_cat","embeddable":true,"href":"https:\/\/legrenierdelatour.be\/brocante\/wp-json\/wp\/v2\/product_cat?post=8647"},{"taxonomy":"product_tag","embeddable":true,"href":"https:\/\/legrenierdelatour.be\/brocante\/wp-json\/wp\/v2\/product_tag?post=8647"}],"curies":[{"name":"wp","href":"https:\/\/api.w.org\/{rel}","templated":true}]}}