{"id":8641,"date":"2024-07-20T19:02:15","date_gmt":"2024-07-20T17:02:15","guid":{"rendered":"https:\/\/legrenierdelatour.be\/brocante\/?post_type=product&#038;p=8641"},"modified":"2024-07-20T19:02:15","modified_gmt":"2024-07-20T17:02:15","slug":"christ-en-croix-roger-guerin-bouffioulx","status":"publish","type":"product","link":"https:\/\/legrenierdelatour.be\/brocante\/produit\/christ-en-croix-roger-guerin-bouffioulx\/","title":{"rendered":"Christ en croix Roger Guerin, Bouffioulx"},"content":{"rendered":"<p>Christ en croix en fa\u00efence (24&#215;23 cm) issu de la manufacture Bouffioulx, une r\u00e9alisation Roger Gu\u00e9rin (c\u00e9ramiste belge 1896-1954 Art D\u00e9co). Le Christ est en bon \u00e9tat et porte \u00e0 l\u2019arri\u00e8re L12 en creux.<\/p>\n<div>R\u00e9f 32.97<\/div>\n","protected":false},"excerpt":{"rendered":"<p>Christ en croix en fa\u00efence (24&#215;23 cm) issu de la manufacture Bouffioulx, une r\u00e9alisation Roger Gu\u00e9rin (c\u00e9ramiste belge 1896-1954 Art D\u00e9co). Le Christ est en bon \u00e9tat et porte \u00e0 l\u2019arri\u00e8re L12 en creux. R\u00e9f 32.97<\/p>\n","protected":false},"featured_media":8642,"comment_status":"open","ping_status":"closed","template":"","meta":{"neve_meta_sidebar":"","neve_meta_container":"","neve_meta_enable_content_width":"off","neve_meta_content_width":100,"neve_meta_title_alignment":"","neve_meta_author_avatar":"","neve_post_elements_order":"","neve_meta_disable_header":"","neve_meta_disable_footer":"","neve_meta_disable_title":""},"product_brand":[],"product_cat":[37,16,167,34],"product_tag":[],"class_list":{"0":"post-8641","1":"product","2":"type-product","3":"status-publish","4":"has-post-thumbnail","6":"product_cat-belgique","7":"product_cat-ceramique","8":"product_cat-peintures-et-sculptures","9":"product_cat-religiosa","11":"first","12":"instock","13":"shipping-taxable","14":"purchasable","15":"product-type-simple"},"_links":{"self":[{"href":"https:\/\/legrenierdelatour.be\/brocante\/wp-json\/wp\/v2\/product\/8641","targetHints":{"allow":["GET"]}}],"collection":[{"href":"https:\/\/legrenierdelatour.be\/brocante\/wp-json\/wp\/v2\/product"}],"about":[{"href":"https:\/\/legrenierdelatour.be\/brocante\/wp-json\/wp\/v2\/types\/product"}],"replies":[{"embeddable":true,"href":"https:\/\/legrenierdelatour.be\/brocante\/wp-json\/wp\/v2\/comments?post=8641"}],"wp:featuredmedia":[{"embeddable":true,"href":"https:\/\/legrenierdelatour.be\/brocante\/wp-json\/wp\/v2\/media\/8642"}],"wp:attachment":[{"href":"https:\/\/legrenierdelatour.be\/brocante\/wp-json\/wp\/v2\/media?parent=8641"}],"wp:term":[{"taxonomy":"product_brand","embeddable":true,"href":"https:\/\/legrenierdelatour.be\/brocante\/wp-json\/wp\/v2\/product_brand?post=8641"},{"taxonomy":"product_cat","embeddable":true,"href":"https:\/\/legrenierdelatour.be\/brocante\/wp-json\/wp\/v2\/product_cat?post=8641"},{"taxonomy":"product_tag","embeddable":true,"href":"https:\/\/legrenierdelatour.be\/brocante\/wp-json\/wp\/v2\/product_tag?post=8641"}],"curies":[{"name":"wp","href":"https:\/\/api.w.org\/{rel}","templated":true}]}}