{"id":8635,"date":"2024-07-19T14:44:51","date_gmt":"2024-07-19T12:44:51","guid":{"rendered":"https:\/\/legrenierdelatour.be\/brocante\/?post_type=product&#038;p=8635"},"modified":"2024-07-19T14:44:51","modified_gmt":"2024-07-19T12:44:51","slug":"peinture-bois-en-fevrier-jeanne-even","status":"publish","type":"product","link":"https:\/\/legrenierdelatour.be\/brocante\/produit\/peinture-bois-en-fevrier-jeanne-even\/","title":{"rendered":"Peinture \u00ab\u00a0Bois en f\u00e9vrier\u00a0\u00bb, Jeanne Even"},"content":{"rendered":"<p>Belle peinture \u00e0 l\u2019huile sur toile (41&#215;33 cm cadre non compris) repr\u00e9sentant un \u00ab\u00a0Bois en f\u00e9vrier\u00a0\u00bb sign\u00e9e Jeanne Even en bas \u00e0 droite. La peinture est encadr\u00e9e par G. Glaudot de Virton. Cette peinture date sans doute de la fin du 20\u00e8 si\u00e8cle.<\/p>\n<div>R\u00e9f 32.90<\/div>\n","protected":false},"excerpt":{"rendered":"<p>Belle peinture \u00e0 l\u2019huile sur toile (41&#215;33 cm cadre non compris) repr\u00e9sentant un \u00ab\u00a0Bois en f\u00e9vrier\u00a0\u00bb sign\u00e9e Jeanne Even en bas \u00e0 droite. La peinture est encadr\u00e9e par G. Glaudot de Virton. Cette peinture date sans doute de la fin du 20\u00e8 si\u00e8cle. R\u00e9f 32.90<\/p>\n","protected":false},"featured_media":8627,"comment_status":"open","ping_status":"closed","template":"","meta":{"neve_meta_sidebar":"","neve_meta_container":"","neve_meta_enable_content_width":"off","neve_meta_content_width":100,"neve_meta_title_alignment":"","neve_meta_author_avatar":"","neve_post_elements_order":"","neve_meta_disable_header":"","neve_meta_disable_footer":"","neve_meta_disable_title":""},"product_brand":[],"product_cat":[30,31,167],"product_tag":[],"class_list":{"0":"post-8635","1":"product","2":"type-product","3":"status-publish","4":"has-post-thumbnail","6":"product_cat-luxemburgensia","7":"product_cat-pays-darlon","8":"product_cat-peintures-et-sculptures","10":"first","11":"instock","12":"shipping-taxable","13":"purchasable","14":"product-type-simple"},"_links":{"self":[{"href":"https:\/\/legrenierdelatour.be\/brocante\/wp-json\/wp\/v2\/product\/8635","targetHints":{"allow":["GET"]}}],"collection":[{"href":"https:\/\/legrenierdelatour.be\/brocante\/wp-json\/wp\/v2\/product"}],"about":[{"href":"https:\/\/legrenierdelatour.be\/brocante\/wp-json\/wp\/v2\/types\/product"}],"replies":[{"embeddable":true,"href":"https:\/\/legrenierdelatour.be\/brocante\/wp-json\/wp\/v2\/comments?post=8635"}],"wp:featuredmedia":[{"embeddable":true,"href":"https:\/\/legrenierdelatour.be\/brocante\/wp-json\/wp\/v2\/media\/8627"}],"wp:attachment":[{"href":"https:\/\/legrenierdelatour.be\/brocante\/wp-json\/wp\/v2\/media?parent=8635"}],"wp:term":[{"taxonomy":"product_brand","embeddable":true,"href":"https:\/\/legrenierdelatour.be\/brocante\/wp-json\/wp\/v2\/product_brand?post=8635"},{"taxonomy":"product_cat","embeddable":true,"href":"https:\/\/legrenierdelatour.be\/brocante\/wp-json\/wp\/v2\/product_cat?post=8635"},{"taxonomy":"product_tag","embeddable":true,"href":"https:\/\/legrenierdelatour.be\/brocante\/wp-json\/wp\/v2\/product_tag?post=8635"}],"curies":[{"name":"wp","href":"https:\/\/api.w.org\/{rel}","templated":true}]}}