{"id":8623,"date":"2024-07-19T14:12:09","date_gmt":"2024-07-19T12:12:09","guid":{"rendered":"https:\/\/legrenierdelatour.be\/brocante\/?post_type=product&#038;p=8623"},"modified":"2026-03-11T15:19:45","modified_gmt":"2026-03-11T14:19:45","slug":"assiette-st-donat-c-barthelemy-villeroy-boch","status":"publish","type":"product","link":"https:\/\/legrenierdelatour.be\/brocante\/produit\/assiette-st-donat-c-barthelemy-villeroy-boch\/","title":{"rendered":"Assiette St Donat, C. Barth\u00e9l\u00e9my, Villeroy &#038; Boch"},"content":{"rendered":"<p>Assiette d\u00e9corative (24 cm) avec une repr\u00e9sentation de l&rsquo;\u00e9glise Saint Donat d&rsquo;apr\u00e8s une gravure de Camille Barth\u00e9l\u00e9my (1890-1961) produite par Villeroy &amp; Boch Luxembourg. Elle porte les dates de 1626 (ann\u00e9e de construction), 1654 (face aux menaces des conflits entre la France et l\u2019Espagne, la ville d\u2019Arlon choisit de se placer sous la protection de la Vierge Marie (<em>Regina Pacis<\/em>), 1758 et 1826 (la Knippchen est \u00e9rig\u00e9e en paroisse sous la protection de St Donat).<\/p>\n<p>Deux exemplaires disponibles<\/p>\n<p>R\u00e9f 32.88<\/p>\n","protected":false},"excerpt":{"rendered":"<p>Assiette d\u00e9corative (24 cm) avec une repr\u00e9sentation de l&rsquo;\u00e9glise Saint Donat d&rsquo;apr\u00e8s une gravure de Camille Barth\u00e9l\u00e9my (1890-1961) produite par Villeroy &amp; Boch Luxembourg. Elle porte les dates de 1626 (ann\u00e9e de construction), 1654 (face aux menaces des conflits entre la France et l\u2019Espagne, la ville d\u2019Arlon choisit de se placer sous la protection de&hellip;&nbsp;<a href=\"https:\/\/legrenierdelatour.be\/brocante\/produit\/assiette-st-donat-c-barthelemy-villeroy-boch\/\" class=\"\" rel=\"bookmark\">Lire la suite &raquo;<span class=\"screen-reader-text\">Assiette St Donat, C. Barth\u00e9l\u00e9my, Villeroy &#038; Boch<\/span><\/a><\/p>\n","protected":false},"featured_media":8624,"comment_status":"open","ping_status":"closed","template":"","meta":{"neve_meta_sidebar":"","neve_meta_container":"","neve_meta_enable_content_width":"off","neve_meta_content_width":100,"neve_meta_title_alignment":"","neve_meta_author_avatar":"","neve_post_elements_order":"","neve_meta_disable_header":"","neve_meta_disable_footer":"","neve_meta_disable_title":""},"product_brand":[],"product_cat":[16,165,30,31,167,29],"product_tag":[],"class_list":{"0":"post-8623","1":"product","2":"type-product","3":"status-publish","4":"has-post-thumbnail","6":"product_cat-ceramique","7":"product_cat-luxembourg","8":"product_cat-luxemburgensia","9":"product_cat-pays-darlon","10":"product_cat-peintures-et-sculptures","11":"product_cat-villeroy-boch","13":"first","14":"instock","15":"shipping-taxable","16":"purchasable","17":"product-type-simple"},"_links":{"self":[{"href":"https:\/\/legrenierdelatour.be\/brocante\/wp-json\/wp\/v2\/product\/8623","targetHints":{"allow":["GET"]}}],"collection":[{"href":"https:\/\/legrenierdelatour.be\/brocante\/wp-json\/wp\/v2\/product"}],"about":[{"href":"https:\/\/legrenierdelatour.be\/brocante\/wp-json\/wp\/v2\/types\/product"}],"replies":[{"embeddable":true,"href":"https:\/\/legrenierdelatour.be\/brocante\/wp-json\/wp\/v2\/comments?post=8623"}],"wp:featuredmedia":[{"embeddable":true,"href":"https:\/\/legrenierdelatour.be\/brocante\/wp-json\/wp\/v2\/media\/8624"}],"wp:attachment":[{"href":"https:\/\/legrenierdelatour.be\/brocante\/wp-json\/wp\/v2\/media?parent=8623"}],"wp:term":[{"taxonomy":"product_brand","embeddable":true,"href":"https:\/\/legrenierdelatour.be\/brocante\/wp-json\/wp\/v2\/product_brand?post=8623"},{"taxonomy":"product_cat","embeddable":true,"href":"https:\/\/legrenierdelatour.be\/brocante\/wp-json\/wp\/v2\/product_cat?post=8623"},{"taxonomy":"product_tag","embeddable":true,"href":"https:\/\/legrenierdelatour.be\/brocante\/wp-json\/wp\/v2\/product_tag?post=8623"}],"curies":[{"name":"wp","href":"https:\/\/api.w.org\/{rel}","templated":true}]}}