{"id":861,"date":"2022-03-17T14:03:42","date_gmt":"2022-03-17T13:03:42","guid":{"rendered":"https:\/\/legrenierdelatour.be\/brocante\/?post_type=product&#038;p=861"},"modified":"2022-05-19T16:47:01","modified_gmt":"2022-05-19T14:47:01","slug":"assiettes-di-elwenter-troisvierges-villeroy-boch","status":"publish","type":"product","link":"https:\/\/legrenierdelatour.be\/brocante\/produit\/assiettes-di-elwenter-troisvierges-villeroy-boch\/","title":{"rendered":"Assiettes \u00ab\u00a0Di Elwenter\u00a0\u00bb Troisvierges Villeroy &#038; Boch"},"content":{"rendered":"<p>Deux petites assiettes (12 cm diam\u00e8tre) \u00e9dit\u00e9es par \u00ab\u00a0Les Amis de Troisvierges\u00a0\u00bb pour leur 20\u00e9me anniversaire (1966-1986) et produites par Villeroy &amp; Boch Luxembourg en 1986. \u00a0Les repr\u00e9sentations de deux \u00e9glises de la commune (dont l&rsquo;\u00e9glise Saint Andr\u00e9 de Troisvierges) sont sign\u00e9es (non lisible mais peut-\u00eatre Schiltz?) et dat\u00e9es de 1986. Les assiettes sont encore dans leur bo\u00eete d&rsquo;origine.<\/p>\n<div>R\u00e9f 9.72<\/div>\n","protected":false},"excerpt":{"rendered":"<p>Deux petites assiettes (12 cm diam\u00e8tre) \u00e9dit\u00e9es par \u00ab\u00a0Les Amis de Troisvierges\u00a0\u00bb pour leur 20\u00e9me anniversaire (1966-1986) et produites par Villeroy &amp; Boch Luxembourg en 1986. \u00a0Les repr\u00e9sentations de deux \u00e9glises de la commune (dont l&rsquo;\u00e9glise Saint Andr\u00e9 de Troisvierges) sont sign\u00e9es (non lisible mais peut-\u00eatre Schiltz?) et dat\u00e9es de 1986. Les assiettes sont encore&hellip;&nbsp;<a href=\"https:\/\/legrenierdelatour.be\/brocante\/produit\/assiettes-di-elwenter-troisvierges-villeroy-boch\/\" class=\"\" rel=\"bookmark\">Lire la suite &raquo;<span class=\"screen-reader-text\">Assiettes \u00ab\u00a0Di Elwenter\u00a0\u00bb Troisvierges Villeroy &#038; Boch<\/span><\/a><\/p>\n","protected":false},"featured_media":862,"comment_status":"open","ping_status":"closed","template":"","meta":{"neve_meta_sidebar":"","neve_meta_container":"","neve_meta_enable_content_width":"off","neve_meta_content_width":100,"neve_meta_title_alignment":"","neve_meta_author_avatar":"","neve_post_elements_order":"","neve_meta_disable_header":"","neve_meta_disable_footer":"","neve_meta_disable_title":""},"product_brand":[],"product_cat":[16,165,30,166,29],"product_tag":[19,83,32],"class_list":{"0":"post-861","1":"product","2":"type-product","3":"status-publish","4":"has-post-thumbnail","6":"product_cat-ceramique","7":"product_cat-luxembourg","8":"product_cat-luxemburgensia","9":"product_cat-luxemburgensia-luxemburgensia","10":"product_cat-villeroy-boch","11":"product_tag-faience","12":"product_tag-luxemburgensia","13":"product_tag-villeroy-et-boch","15":"first","16":"instock","17":"shipping-taxable","18":"purchasable","19":"product-type-simple"},"_links":{"self":[{"href":"https:\/\/legrenierdelatour.be\/brocante\/wp-json\/wp\/v2\/product\/861","targetHints":{"allow":["GET"]}}],"collection":[{"href":"https:\/\/legrenierdelatour.be\/brocante\/wp-json\/wp\/v2\/product"}],"about":[{"href":"https:\/\/legrenierdelatour.be\/brocante\/wp-json\/wp\/v2\/types\/product"}],"replies":[{"embeddable":true,"href":"https:\/\/legrenierdelatour.be\/brocante\/wp-json\/wp\/v2\/comments?post=861"}],"wp:featuredmedia":[{"embeddable":true,"href":"https:\/\/legrenierdelatour.be\/brocante\/wp-json\/wp\/v2\/media\/862"}],"wp:attachment":[{"href":"https:\/\/legrenierdelatour.be\/brocante\/wp-json\/wp\/v2\/media?parent=861"}],"wp:term":[{"taxonomy":"product_brand","embeddable":true,"href":"https:\/\/legrenierdelatour.be\/brocante\/wp-json\/wp\/v2\/product_brand?post=861"},{"taxonomy":"product_cat","embeddable":true,"href":"https:\/\/legrenierdelatour.be\/brocante\/wp-json\/wp\/v2\/product_cat?post=861"},{"taxonomy":"product_tag","embeddable":true,"href":"https:\/\/legrenierdelatour.be\/brocante\/wp-json\/wp\/v2\/product_tag?post=861"}],"curies":[{"name":"wp","href":"https:\/\/api.w.org\/{rel}","templated":true}]}}