{"id":8608,"date":"2024-07-16T18:20:02","date_gmt":"2024-07-16T16:20:02","guid":{"rendered":"https:\/\/legrenierdelatour.be\/brocante\/?post_type=product&#038;p=8608"},"modified":"2024-07-16T18:20:02","modified_gmt":"2024-07-16T16:20:02","slug":"flacon-de-toilette-karl-palda-tchequie","status":"publish","type":"product","link":"https:\/\/legrenierdelatour.be\/brocante\/produit\/flacon-de-toilette-karl-palda-tchequie\/","title":{"rendered":"Flacon de toilette, Karl Palda, Tchequie"},"content":{"rendered":"<p>Flacon avec bouchon (12 cm de haut bouchon compris) en cristal. Il a sans doute \u00e9t\u00e9 cr\u00e9\u00e9 dans les ateliers de Karl Palda, designer tch\u00e8que. Dans le style Art d\u00e9co, il date sans doute des ann\u00e9es 1930. Il pr\u00e9sente quelques coups minimes non visibles.<\/p>\n<div>R\u00e9f 32.81<\/div>\n","protected":false},"excerpt":{"rendered":"<p>Flacon avec bouchon (12 cm de haut bouchon compris) en cristal. Il a sans doute \u00e9t\u00e9 cr\u00e9\u00e9 dans les ateliers de Karl Palda, designer tch\u00e8que. Dans le style Art d\u00e9co, il date sans doute des ann\u00e9es 1930. Il pr\u00e9sente quelques coups minimes non visibles. R\u00e9f 32.81<\/p>\n","protected":false},"featured_media":8611,"comment_status":"open","ping_status":"closed","template":"","meta":{"neve_meta_sidebar":"","neve_meta_container":"","neve_meta_enable_content_width":"off","neve_meta_content_width":100,"neve_meta_title_alignment":"","neve_meta_author_avatar":"","neve_post_elements_order":"","neve_meta_disable_header":"","neve_meta_disable_footer":"","neve_meta_disable_title":""},"product_brand":[],"product_cat":[22],"product_tag":[],"class_list":{"0":"post-8608","1":"product","2":"type-product","3":"status-publish","4":"has-post-thumbnail","6":"product_cat-verrerie","8":"first","9":"instock","10":"shipping-taxable","11":"purchasable","12":"product-type-simple"},"_links":{"self":[{"href":"https:\/\/legrenierdelatour.be\/brocante\/wp-json\/wp\/v2\/product\/8608","targetHints":{"allow":["GET"]}}],"collection":[{"href":"https:\/\/legrenierdelatour.be\/brocante\/wp-json\/wp\/v2\/product"}],"about":[{"href":"https:\/\/legrenierdelatour.be\/brocante\/wp-json\/wp\/v2\/types\/product"}],"replies":[{"embeddable":true,"href":"https:\/\/legrenierdelatour.be\/brocante\/wp-json\/wp\/v2\/comments?post=8608"}],"wp:featuredmedia":[{"embeddable":true,"href":"https:\/\/legrenierdelatour.be\/brocante\/wp-json\/wp\/v2\/media\/8611"}],"wp:attachment":[{"href":"https:\/\/legrenierdelatour.be\/brocante\/wp-json\/wp\/v2\/media?parent=8608"}],"wp:term":[{"taxonomy":"product_brand","embeddable":true,"href":"https:\/\/legrenierdelatour.be\/brocante\/wp-json\/wp\/v2\/product_brand?post=8608"},{"taxonomy":"product_cat","embeddable":true,"href":"https:\/\/legrenierdelatour.be\/brocante\/wp-json\/wp\/v2\/product_cat?post=8608"},{"taxonomy":"product_tag","embeddable":true,"href":"https:\/\/legrenierdelatour.be\/brocante\/wp-json\/wp\/v2\/product_tag?post=8608"}],"curies":[{"name":"wp","href":"https:\/\/api.w.org\/{rel}","templated":true}]}}