{"id":8604,"date":"2024-07-16T17:56:37","date_gmt":"2024-07-16T15:56:37","guid":{"rendered":"https:\/\/legrenierdelatour.be\/brocante\/?post_type=product&#038;p=8604"},"modified":"2024-07-16T17:56:38","modified_gmt":"2024-07-16T15:56:38","slug":"peinture-hangar-a-laforet-jacques-van-der-elst","status":"publish","type":"product","link":"https:\/\/legrenierdelatour.be\/brocante\/produit\/peinture-hangar-a-laforet-jacques-van-der-elst\/","title":{"rendered":"Peinture \u00ab\u00a0Hangar \u00e0 Lafor\u00eat\u00a0\u00bb Jacques Van der Elst"},"content":{"rendered":"<p>Belle peinture \u00e0 l\u2019huile (60&#215;70 cm cadre non compris) repr\u00e9sentant un \u00ab\u00a0Hangar \u00e0 Lafor\u00eat\u00a0\u00bb. cette peinture d ebelle facture est sign\u00e9e Van der Elst, contresign\u00e9e et dat\u00e9e 1973. Jacques Van der Elst (1925-1991) est n\u00e9 \u00e0 St Josse ten Nood mais est, avant tout, un artiste de l\u2019Ardenne. Ayant v\u00e9cu et tenu son atelier \u00e0 Vresse \u00e0 partir de 1962, durant de longues ann\u00e9es, il \u00e9tait ainsi bien plac\u00e9 pour comprendre l\u2019Ardenne, telle qu\u2019elle est, sombre, rude, tourment\u00e9e et laissant peu de place \u00e0 la lumi\u00e8re, forc\u00e9e de se faufiler entre les arbres. \u00c0 coups de brosse ou de couteau, il nous raconte la vision, douce et sereine, qu\u2019il a de l\u2019Ardenne, avec ses couleurs sombres mais toujours accueillante.<\/p>\n<div>R\u00e9f 32.80<\/div>\n","protected":false},"excerpt":{"rendered":"<p>Belle peinture \u00e0 l\u2019huile (60&#215;70 cm cadre non compris) repr\u00e9sentant un \u00ab\u00a0Hangar \u00e0 Lafor\u00eat\u00a0\u00bb. cette peinture d ebelle facture est sign\u00e9e Van der Elst, contresign\u00e9e et dat\u00e9e 1973. Jacques Van der Elst (1925-1991) est n\u00e9 \u00e0 St Josse ten Nood mais est, avant tout, un artiste de l\u2019Ardenne. Ayant v\u00e9cu et tenu son atelier \u00e0&hellip;&nbsp;<a href=\"https:\/\/legrenierdelatour.be\/brocante\/produit\/peinture-hangar-a-laforet-jacques-van-der-elst\/\" class=\"\" rel=\"bookmark\">Lire la suite &raquo;<span class=\"screen-reader-text\">Peinture \u00ab\u00a0Hangar \u00e0 Lafor\u00eat\u00a0\u00bb Jacques Van der Elst<\/span><\/a><\/p>\n","protected":false},"featured_media":8605,"comment_status":"open","ping_status":"closed","template":"","meta":{"neve_meta_sidebar":"","neve_meta_container":"","neve_meta_enable_content_width":"off","neve_meta_content_width":100,"neve_meta_title_alignment":"","neve_meta_author_avatar":"","neve_post_elements_order":"","neve_meta_disable_header":"","neve_meta_disable_footer":"","neve_meta_disable_title":""},"product_brand":[],"product_cat":[30,31,167],"product_tag":[],"class_list":{"0":"post-8604","1":"product","2":"type-product","3":"status-publish","4":"has-post-thumbnail","6":"product_cat-luxemburgensia","7":"product_cat-pays-darlon","8":"product_cat-peintures-et-sculptures","10":"first","11":"instock","12":"shipping-taxable","13":"purchasable","14":"product-type-simple"},"_links":{"self":[{"href":"https:\/\/legrenierdelatour.be\/brocante\/wp-json\/wp\/v2\/product\/8604","targetHints":{"allow":["GET"]}}],"collection":[{"href":"https:\/\/legrenierdelatour.be\/brocante\/wp-json\/wp\/v2\/product"}],"about":[{"href":"https:\/\/legrenierdelatour.be\/brocante\/wp-json\/wp\/v2\/types\/product"}],"replies":[{"embeddable":true,"href":"https:\/\/legrenierdelatour.be\/brocante\/wp-json\/wp\/v2\/comments?post=8604"}],"wp:featuredmedia":[{"embeddable":true,"href":"https:\/\/legrenierdelatour.be\/brocante\/wp-json\/wp\/v2\/media\/8605"}],"wp:attachment":[{"href":"https:\/\/legrenierdelatour.be\/brocante\/wp-json\/wp\/v2\/media?parent=8604"}],"wp:term":[{"taxonomy":"product_brand","embeddable":true,"href":"https:\/\/legrenierdelatour.be\/brocante\/wp-json\/wp\/v2\/product_brand?post=8604"},{"taxonomy":"product_cat","embeddable":true,"href":"https:\/\/legrenierdelatour.be\/brocante\/wp-json\/wp\/v2\/product_cat?post=8604"},{"taxonomy":"product_tag","embeddable":true,"href":"https:\/\/legrenierdelatour.be\/brocante\/wp-json\/wp\/v2\/product_tag?post=8604"}],"curies":[{"name":"wp","href":"https:\/\/api.w.org\/{rel}","templated":true}]}}