{"id":859,"date":"2022-03-17T13:25:46","date_gmt":"2022-03-17T12:25:46","guid":{"rendered":"https:\/\/legrenierdelatour.be\/brocante\/?post_type=product&#038;p=859"},"modified":"2022-03-17T13:25:47","modified_gmt":"2022-03-17T12:25:47","slug":"vase-west-germany-962-40-bobo-mans-pour-bay","status":"publish","type":"product","link":"https:\/\/legrenierdelatour.be\/brocante\/produit\/vase-west-germany-962-40-bobo-mans-pour-bay\/","title":{"rendered":"Vase west Germany 962 40 Bobo Mans pour Bay"},"content":{"rendered":"<p>Grand vase (40 cm haut) avec un d\u00e9cor mat dans les couleurs terreuses, et repr\u00e9sentant des paons qui se font face, un design de Bobo Mans. \u00a0Il a \u00e9t\u00e9 produit par Bay Keramik (1933-1980) \u00e0 Ransbach Baumbach en Allemagne de l\u2019Ouest sur un mod\u00e8le du designer Bobo Mans. En tr\u00e8s bon \u00e9tat, ce tr\u00e8s grand vase est de forme \u00ab\u00a0962\u00a0\u00bb.<\/p>\n<div>R\u00e9f 9.70<\/div>\n","protected":false},"excerpt":{"rendered":"<p>Grand vase (40 cm haut) avec un d\u00e9cor mat dans les couleurs terreuses, et repr\u00e9sentant des paons qui se font face, un design de Bobo Mans. \u00a0Il a \u00e9t\u00e9 produit par Bay Keramik (1933-1980) \u00e0 Ransbach Baumbach en Allemagne de l\u2019Ouest sur un mod\u00e8le du designer Bobo Mans. En tr\u00e8s bon \u00e9tat, ce tr\u00e8s grand&hellip;&nbsp;<a href=\"https:\/\/legrenierdelatour.be\/brocante\/produit\/vase-west-germany-962-40-bobo-mans-pour-bay\/\" class=\"\" rel=\"bookmark\">Lire la suite &raquo;<span class=\"screen-reader-text\">Vase west Germany 962 40 Bobo Mans pour Bay<\/span><\/a><\/p>\n","protected":false},"featured_media":853,"comment_status":"open","ping_status":"closed","template":"","meta":{"neve_meta_sidebar":"","neve_meta_container":"","neve_meta_enable_content_width":"off","neve_meta_content_width":100,"neve_meta_title_alignment":"","neve_meta_author_avatar":"","neve_post_elements_order":"","neve_meta_disable_header":"","neve_meta_disable_footer":"","neve_meta_disable_title":""},"product_brand":[],"product_cat":[48,53,16,47],"product_tag":[51,82,19,50,28,49],"class_list":{"0":"post-859","1":"product","2":"type-product","3":"status-publish","4":"has-post-thumbnail","6":"product_cat-allemagne","7":"product_cat-bay","8":"product_cat-ceramique","9":"product_cat-west-germany","10":"product_tag-bay","11":"product_tag-bobo-mans","12":"product_tag-faience","13":"product_tag-fat-lava","14":"product_tag-vintage","15":"product_tag-west-germany","17":"first","18":"instock","19":"shipping-taxable","20":"purchasable","21":"product-type-simple"},"_links":{"self":[{"href":"https:\/\/legrenierdelatour.be\/brocante\/wp-json\/wp\/v2\/product\/859","targetHints":{"allow":["GET"]}}],"collection":[{"href":"https:\/\/legrenierdelatour.be\/brocante\/wp-json\/wp\/v2\/product"}],"about":[{"href":"https:\/\/legrenierdelatour.be\/brocante\/wp-json\/wp\/v2\/types\/product"}],"replies":[{"embeddable":true,"href":"https:\/\/legrenierdelatour.be\/brocante\/wp-json\/wp\/v2\/comments?post=859"}],"wp:featuredmedia":[{"embeddable":true,"href":"https:\/\/legrenierdelatour.be\/brocante\/wp-json\/wp\/v2\/media\/853"}],"wp:attachment":[{"href":"https:\/\/legrenierdelatour.be\/brocante\/wp-json\/wp\/v2\/media?parent=859"}],"wp:term":[{"taxonomy":"product_brand","embeddable":true,"href":"https:\/\/legrenierdelatour.be\/brocante\/wp-json\/wp\/v2\/product_brand?post=859"},{"taxonomy":"product_cat","embeddable":true,"href":"https:\/\/legrenierdelatour.be\/brocante\/wp-json\/wp\/v2\/product_cat?post=859"},{"taxonomy":"product_tag","embeddable":true,"href":"https:\/\/legrenierdelatour.be\/brocante\/wp-json\/wp\/v2\/product_tag?post=859"}],"curies":[{"name":"wp","href":"https:\/\/api.w.org\/{rel}","templated":true}]}}