{"id":8584,"date":"2024-07-14T17:31:26","date_gmt":"2024-07-14T15:31:26","guid":{"rendered":"https:\/\/legrenierdelatour.be\/brocante\/?post_type=product&#038;p=8584"},"modified":"2025-04-10T19:38:26","modified_gmt":"2025-04-10T17:38:26","slug":"gravure-abstraire-arny-schmit-1996","status":"publish","type":"product","link":"https:\/\/legrenierdelatour.be\/brocante\/produit\/gravure-abstraire-arny-schmit-1996\/","title":{"rendered":"Gravure abstraire Arny Schmit, 1996"},"content":{"rendered":"<p>Gravure abstraite (33&#215;25 cm), taille du papier, num\u00e9rot\u00e9e 67\/250 et sign\u00e9e par Arny Schmit. Elle a \u00e9t\u00e9 \u00e9dit\u00e9e en 250 exemplaires num\u00e9rot\u00e9s, \u00e0 l\u2019occasion de MIPCOM 96 par le CLT, Mediaport et Astra. Cette gravure a \u00e9t\u00e9 imprim\u00e9e \u00e0 la main par les ateliers Editions PHI \u00e0 Herborn au Luxembourg. N\u00e9 en 1959 \u00e0 Wiltz, Arny Schmit est pr\u00e9sent sur la sc\u00e8ne artistique luxembourgeoise, avec de nombreuses expositions personnelles et collectives, depuis plus de 40 ans. Il vit et travaille \u00e0 Strassen.<\/p>\n<div>R\u00e9f 32.69<\/div>\n","protected":false},"excerpt":{"rendered":"<p>Gravure abstraite (33&#215;25 cm), taille du papier, num\u00e9rot\u00e9e 67\/250 et sign\u00e9e par Arny Schmit. Elle a \u00e9t\u00e9 \u00e9dit\u00e9e en 250 exemplaires num\u00e9rot\u00e9s, \u00e0 l\u2019occasion de MIPCOM 96 par le CLT, Mediaport et Astra. Cette gravure a \u00e9t\u00e9 imprim\u00e9e \u00e0 la main par les ateliers Editions PHI \u00e0 Herborn au Luxembourg. N\u00e9 en 1959 \u00e0 Wiltz,&hellip;&nbsp;<a href=\"https:\/\/legrenierdelatour.be\/brocante\/produit\/gravure-abstraire-arny-schmit-1996\/\" class=\"\" rel=\"bookmark\">Lire la suite &raquo;<span class=\"screen-reader-text\">Gravure abstraire Arny Schmit, 1996<\/span><\/a><\/p>\n","protected":false},"featured_media":8574,"comment_status":"open","ping_status":"closed","template":"","meta":{"neve_meta_sidebar":"","neve_meta_container":"","neve_meta_enable_content_width":"off","neve_meta_content_width":100,"neve_meta_title_alignment":"","neve_meta_author_avatar":"","neve_post_elements_order":"","neve_meta_disable_header":"","neve_meta_disable_footer":"","neve_meta_disable_title":""},"product_brand":[],"product_cat":[166,167],"product_tag":[],"class_list":{"0":"post-8584","1":"product","2":"type-product","3":"status-publish","4":"has-post-thumbnail","6":"product_cat-luxemburgensia-luxemburgensia","7":"product_cat-peintures-et-sculptures","9":"first","10":"instock","11":"shipping-taxable","12":"purchasable","13":"product-type-simple"},"_links":{"self":[{"href":"https:\/\/legrenierdelatour.be\/brocante\/wp-json\/wp\/v2\/product\/8584","targetHints":{"allow":["GET"]}}],"collection":[{"href":"https:\/\/legrenierdelatour.be\/brocante\/wp-json\/wp\/v2\/product"}],"about":[{"href":"https:\/\/legrenierdelatour.be\/brocante\/wp-json\/wp\/v2\/types\/product"}],"replies":[{"embeddable":true,"href":"https:\/\/legrenierdelatour.be\/brocante\/wp-json\/wp\/v2\/comments?post=8584"}],"wp:featuredmedia":[{"embeddable":true,"href":"https:\/\/legrenierdelatour.be\/brocante\/wp-json\/wp\/v2\/media\/8574"}],"wp:attachment":[{"href":"https:\/\/legrenierdelatour.be\/brocante\/wp-json\/wp\/v2\/media?parent=8584"}],"wp:term":[{"taxonomy":"product_brand","embeddable":true,"href":"https:\/\/legrenierdelatour.be\/brocante\/wp-json\/wp\/v2\/product_brand?post=8584"},{"taxonomy":"product_cat","embeddable":true,"href":"https:\/\/legrenierdelatour.be\/brocante\/wp-json\/wp\/v2\/product_cat?post=8584"},{"taxonomy":"product_tag","embeddable":true,"href":"https:\/\/legrenierdelatour.be\/brocante\/wp-json\/wp\/v2\/product_tag?post=8584"}],"curies":[{"name":"wp","href":"https:\/\/api.w.org\/{rel}","templated":true}]}}