{"id":858,"date":"2022-03-17T10:28:16","date_gmt":"2022-03-17T09:28:16","guid":{"rendered":"https:\/\/legrenierdelatour.be\/brocante\/?post_type=product&#038;p=858"},"modified":"2022-03-18T17:23:29","modified_gmt":"2022-03-18T16:23:29","slug":"vide-poche-west-germant-1920-20","status":"publish","type":"product","link":"https:\/\/legrenierdelatour.be\/brocante\/produit\/vide-poche-west-germant-1920-20\/","title":{"rendered":"Vide-poche West Germant 1920\/20"},"content":{"rendered":"<p>Coupe vide-poche West Germany (20 cm de diam\u00e8tre) en parfait \u00e9tat, avec un d\u00e9cor flamm\u00e9 tr\u00e8s vintage. Avec la forme \u00ab\u00a01920\u00a0\u00bb elle date sans doute des ann\u00e9es 1970.<\/p>\n<div>r\u00e9f 9.69<\/div>\n","protected":false},"excerpt":{"rendered":"<p>Coupe vide-poche West Germany (20 cm de diam\u00e8tre) en parfait \u00e9tat, avec un d\u00e9cor flamm\u00e9 tr\u00e8s vintage. Avec la forme \u00ab\u00a01920\u00a0\u00bb elle date sans doute des ann\u00e9es 1970. r\u00e9f 9.69<\/p>\n","protected":false},"featured_media":836,"comment_status":"open","ping_status":"closed","template":"","meta":{"neve_meta_sidebar":"","neve_meta_container":"","neve_meta_enable_content_width":"off","neve_meta_content_width":100,"neve_meta_title_alignment":"","neve_meta_author_avatar":"","neve_post_elements_order":"","neve_meta_disable_header":"","neve_meta_disable_footer":"","neve_meta_disable_title":""},"product_brand":[],"product_cat":[48,16,47],"product_tag":[19,50,28,49],"class_list":{"0":"post-858","1":"product","2":"type-product","3":"status-publish","4":"has-post-thumbnail","6":"product_cat-allemagne","7":"product_cat-ceramique","8":"product_cat-west-germany","9":"product_tag-faience","10":"product_tag-fat-lava","11":"product_tag-vintage","12":"product_tag-west-germany","14":"first","15":"instock","16":"shipping-taxable","17":"purchasable","18":"product-type-simple"},"_links":{"self":[{"href":"https:\/\/legrenierdelatour.be\/brocante\/wp-json\/wp\/v2\/product\/858","targetHints":{"allow":["GET"]}}],"collection":[{"href":"https:\/\/legrenierdelatour.be\/brocante\/wp-json\/wp\/v2\/product"}],"about":[{"href":"https:\/\/legrenierdelatour.be\/brocante\/wp-json\/wp\/v2\/types\/product"}],"replies":[{"embeddable":true,"href":"https:\/\/legrenierdelatour.be\/brocante\/wp-json\/wp\/v2\/comments?post=858"}],"wp:featuredmedia":[{"embeddable":true,"href":"https:\/\/legrenierdelatour.be\/brocante\/wp-json\/wp\/v2\/media\/836"}],"wp:attachment":[{"href":"https:\/\/legrenierdelatour.be\/brocante\/wp-json\/wp\/v2\/media?parent=858"}],"wp:term":[{"taxonomy":"product_brand","embeddable":true,"href":"https:\/\/legrenierdelatour.be\/brocante\/wp-json\/wp\/v2\/product_brand?post=858"},{"taxonomy":"product_cat","embeddable":true,"href":"https:\/\/legrenierdelatour.be\/brocante\/wp-json\/wp\/v2\/product_cat?post=858"},{"taxonomy":"product_tag","embeddable":true,"href":"https:\/\/legrenierdelatour.be\/brocante\/wp-json\/wp\/v2\/product_tag?post=858"}],"curies":[{"name":"wp","href":"https:\/\/api.w.org\/{rel}","templated":true}]}}