{"id":8565,"date":"2024-07-13T19:17:50","date_gmt":"2024-07-13T17:17:50","guid":{"rendered":"https:\/\/legrenierdelatour.be\/brocante\/?post_type=product&#038;p=8565"},"modified":"2024-07-13T19:20:42","modified_gmt":"2024-07-13T17:20:42","slug":"peinture-eglise-ardennaise-rene-albert-zimmer","status":"publish","type":"product","link":"https:\/\/legrenierdelatour.be\/brocante\/produit\/peinture-eglise-ardennaise-rene-albert-zimmer\/","title":{"rendered":"Peinture \u00ab\u00a0Eglise de Vieux-Virton\u00a0\u00bb Ren\u00e9 Albert Zimmer"},"content":{"rendered":"<p>Peinture \u00e0 l\u2019huile sur toile (70&#215;60 cm hors cadre) repr\u00e9sentant l'\u00a0\u00bbEglise de vieux-Virton\u00a0\u00bb. Elle est sign\u00e9e par Ren\u00e9 Albert Zimmer en bas \u00e0 droite et dat\u00e9e 1976. \u00a0N\u00e9 en 1910 \u00e0 Vieux Virton, et mort en 1998, il habitait \u00e0 Florenville, Albert Zimmer a particip\u00e9 \u00e0 plus de 50 expositions de groupe, 25 expositions personnelles et a obtenu 30 m\u00e9dailles d\u2019or pour son travail.<\/p>\n<div>R\u00e9f 32.66<\/div>\n","protected":false},"excerpt":{"rendered":"<p>Peinture \u00e0 l\u2019huile sur toile (70&#215;60 cm hors cadre) repr\u00e9sentant l&rsquo;\u00a0\u00bbEglise de vieux-Virton\u00a0\u00bb. Elle est sign\u00e9e par Ren\u00e9 Albert Zimmer en bas \u00e0 droite et dat\u00e9e 1976. \u00a0N\u00e9 en 1910 \u00e0 Vieux Virton, et mort en 1998, il habitait \u00e0 Florenville, Albert Zimmer a particip\u00e9 \u00e0 plus de 50 expositions de groupe, 25 expositions personnelles&hellip;&nbsp;<a href=\"https:\/\/legrenierdelatour.be\/brocante\/produit\/peinture-eglise-ardennaise-rene-albert-zimmer\/\" class=\"\" rel=\"bookmark\">Lire la suite &raquo;<span class=\"screen-reader-text\">Peinture \u00ab\u00a0Eglise de Vieux-Virton\u00a0\u00bb Ren\u00e9 Albert Zimmer<\/span><\/a><\/p>\n","protected":false},"featured_media":8560,"comment_status":"open","ping_status":"closed","template":"","meta":{"neve_meta_sidebar":"","neve_meta_container":"","neve_meta_enable_content_width":"off","neve_meta_content_width":100,"neve_meta_title_alignment":"","neve_meta_author_avatar":"","neve_post_elements_order":"","neve_meta_disable_header":"","neve_meta_disable_footer":"","neve_meta_disable_title":""},"product_brand":[],"product_cat":[30,31,167],"product_tag":[],"class_list":{"0":"post-8565","1":"product","2":"type-product","3":"status-publish","4":"has-post-thumbnail","6":"product_cat-luxemburgensia","7":"product_cat-pays-darlon","8":"product_cat-peintures-et-sculptures","10":"first","11":"instock","12":"shipping-taxable","13":"purchasable","14":"product-type-simple"},"_links":{"self":[{"href":"https:\/\/legrenierdelatour.be\/brocante\/wp-json\/wp\/v2\/product\/8565","targetHints":{"allow":["GET"]}}],"collection":[{"href":"https:\/\/legrenierdelatour.be\/brocante\/wp-json\/wp\/v2\/product"}],"about":[{"href":"https:\/\/legrenierdelatour.be\/brocante\/wp-json\/wp\/v2\/types\/product"}],"replies":[{"embeddable":true,"href":"https:\/\/legrenierdelatour.be\/brocante\/wp-json\/wp\/v2\/comments?post=8565"}],"wp:featuredmedia":[{"embeddable":true,"href":"https:\/\/legrenierdelatour.be\/brocante\/wp-json\/wp\/v2\/media\/8560"}],"wp:attachment":[{"href":"https:\/\/legrenierdelatour.be\/brocante\/wp-json\/wp\/v2\/media?parent=8565"}],"wp:term":[{"taxonomy":"product_brand","embeddable":true,"href":"https:\/\/legrenierdelatour.be\/brocante\/wp-json\/wp\/v2\/product_brand?post=8565"},{"taxonomy":"product_cat","embeddable":true,"href":"https:\/\/legrenierdelatour.be\/brocante\/wp-json\/wp\/v2\/product_cat?post=8565"},{"taxonomy":"product_tag","embeddable":true,"href":"https:\/\/legrenierdelatour.be\/brocante\/wp-json\/wp\/v2\/product_tag?post=8565"}],"curies":[{"name":"wp","href":"https:\/\/api.w.org\/{rel}","templated":true}]}}