{"id":8542,"date":"2024-07-11T18:45:52","date_gmt":"2024-07-11T16:45:52","guid":{"rendered":"https:\/\/legrenierdelatour.be\/brocante\/?post_type=product&#038;p=8542"},"modified":"2024-07-11T18:45:52","modified_gmt":"2024-07-11T16:45:52","slug":"fusain-vallee-de-lour-jean-pierre-lamboray","status":"publish","type":"product","link":"https:\/\/legrenierdelatour.be\/brocante\/produit\/fusain-vallee-de-lour-jean-pierre-lamboray\/","title":{"rendered":"Fusain \u00ab\u00a0Vall\u00e9e de l&rsquo;Our\u00a0\u00bb Jean-Pierre Lamboray"},"content":{"rendered":"<p>Tableau (32&#215;26 cm cadre compris) repr\u00e9sentant la \u00ab\u00a0Vall\u00e9e de l\u2019Our, Biwels\u00a0\u00bb , un dessin au fusain r\u00e9alis\u00e9 par Jean-Pierre Lamboray. Jean-Pierre Lamboray (1882-1962) est un artiste luxembourgeois, professeur d\u2019\u00e9ducation artistique. Membre du Cercle Artsitique Luxembourgeois, il a r\u00e9\u00e7u le Prix Grand Duc Adolphe en 1931. Ses techniques de pr\u00e9dilections \u00e9taient la peinture \u00e0 l\u2019huile, l\u2019aquarelle et le fusain. Son sujet de pr\u00e9dilection : les paysages de l&rsquo;Oesling.<\/p>\n<div>R\u00e9f 32.61<\/div>\n","protected":false},"excerpt":{"rendered":"<p>Tableau (32&#215;26 cm cadre compris) repr\u00e9sentant la \u00ab\u00a0Vall\u00e9e de l\u2019Our, Biwels\u00a0\u00bb , un dessin au fusain r\u00e9alis\u00e9 par Jean-Pierre Lamboray. Jean-Pierre Lamboray (1882-1962) est un artiste luxembourgeois, professeur d\u2019\u00e9ducation artistique. Membre du Cercle Artsitique Luxembourgeois, il a r\u00e9\u00e7u le Prix Grand Duc Adolphe en 1931. Ses techniques de pr\u00e9dilections \u00e9taient la peinture \u00e0 l\u2019huile, l\u2019aquarelle&hellip;&nbsp;<a href=\"https:\/\/legrenierdelatour.be\/brocante\/produit\/fusain-vallee-de-lour-jean-pierre-lamboray\/\" class=\"\" rel=\"bookmark\">Lire la suite &raquo;<span class=\"screen-reader-text\">Fusain \u00ab\u00a0Vall\u00e9e de l&rsquo;Our\u00a0\u00bb Jean-Pierre Lamboray<\/span><\/a><\/p>\n","protected":false},"featured_media":8543,"comment_status":"open","ping_status":"closed","template":"","meta":{"neve_meta_sidebar":"","neve_meta_container":"","neve_meta_enable_content_width":"off","neve_meta_content_width":100,"neve_meta_title_alignment":"","neve_meta_author_avatar":"","neve_post_elements_order":"","neve_meta_disable_header":"","neve_meta_disable_footer":"","neve_meta_disable_title":""},"product_brand":[],"product_cat":[30,166,167],"product_tag":[],"class_list":{"0":"post-8542","1":"product","2":"type-product","3":"status-publish","4":"has-post-thumbnail","6":"product_cat-luxemburgensia","7":"product_cat-luxemburgensia-luxemburgensia","8":"product_cat-peintures-et-sculptures","10":"first","11":"instock","12":"shipping-taxable","13":"purchasable","14":"product-type-simple"},"_links":{"self":[{"href":"https:\/\/legrenierdelatour.be\/brocante\/wp-json\/wp\/v2\/product\/8542","targetHints":{"allow":["GET"]}}],"collection":[{"href":"https:\/\/legrenierdelatour.be\/brocante\/wp-json\/wp\/v2\/product"}],"about":[{"href":"https:\/\/legrenierdelatour.be\/brocante\/wp-json\/wp\/v2\/types\/product"}],"replies":[{"embeddable":true,"href":"https:\/\/legrenierdelatour.be\/brocante\/wp-json\/wp\/v2\/comments?post=8542"}],"wp:featuredmedia":[{"embeddable":true,"href":"https:\/\/legrenierdelatour.be\/brocante\/wp-json\/wp\/v2\/media\/8543"}],"wp:attachment":[{"href":"https:\/\/legrenierdelatour.be\/brocante\/wp-json\/wp\/v2\/media?parent=8542"}],"wp:term":[{"taxonomy":"product_brand","embeddable":true,"href":"https:\/\/legrenierdelatour.be\/brocante\/wp-json\/wp\/v2\/product_brand?post=8542"},{"taxonomy":"product_cat","embeddable":true,"href":"https:\/\/legrenierdelatour.be\/brocante\/wp-json\/wp\/v2\/product_cat?post=8542"},{"taxonomy":"product_tag","embeddable":true,"href":"https:\/\/legrenierdelatour.be\/brocante\/wp-json\/wp\/v2\/product_tag?post=8542"}],"curies":[{"name":"wp","href":"https:\/\/api.w.org\/{rel}","templated":true}]}}