{"id":8522,"date":"2024-07-10T14:10:27","date_gmt":"2024-07-10T12:10:27","guid":{"rendered":"https:\/\/legrenierdelatour.be\/brocante\/?post_type=product&#038;p=8522"},"modified":"2024-07-10T14:10:27","modified_gmt":"2024-07-10T12:10:27","slug":"peinture-un-coin-de-martelange-maurice-mathias-1952","status":"publish","type":"product","link":"https:\/\/legrenierdelatour.be\/brocante\/produit\/peinture-un-coin-de-martelange-maurice-mathias-1952\/","title":{"rendered":"Peinture \u00ab\u00a0Un coin de Martelange\u00a0\u00bb Maurice Mathias 1952"},"content":{"rendered":"<p>Belle peinture \u00e0 l&rsquo;huile (24&#215;30 cm hors cadre) intitul\u00e9e \u00ab\u00a0Un coin de Martelange\u00a0\u00bb et dat\u00e9e de 1952 au verso. La peinture est en bon \u00e9tat. La peinture est sign\u00e9e en bas \u00e0 gauche et elle a \u00e9t\u00e9 r\u00e9alis\u00e9e par\u00a0l\u2019artiste arlonais Maurice Mathias, peintre expressionniste.\u00a0Maurice Mathias (1912 Marbehan &#8211; 2006 St Mard) apprend \u00e0 peindre et dessiner \u00e0 l\u2019Acad\u00e9mie des Beaux Arts d\u2019Arlon, dans les ateliers J.J. Bischops \u00e0 Li\u00e8ge et de Pierre Paulus \u00e0 Bruxelles. El\u00e8ve de Lucien Bidaine, il fait partie de ce qu\u2019on pourrait appeler l\u2019 \u00ab Ecole arlonaise du Paysage \u00bb. Dans son atelier \u00e0 Arlon (r L\u00e9on Castillon 39) et \u00e0 Parette, il utilise les couleurs franches appliqu\u00e9es au couteau, pr\u00e9f\u00e9r\u00e9 aux pinceaux.<\/p>\n<div>R\u00e9f 32.57<\/div>\n","protected":false},"excerpt":{"rendered":"<p>Belle peinture \u00e0 l&rsquo;huile (24&#215;30 cm hors cadre) intitul\u00e9e \u00ab\u00a0Un coin de Martelange\u00a0\u00bb et dat\u00e9e de 1952 au verso. La peinture est en bon \u00e9tat. La peinture est sign\u00e9e en bas \u00e0 gauche et elle a \u00e9t\u00e9 r\u00e9alis\u00e9e par\u00a0l\u2019artiste arlonais Maurice Mathias, peintre expressionniste.\u00a0Maurice Mathias (1912 Marbehan &#8211; 2006 St Mard) apprend \u00e0 peindre et&hellip;&nbsp;<a href=\"https:\/\/legrenierdelatour.be\/brocante\/produit\/peinture-un-coin-de-martelange-maurice-mathias-1952\/\" class=\"\" rel=\"bookmark\">Lire la suite &raquo;<span class=\"screen-reader-text\">Peinture \u00ab\u00a0Un coin de Martelange\u00a0\u00bb Maurice Mathias 1952<\/span><\/a><\/p>\n","protected":false},"featured_media":8523,"comment_status":"open","ping_status":"closed","template":"","meta":{"neve_meta_sidebar":"","neve_meta_container":"","neve_meta_enable_content_width":"off","neve_meta_content_width":100,"neve_meta_title_alignment":"","neve_meta_author_avatar":"","neve_post_elements_order":"","neve_meta_disable_header":"","neve_meta_disable_footer":"","neve_meta_disable_title":""},"product_brand":[],"product_cat":[30,31,167],"product_tag":[],"class_list":{"0":"post-8522","1":"product","2":"type-product","3":"status-publish","4":"has-post-thumbnail","6":"product_cat-luxemburgensia","7":"product_cat-pays-darlon","8":"product_cat-peintures-et-sculptures","10":"first","11":"instock","12":"shipping-taxable","13":"purchasable","14":"product-type-simple"},"_links":{"self":[{"href":"https:\/\/legrenierdelatour.be\/brocante\/wp-json\/wp\/v2\/product\/8522","targetHints":{"allow":["GET"]}}],"collection":[{"href":"https:\/\/legrenierdelatour.be\/brocante\/wp-json\/wp\/v2\/product"}],"about":[{"href":"https:\/\/legrenierdelatour.be\/brocante\/wp-json\/wp\/v2\/types\/product"}],"replies":[{"embeddable":true,"href":"https:\/\/legrenierdelatour.be\/brocante\/wp-json\/wp\/v2\/comments?post=8522"}],"wp:featuredmedia":[{"embeddable":true,"href":"https:\/\/legrenierdelatour.be\/brocante\/wp-json\/wp\/v2\/media\/8523"}],"wp:attachment":[{"href":"https:\/\/legrenierdelatour.be\/brocante\/wp-json\/wp\/v2\/media?parent=8522"}],"wp:term":[{"taxonomy":"product_brand","embeddable":true,"href":"https:\/\/legrenierdelatour.be\/brocante\/wp-json\/wp\/v2\/product_brand?post=8522"},{"taxonomy":"product_cat","embeddable":true,"href":"https:\/\/legrenierdelatour.be\/brocante\/wp-json\/wp\/v2\/product_cat?post=8522"},{"taxonomy":"product_tag","embeddable":true,"href":"https:\/\/legrenierdelatour.be\/brocante\/wp-json\/wp\/v2\/product_tag?post=8522"}],"curies":[{"name":"wp","href":"https:\/\/api.w.org\/{rel}","templated":true}]}}