{"id":8514,"date":"2024-07-10T11:59:05","date_gmt":"2024-07-10T09:59:05","guid":{"rendered":"https:\/\/legrenierdelatour.be\/brocante\/?post_type=product&#038;p=8514"},"modified":"2024-07-10T11:59:05","modified_gmt":"2024-07-10T09:59:05","slug":"peinture-ferme-ardennaise-albert-raty","status":"publish","type":"product","link":"https:\/\/legrenierdelatour.be\/brocante\/produit\/peinture-ferme-ardennaise-albert-raty\/","title":{"rendered":"Peinture \u00ab\u00a0Ferme ardennaise\u00a0\u00bb, Albert Raty"},"content":{"rendered":"<p>Peinture sur toile (34&#215;26 cm hors cadre) d\u2019une vue d\u2019une ferme avec barri\u00e8re, sign\u00e9e Albert Raty (1889-1970). Cette peinture assez sombre est en tr\u00e8s bon \u00e9tat. Le cadre tr\u00e8s lourd est partiellement dor\u00e9 \u00e0 la feuille mais m\u00e9rite une restauration.<\/p>\n<div>Albert Raty (1889-1970) est l&rsquo;un des artistes phares de l&rsquo;Ecole de Vresse. Certainement parce qu&rsquo;il y v\u00e9cut et y \u00e9tablit son atelier mais aussi, et surtout, parce que son style reconnaissable a fait de lui un artiste bien cot\u00e9. Sa touche est large et puissante et lorsqu\u2019il repr\u00e9sente les r\u00e9gions dela Semois, ses couleurs sont celles de l&rsquo;Ardenne: le brun de sa terre, le vert de ses arbres et l&rsquo;ocre de ses collines. Malentendant de naissance, la peinture deviendra tr\u00e8s vite son moyen d\u2019expression privil\u00e9gi\u00e9.<\/div>\n<div><\/div>\n<div>R\u00e9f 32.56<\/div>\n","protected":false},"excerpt":{"rendered":"<p>Peinture sur toile (34&#215;26 cm hors cadre) d\u2019une vue d\u2019une ferme avec barri\u00e8re, sign\u00e9e Albert Raty (1889-1970). Cette peinture assez sombre est en tr\u00e8s bon \u00e9tat. Le cadre tr\u00e8s lourd est partiellement dor\u00e9 \u00e0 la feuille mais m\u00e9rite une restauration. Albert Raty (1889-1970) est l&rsquo;un des artistes phares de l&rsquo;Ecole de Vresse. Certainement parce qu&rsquo;il&hellip;&nbsp;<a href=\"https:\/\/legrenierdelatour.be\/brocante\/produit\/peinture-ferme-ardennaise-albert-raty\/\" class=\"\" rel=\"bookmark\">Lire la suite &raquo;<span class=\"screen-reader-text\">Peinture \u00ab\u00a0Ferme ardennaise\u00a0\u00bb, Albert Raty<\/span><\/a><\/p>\n","protected":false},"featured_media":8520,"comment_status":"open","ping_status":"closed","template":"","meta":{"neve_meta_sidebar":"","neve_meta_container":"","neve_meta_enable_content_width":"off","neve_meta_content_width":100,"neve_meta_title_alignment":"","neve_meta_author_avatar":"","neve_post_elements_order":"","neve_meta_disable_header":"","neve_meta_disable_footer":"","neve_meta_disable_title":""},"product_brand":[],"product_cat":[30,31,167],"product_tag":[],"class_list":{"0":"post-8514","1":"product","2":"type-product","3":"status-publish","4":"has-post-thumbnail","6":"product_cat-luxemburgensia","7":"product_cat-pays-darlon","8":"product_cat-peintures-et-sculptures","10":"first","11":"instock","12":"shipping-taxable","13":"purchasable","14":"product-type-simple"},"_links":{"self":[{"href":"https:\/\/legrenierdelatour.be\/brocante\/wp-json\/wp\/v2\/product\/8514","targetHints":{"allow":["GET"]}}],"collection":[{"href":"https:\/\/legrenierdelatour.be\/brocante\/wp-json\/wp\/v2\/product"}],"about":[{"href":"https:\/\/legrenierdelatour.be\/brocante\/wp-json\/wp\/v2\/types\/product"}],"replies":[{"embeddable":true,"href":"https:\/\/legrenierdelatour.be\/brocante\/wp-json\/wp\/v2\/comments?post=8514"}],"wp:featuredmedia":[{"embeddable":true,"href":"https:\/\/legrenierdelatour.be\/brocante\/wp-json\/wp\/v2\/media\/8520"}],"wp:attachment":[{"href":"https:\/\/legrenierdelatour.be\/brocante\/wp-json\/wp\/v2\/media?parent=8514"}],"wp:term":[{"taxonomy":"product_brand","embeddable":true,"href":"https:\/\/legrenierdelatour.be\/brocante\/wp-json\/wp\/v2\/product_brand?post=8514"},{"taxonomy":"product_cat","embeddable":true,"href":"https:\/\/legrenierdelatour.be\/brocante\/wp-json\/wp\/v2\/product_cat?post=8514"},{"taxonomy":"product_tag","embeddable":true,"href":"https:\/\/legrenierdelatour.be\/brocante\/wp-json\/wp\/v2\/product_tag?post=8514"}],"curies":[{"name":"wp","href":"https:\/\/api.w.org\/{rel}","templated":true}]}}