{"id":8504,"date":"2024-07-10T09:56:44","date_gmt":"2024-07-10T07:56:44","guid":{"rendered":"https:\/\/legrenierdelatour.be\/brocante\/?post_type=product&#038;p=8504"},"modified":"2024-07-18T17:23:12","modified_gmt":"2024-07-18T15:23:12","slug":"penture-paysage-dardenne-charles-delaite","status":"publish","type":"product","link":"https:\/\/legrenierdelatour.be\/brocante\/produit\/penture-paysage-dardenne-charles-delaite\/","title":{"rendered":"Penture \u00ab\u00a0Paysage d&rsquo;Ardenne\u00a0\u00bb, Charles Delaite"},"content":{"rendered":"<p>Peinture sur panneau (40&#215;50 cm hors cadre) repr\u00e9sentant un paysage d\u2019Ardenne. Cette peinture a \u00e9t\u00e9 r\u00e9alis\u00e9e par Charles Delaite (Redu 1921-1997), un peintre de l\u2019\u00e9cole de Vresse. La peinture est en tr\u00e8s bon \u00e9tat.<\/p>\n<div>R\u00e9f 23.52<\/div>\n","protected":false},"excerpt":{"rendered":"<p>Peinture sur panneau (40&#215;50 cm hors cadre) repr\u00e9sentant un paysage d\u2019Ardenne. Cette peinture a \u00e9t\u00e9 r\u00e9alis\u00e9e par Charles Delaite (Redu 1921-1997), un peintre de l\u2019\u00e9cole de Vresse. La peinture est en tr\u00e8s bon \u00e9tat. R\u00e9f 23.52<\/p>\n","protected":false},"featured_media":8505,"comment_status":"open","ping_status":"closed","template":"","meta":{"neve_meta_sidebar":"","neve_meta_container":"","neve_meta_enable_content_width":"off","neve_meta_content_width":100,"neve_meta_title_alignment":"","neve_meta_author_avatar":"","neve_post_elements_order":"","neve_meta_disable_header":"","neve_meta_disable_footer":"","neve_meta_disable_title":""},"product_brand":[],"product_cat":[30,31,167],"product_tag":[],"class_list":{"0":"post-8504","1":"product","2":"type-product","3":"status-publish","4":"has-post-thumbnail","6":"product_cat-luxemburgensia","7":"product_cat-pays-darlon","8":"product_cat-peintures-et-sculptures","10":"first","11":"instock","12":"shipping-taxable","13":"purchasable","14":"product-type-simple"},"_links":{"self":[{"href":"https:\/\/legrenierdelatour.be\/brocante\/wp-json\/wp\/v2\/product\/8504","targetHints":{"allow":["GET"]}}],"collection":[{"href":"https:\/\/legrenierdelatour.be\/brocante\/wp-json\/wp\/v2\/product"}],"about":[{"href":"https:\/\/legrenierdelatour.be\/brocante\/wp-json\/wp\/v2\/types\/product"}],"replies":[{"embeddable":true,"href":"https:\/\/legrenierdelatour.be\/brocante\/wp-json\/wp\/v2\/comments?post=8504"}],"wp:featuredmedia":[{"embeddable":true,"href":"https:\/\/legrenierdelatour.be\/brocante\/wp-json\/wp\/v2\/media\/8505"}],"wp:attachment":[{"href":"https:\/\/legrenierdelatour.be\/brocante\/wp-json\/wp\/v2\/media?parent=8504"}],"wp:term":[{"taxonomy":"product_brand","embeddable":true,"href":"https:\/\/legrenierdelatour.be\/brocante\/wp-json\/wp\/v2\/product_brand?post=8504"},{"taxonomy":"product_cat","embeddable":true,"href":"https:\/\/legrenierdelatour.be\/brocante\/wp-json\/wp\/v2\/product_cat?post=8504"},{"taxonomy":"product_tag","embeddable":true,"href":"https:\/\/legrenierdelatour.be\/brocante\/wp-json\/wp\/v2\/product_tag?post=8504"}],"curies":[{"name":"wp","href":"https:\/\/api.w.org\/{rel}","templated":true}]}}