{"id":8503,"date":"2024-07-06T20:01:51","date_gmt":"2024-07-06T18:01:51","guid":{"rendered":"https:\/\/legrenierdelatour.be\/brocante\/?post_type=product&#038;p=8503"},"modified":"2024-07-06T20:01:51","modified_gmt":"2024-07-06T18:01:51","slug":"aquarelle-heiderscheidergrund-john-streff","status":"publish","type":"product","link":"https:\/\/legrenierdelatour.be\/brocante\/produit\/aquarelle-heiderscheidergrund-john-streff\/","title":{"rendered":"Aquarelle Heiderscheidergrund, John Streff"},"content":{"rendered":"<p>Belle aquarelle (42&#215;31 cm cadre compris) repr\u00e9sentant la chapelle de Heiderscheidergrund. Elle est sign\u00e9e par John Streff. A l\u2019arri\u00e8re \u00ab\u00a0Johny &amp; Hanny Streff-v.d.Kolk\u00a0\u00bb. Lohn Streff est n\u00e9 \u00e0 Wiltz en 1949 et a \u00e9t\u00e9 form\u00e9 aux Beaux-Arts de Li\u00e8ge.<\/p>\n<div>R\u00e9f 32.50<\/div>\n","protected":false},"excerpt":{"rendered":"<p>Belle aquarelle (42&#215;31 cm cadre compris) repr\u00e9sentant la chapelle de Heiderscheidergrund. Elle est sign\u00e9e par John Streff. A l\u2019arri\u00e8re \u00ab\u00a0Johny &amp; Hanny Streff-v.d.Kolk\u00a0\u00bb. Lohn Streff est n\u00e9 \u00e0 Wiltz en 1949 et a \u00e9t\u00e9 form\u00e9 aux Beaux-Arts de Li\u00e8ge. R\u00e9f 32.50<\/p>\n","protected":false},"featured_media":8494,"comment_status":"open","ping_status":"closed","template":"","meta":{"neve_meta_sidebar":"","neve_meta_container":"","neve_meta_enable_content_width":"off","neve_meta_content_width":100,"neve_meta_title_alignment":"","neve_meta_author_avatar":"","neve_post_elements_order":"","neve_meta_disable_header":"","neve_meta_disable_footer":"","neve_meta_disable_title":""},"product_brand":[],"product_cat":[30,166,167],"product_tag":[],"class_list":{"0":"post-8503","1":"product","2":"type-product","3":"status-publish","4":"has-post-thumbnail","6":"product_cat-luxemburgensia","7":"product_cat-luxemburgensia-luxemburgensia","8":"product_cat-peintures-et-sculptures","10":"first","11":"instock","12":"shipping-taxable","13":"purchasable","14":"product-type-simple"},"_links":{"self":[{"href":"https:\/\/legrenierdelatour.be\/brocante\/wp-json\/wp\/v2\/product\/8503","targetHints":{"allow":["GET"]}}],"collection":[{"href":"https:\/\/legrenierdelatour.be\/brocante\/wp-json\/wp\/v2\/product"}],"about":[{"href":"https:\/\/legrenierdelatour.be\/brocante\/wp-json\/wp\/v2\/types\/product"}],"replies":[{"embeddable":true,"href":"https:\/\/legrenierdelatour.be\/brocante\/wp-json\/wp\/v2\/comments?post=8503"}],"wp:featuredmedia":[{"embeddable":true,"href":"https:\/\/legrenierdelatour.be\/brocante\/wp-json\/wp\/v2\/media\/8494"}],"wp:attachment":[{"href":"https:\/\/legrenierdelatour.be\/brocante\/wp-json\/wp\/v2\/media?parent=8503"}],"wp:term":[{"taxonomy":"product_brand","embeddable":true,"href":"https:\/\/legrenierdelatour.be\/brocante\/wp-json\/wp\/v2\/product_brand?post=8503"},{"taxonomy":"product_cat","embeddable":true,"href":"https:\/\/legrenierdelatour.be\/brocante\/wp-json\/wp\/v2\/product_cat?post=8503"},{"taxonomy":"product_tag","embeddable":true,"href":"https:\/\/legrenierdelatour.be\/brocante\/wp-json\/wp\/v2\/product_tag?post=8503"}],"curies":[{"name":"wp","href":"https:\/\/api.w.org\/{rel}","templated":true}]}}