{"id":8498,"date":"2024-07-06T19:54:41","date_gmt":"2024-07-06T17:54:41","guid":{"rendered":"https:\/\/legrenierdelatour.be\/brocante\/?post_type=product&#038;p=8498"},"modified":"2024-07-06T19:54:41","modified_gmt":"2024-07-06T17:54:41","slug":"aquarelle-le-grund-a-luxembourg-michel-geimer-1983","status":"publish","type":"product","link":"https:\/\/legrenierdelatour.be\/brocante\/produit\/aquarelle-le-grund-a-luxembourg-michel-geimer-1983\/","title":{"rendered":"Aquarelle Le Grund \u00e0 Luxembourg, Michel Geimer 1983"},"content":{"rendered":"<div>Aquarelle (9,5&#215;11,5 cm \/ 31x25cm cadre compris) du Grund et de l\u2019Alzette \u00e0 Luxembourg. Elle est dat\u00e9e de 1983 et sign\u00e9e Geimer. Michel Geimer est n\u00e9 en 1963 \u00e0 Esch\/Alzette. Membre du Cercle Artistique de Luxembourg, il a \u00e9t\u00e9 form\u00e9 \u00e0 l\u2019Ecole des Arts et M\u00e9tiers de Luxembourg puis des Arts d\u00e9coratifs \u00e0 Strasbourg.<\/div>\n<div>R\u00e9f 32.47<\/div>\n","protected":false},"excerpt":{"rendered":"<p>Aquarelle (9,5&#215;11,5 cm \/ 31x25cm cadre compris) du Grund et de l\u2019Alzette \u00e0 Luxembourg. Elle est dat\u00e9e de 1983 et sign\u00e9e Geimer. Michel Geimer est n\u00e9 en 1963 \u00e0 Esch\/Alzette. Membre du Cercle Artistique de Luxembourg, il a \u00e9t\u00e9 form\u00e9 \u00e0 l\u2019Ecole des Arts et M\u00e9tiers de Luxembourg puis des Arts d\u00e9coratifs \u00e0 Strasbourg. R\u00e9f&hellip;&nbsp;<a href=\"https:\/\/legrenierdelatour.be\/brocante\/produit\/aquarelle-le-grund-a-luxembourg-michel-geimer-1983\/\" class=\"\" rel=\"bookmark\">Lire la suite &raquo;<span class=\"screen-reader-text\">Aquarelle Le Grund \u00e0 Luxembourg, Michel Geimer 1983<\/span><\/a><\/p>\n","protected":false},"featured_media":8488,"comment_status":"open","ping_status":"closed","template":"","meta":{"neve_meta_sidebar":"","neve_meta_container":"","neve_meta_enable_content_width":"off","neve_meta_content_width":100,"neve_meta_title_alignment":"","neve_meta_author_avatar":"","neve_post_elements_order":"","neve_meta_disable_header":"","neve_meta_disable_footer":"","neve_meta_disable_title":""},"product_brand":[],"product_cat":[30,166,167],"product_tag":[],"class_list":{"0":"post-8498","1":"product","2":"type-product","3":"status-publish","4":"has-post-thumbnail","6":"product_cat-luxemburgensia","7":"product_cat-luxemburgensia-luxemburgensia","8":"product_cat-peintures-et-sculptures","10":"first","11":"instock","12":"shipping-taxable","13":"purchasable","14":"product-type-simple"},"_links":{"self":[{"href":"https:\/\/legrenierdelatour.be\/brocante\/wp-json\/wp\/v2\/product\/8498","targetHints":{"allow":["GET"]}}],"collection":[{"href":"https:\/\/legrenierdelatour.be\/brocante\/wp-json\/wp\/v2\/product"}],"about":[{"href":"https:\/\/legrenierdelatour.be\/brocante\/wp-json\/wp\/v2\/types\/product"}],"replies":[{"embeddable":true,"href":"https:\/\/legrenierdelatour.be\/brocante\/wp-json\/wp\/v2\/comments?post=8498"}],"wp:featuredmedia":[{"embeddable":true,"href":"https:\/\/legrenierdelatour.be\/brocante\/wp-json\/wp\/v2\/media\/8488"}],"wp:attachment":[{"href":"https:\/\/legrenierdelatour.be\/brocante\/wp-json\/wp\/v2\/media?parent=8498"}],"wp:term":[{"taxonomy":"product_brand","embeddable":true,"href":"https:\/\/legrenierdelatour.be\/brocante\/wp-json\/wp\/v2\/product_brand?post=8498"},{"taxonomy":"product_cat","embeddable":true,"href":"https:\/\/legrenierdelatour.be\/brocante\/wp-json\/wp\/v2\/product_cat?post=8498"},{"taxonomy":"product_tag","embeddable":true,"href":"https:\/\/legrenierdelatour.be\/brocante\/wp-json\/wp\/v2\/product_tag?post=8498"}],"curies":[{"name":"wp","href":"https:\/\/api.w.org\/{rel}","templated":true}]}}