{"id":8479,"date":"2024-07-06T19:52:28","date_gmt":"2024-07-06T17:52:28","guid":{"rendered":"https:\/\/legrenierdelatour.be\/brocante\/?post_type=product&#038;p=8479"},"modified":"2024-07-06T19:52:29","modified_gmt":"2024-07-06T17:52:29","slug":"gravure-echternach-marc-wagner","status":"publish","type":"product","link":"https:\/\/legrenierdelatour.be\/brocante\/produit\/gravure-echternach-marc-wagner\/","title":{"rendered":"Gravure Echternach, Marc Wagner"},"content":{"rendered":"<p>Belle petite gravure (cuivre : 8,5&#215;11,5 cm \/ 25&#215;20 cm cadre compris) repr\u00e9sentant l\u2019abbaye d\u2019Echternach. Ele est num\u00e9rot\u00e9e C\/a et sign\u00e9e Marc Wagner. Marc Wagner est un artsite luxembourgeois n\u00e9 en 1948.<\/p>\n<div>R\u00e9f 32.46<\/div>\n","protected":false},"excerpt":{"rendered":"<p>Belle petite gravure (cuivre : 8,5&#215;11,5 cm \/ 25&#215;20 cm cadre compris) repr\u00e9sentant l\u2019abbaye d\u2019Echternach. Ele est num\u00e9rot\u00e9e C\/a et sign\u00e9e Marc Wagner. Marc Wagner est un artsite luxembourgeois n\u00e9 en 1948. R\u00e9f 32.46<\/p>\n","protected":false},"featured_media":8480,"comment_status":"open","ping_status":"closed","template":"","meta":{"neve_meta_sidebar":"","neve_meta_container":"","neve_meta_enable_content_width":"off","neve_meta_content_width":100,"neve_meta_title_alignment":"","neve_meta_author_avatar":"","neve_post_elements_order":"","neve_meta_disable_header":"","neve_meta_disable_footer":"","neve_meta_disable_title":""},"product_brand":[],"product_cat":[30,166,167],"product_tag":[],"class_list":{"0":"post-8479","1":"product","2":"type-product","3":"status-publish","4":"has-post-thumbnail","6":"product_cat-luxemburgensia","7":"product_cat-luxemburgensia-luxemburgensia","8":"product_cat-peintures-et-sculptures","10":"first","11":"instock","12":"shipping-taxable","13":"purchasable","14":"product-type-simple"},"_links":{"self":[{"href":"https:\/\/legrenierdelatour.be\/brocante\/wp-json\/wp\/v2\/product\/8479","targetHints":{"allow":["GET"]}}],"collection":[{"href":"https:\/\/legrenierdelatour.be\/brocante\/wp-json\/wp\/v2\/product"}],"about":[{"href":"https:\/\/legrenierdelatour.be\/brocante\/wp-json\/wp\/v2\/types\/product"}],"replies":[{"embeddable":true,"href":"https:\/\/legrenierdelatour.be\/brocante\/wp-json\/wp\/v2\/comments?post=8479"}],"wp:featuredmedia":[{"embeddable":true,"href":"https:\/\/legrenierdelatour.be\/brocante\/wp-json\/wp\/v2\/media\/8480"}],"wp:attachment":[{"href":"https:\/\/legrenierdelatour.be\/brocante\/wp-json\/wp\/v2\/media?parent=8479"}],"wp:term":[{"taxonomy":"product_brand","embeddable":true,"href":"https:\/\/legrenierdelatour.be\/brocante\/wp-json\/wp\/v2\/product_brand?post=8479"},{"taxonomy":"product_cat","embeddable":true,"href":"https:\/\/legrenierdelatour.be\/brocante\/wp-json\/wp\/v2\/product_cat?post=8479"},{"taxonomy":"product_tag","embeddable":true,"href":"https:\/\/legrenierdelatour.be\/brocante\/wp-json\/wp\/v2\/product_tag?post=8479"}],"curies":[{"name":"wp","href":"https:\/\/api.w.org\/{rel}","templated":true}]}}