{"id":8439,"date":"2024-06-25T20:14:17","date_gmt":"2024-06-25T18:14:17","guid":{"rendered":"https:\/\/legrenierdelatour.be\/brocante\/?post_type=product&#038;p=8439"},"modified":"2024-06-25T20:14:18","modified_gmt":"2024-06-25T18:14:18","slug":"assiette-luxembourg-963-1963-emaux-de-longwy","status":"publish","type":"product","link":"https:\/\/legrenierdelatour.be\/brocante\/produit\/assiette-luxembourg-963-1963-emaux-de-longwy\/","title":{"rendered":"Assiette \u00ab\u00a0Luxembourg 963-1963\u00a0\u00bb, \u00e9maux de Longwy"},"content":{"rendered":"<p>Assiette (22 cm de diam\u00e8tre) en fa\u00efence , r\u00e9alis\u00e9e en Emaux de Longwy (inscription \u00e0 l\u2019arri\u00e8re). Elle porte une repr\u00e9sentation de Luxembourg et a \u00e9t\u00e9 \u00e9dit\u00e9e pour oes 1000 ans de Luxembourg en 1963. Elle est en parfait \u00e9tat.<\/p>\n<div>R\u00e9f 32.31<\/div>\n","protected":false},"excerpt":{"rendered":"<p>Assiette (22 cm de diam\u00e8tre) en fa\u00efence , r\u00e9alis\u00e9e en Emaux de Longwy (inscription \u00e0 l\u2019arri\u00e8re). Elle porte une repr\u00e9sentation de Luxembourg et a \u00e9t\u00e9 \u00e9dit\u00e9e pour oes 1000 ans de Luxembourg en 1963. Elle est en parfait \u00e9tat. R\u00e9f 32.31<\/p>\n","protected":false},"featured_media":8440,"comment_status":"open","ping_status":"closed","template":"","meta":{"neve_meta_sidebar":"","neve_meta_container":"","neve_meta_enable_content_width":"off","neve_meta_content_width":100,"neve_meta_title_alignment":"","neve_meta_author_avatar":"","neve_post_elements_order":"","neve_meta_disable_header":"","neve_meta_disable_footer":"","neve_meta_disable_title":""},"product_brand":[],"product_cat":[16,59,66,30,166],"product_tag":[],"class_list":{"0":"post-8439","1":"product","2":"type-product","3":"status-publish","4":"has-post-thumbnail","6":"product_cat-ceramique","7":"product_cat-france","8":"product_cat-longwy","9":"product_cat-luxemburgensia","10":"product_cat-luxemburgensia-luxemburgensia","12":"first","13":"instock","14":"shipping-taxable","15":"purchasable","16":"product-type-simple"},"_links":{"self":[{"href":"https:\/\/legrenierdelatour.be\/brocante\/wp-json\/wp\/v2\/product\/8439","targetHints":{"allow":["GET"]}}],"collection":[{"href":"https:\/\/legrenierdelatour.be\/brocante\/wp-json\/wp\/v2\/product"}],"about":[{"href":"https:\/\/legrenierdelatour.be\/brocante\/wp-json\/wp\/v2\/types\/product"}],"replies":[{"embeddable":true,"href":"https:\/\/legrenierdelatour.be\/brocante\/wp-json\/wp\/v2\/comments?post=8439"}],"wp:featuredmedia":[{"embeddable":true,"href":"https:\/\/legrenierdelatour.be\/brocante\/wp-json\/wp\/v2\/media\/8440"}],"wp:attachment":[{"href":"https:\/\/legrenierdelatour.be\/brocante\/wp-json\/wp\/v2\/media?parent=8439"}],"wp:term":[{"taxonomy":"product_brand","embeddable":true,"href":"https:\/\/legrenierdelatour.be\/brocante\/wp-json\/wp\/v2\/product_brand?post=8439"},{"taxonomy":"product_cat","embeddable":true,"href":"https:\/\/legrenierdelatour.be\/brocante\/wp-json\/wp\/v2\/product_cat?post=8439"},{"taxonomy":"product_tag","embeddable":true,"href":"https:\/\/legrenierdelatour.be\/brocante\/wp-json\/wp\/v2\/product_tag?post=8439"}],"curies":[{"name":"wp","href":"https:\/\/api.w.org\/{rel}","templated":true}]}}