{"id":8424,"date":"2024-06-25T16:43:39","date_gmt":"2024-06-25T14:43:39","guid":{"rendered":"https:\/\/legrenierdelatour.be\/brocante\/?post_type=product&#038;p=8424"},"modified":"2026-02-09T12:48:14","modified_gmt":"2026-02-09T11:48:14","slug":"assiette-a-la-brindille-villeroy-boch-luxembourg-19e-siecle","status":"publish","type":"product","link":"https:\/\/legrenierdelatour.be\/brocante\/produit\/assiette-a-la-brindille-villeroy-boch-luxembourg-19e-siecle\/","title":{"rendered":"Assiette \u00e0 la brindille, Boch Luxembourg, 19\u00e8 si\u00e8cle"},"content":{"rendered":"<p>Assiette plate (24 cm de diam\u00e8tre) \u00e0 c\u00f4tes torses, avec un d\u00e9cor \u00e0 la brindille. Cette assiette porte le cachet en creux permettant de dater de la premi\u00e8re moiti\u00e9 du 19\u00e8 si\u00e8cle (1823-1838 et 1841-1855). L\u2019assiette est issue de la manufacture Boch de Septfontaines, qui fut cr\u00e9\u00e9e par Pierre-Joseph et Jean-Fran\u00e7ois Boch en 1767; en 2010, c\u2019est l\u2019arr\u00eat de la production au Luxembourg. Le d\u00e9cor \u00e0 la brindille a \u00e9t\u00e9 introduit en 1770. Cette assiette pr\u00e9sente de petits coups sur les bords.<\/p>\n<div>R\u00e9f 32.27<\/div>\n","protected":false},"excerpt":{"rendered":"<p>Assiette plate (24 cm de diam\u00e8tre) \u00e0 c\u00f4tes torses, avec un d\u00e9cor \u00e0 la brindille. Cette assiette porte le cachet en creux permettant de dater de la premi\u00e8re moiti\u00e9 du 19\u00e8 si\u00e8cle (1823-1838 et 1841-1855). L\u2019assiette est issue de la manufacture Boch de Septfontaines, qui fut cr\u00e9\u00e9e par Pierre-Joseph et Jean-Fran\u00e7ois Boch en 1767; en&hellip;&nbsp;<a href=\"https:\/\/legrenierdelatour.be\/brocante\/produit\/assiette-a-la-brindille-villeroy-boch-luxembourg-19e-siecle\/\" class=\"\" rel=\"bookmark\">Lire la suite &raquo;<span class=\"screen-reader-text\">Assiette \u00e0 la brindille, Boch Luxembourg, 19\u00e8 si\u00e8cle<\/span><\/a><\/p>\n","protected":false},"featured_media":8425,"comment_status":"open","ping_status":"closed","template":"","meta":{"neve_meta_sidebar":"","neve_meta_container":"","neve_meta_enable_content_width":"off","neve_meta_content_width":100,"neve_meta_title_alignment":"","neve_meta_author_avatar":"","neve_post_elements_order":"","neve_meta_disable_header":"","neve_meta_disable_footer":"","neve_meta_disable_title":""},"product_brand":[],"product_cat":[15,16,165,29],"product_tag":[],"class_list":{"0":"post-8424","1":"product","2":"type-product","3":"status-publish","4":"has-post-thumbnail","6":"product_cat-non-classe","7":"product_cat-ceramique","8":"product_cat-luxembourg","9":"product_cat-villeroy-boch","11":"first","12":"instock","13":"shipping-taxable","14":"purchasable","15":"product-type-simple"},"_links":{"self":[{"href":"https:\/\/legrenierdelatour.be\/brocante\/wp-json\/wp\/v2\/product\/8424","targetHints":{"allow":["GET"]}}],"collection":[{"href":"https:\/\/legrenierdelatour.be\/brocante\/wp-json\/wp\/v2\/product"}],"about":[{"href":"https:\/\/legrenierdelatour.be\/brocante\/wp-json\/wp\/v2\/types\/product"}],"replies":[{"embeddable":true,"href":"https:\/\/legrenierdelatour.be\/brocante\/wp-json\/wp\/v2\/comments?post=8424"}],"wp:featuredmedia":[{"embeddable":true,"href":"https:\/\/legrenierdelatour.be\/brocante\/wp-json\/wp\/v2\/media\/8425"}],"wp:attachment":[{"href":"https:\/\/legrenierdelatour.be\/brocante\/wp-json\/wp\/v2\/media?parent=8424"}],"wp:term":[{"taxonomy":"product_brand","embeddable":true,"href":"https:\/\/legrenierdelatour.be\/brocante\/wp-json\/wp\/v2\/product_brand?post=8424"},{"taxonomy":"product_cat","embeddable":true,"href":"https:\/\/legrenierdelatour.be\/brocante\/wp-json\/wp\/v2\/product_cat?post=8424"},{"taxonomy":"product_tag","embeddable":true,"href":"https:\/\/legrenierdelatour.be\/brocante\/wp-json\/wp\/v2\/product_tag?post=8424"}],"curies":[{"name":"wp","href":"https:\/\/api.w.org\/{rel}","templated":true}]}}