{"id":8415,"date":"2024-06-23T18:51:35","date_gmt":"2024-06-23T16:51:35","guid":{"rendered":"https:\/\/legrenierdelatour.be\/brocante\/?post_type=product&#038;p=8415"},"modified":"2024-06-23T18:51:35","modified_gmt":"2024-06-23T16:51:35","slug":"aquarelle-paysage-italien-albert-watrin-2","status":"publish","type":"product","link":"https:\/\/legrenierdelatour.be\/brocante\/produit\/aquarelle-paysage-italien-albert-watrin-2\/","title":{"rendered":"Aquarelle Paysage italien, Albert Watrin"},"content":{"rendered":"<p>Aquarelle (33&#215;20 cm hors cadre) repr\u00e9sentant des b\u00e2timents sans doute d\u2019Italie, sign\u00e9e par Albert Watrin. Cette aquarelle est tr\u00e8s bien encadr\u00e9e (m\u00eame si l\u2019encadrement demande une restauration). Il s\u2019agit sans doute ici d\u2019une oeuvre de jeunesse. En effet, il est surtout connu pour ses aquarelles repr\u00e9sentant des paysages de Gaume.<\/p>\n<div>Albert Watrin (1940-1909) appartient \u00e0 la famille des peintres r\u00e9gionaux, m\u00eame s\u2019il est peu connu du grand public. Dessinateur de talent, \u00e9minent portraitiste et aquarelliste, il nous laisse un grand nombre de paysages et de relev\u00e9s d\u2019architecture. Re\u00e7u \u00e0 l\u2019\u00e9cole des Beaux-Arts de Paris, il profite entre autres de l\u2019enseignement de Viollet-le-Duc (1814-1979). Enseignant de dessin \u00e0 Metz, il quitte cette ville en 1870, ann\u00e9e du si\u00e8ge de Metz pendant la guerre franco-allemande, pour s\u2019installer \u00e0 Charency-Vezin \u00e0 quelques kms de Torgny. Il enseigne le dessin au Coll\u00e8ge communal et \u00e0 l\u2019Ecole normale de Virton. Il a pour \u00e9l\u00e8ve Nestor Outer. Albert Watrin a laiss\u00e9 des oeuvres d\u2019une grande valeur documentaire et architecturale des architectures lorraines typiques de nos r\u00e9gions. Ses oeuvres s\u2019apparentes souvent \u00e0 de v\u00e9ritables relev\u00e9s d\u2019architecture, et l\u2019influence de son p\u00e8re g\u00e9om\u00e8tre et de son ma\u00eetre Viollet-le-Duc est importante. ( d\u2019apr\u00e8s \u00ab\u00a0Chronique des Mus\u00e9es gaumais, 2008 : Albert Watrin, exposition du 27 juin au 11 octobre 2008 \u00bb).<\/div>\n<div>R\u00e9f 32.22<\/div>\n","protected":false},"excerpt":{"rendered":"<p>Aquarelle (33&#215;20 cm hors cadre) repr\u00e9sentant des b\u00e2timents sans doute d\u2019Italie, sign\u00e9e par Albert Watrin. Cette aquarelle est tr\u00e8s bien encadr\u00e9e (m\u00eame si l\u2019encadrement demande une restauration). Il s\u2019agit sans doute ici d\u2019une oeuvre de jeunesse. En effet, il est surtout connu pour ses aquarelles repr\u00e9sentant des paysages de Gaume. Albert Watrin (1940-1909) appartient \u00e0&hellip;&nbsp;<a href=\"https:\/\/legrenierdelatour.be\/brocante\/produit\/aquarelle-paysage-italien-albert-watrin-2\/\" class=\"\" rel=\"bookmark\">Lire la suite &raquo;<span class=\"screen-reader-text\">Aquarelle Paysage italien, Albert Watrin<\/span><\/a><\/p>\n","protected":false},"featured_media":8406,"comment_status":"open","ping_status":"closed","template":"","meta":{"neve_meta_sidebar":"","neve_meta_container":"","neve_meta_enable_content_width":"off","neve_meta_content_width":100,"neve_meta_title_alignment":"","neve_meta_author_avatar":"","neve_post_elements_order":"","neve_meta_disable_header":"","neve_meta_disable_footer":"","neve_meta_disable_title":""},"product_brand":[],"product_cat":[30,31,167],"product_tag":[],"class_list":{"0":"post-8415","1":"product","2":"type-product","3":"status-publish","4":"has-post-thumbnail","6":"product_cat-luxemburgensia","7":"product_cat-pays-darlon","8":"product_cat-peintures-et-sculptures","10":"first","11":"instock","12":"shipping-taxable","13":"purchasable","14":"product-type-simple"},"_links":{"self":[{"href":"https:\/\/legrenierdelatour.be\/brocante\/wp-json\/wp\/v2\/product\/8415","targetHints":{"allow":["GET"]}}],"collection":[{"href":"https:\/\/legrenierdelatour.be\/brocante\/wp-json\/wp\/v2\/product"}],"about":[{"href":"https:\/\/legrenierdelatour.be\/brocante\/wp-json\/wp\/v2\/types\/product"}],"replies":[{"embeddable":true,"href":"https:\/\/legrenierdelatour.be\/brocante\/wp-json\/wp\/v2\/comments?post=8415"}],"wp:featuredmedia":[{"embeddable":true,"href":"https:\/\/legrenierdelatour.be\/brocante\/wp-json\/wp\/v2\/media\/8406"}],"wp:attachment":[{"href":"https:\/\/legrenierdelatour.be\/brocante\/wp-json\/wp\/v2\/media?parent=8415"}],"wp:term":[{"taxonomy":"product_brand","embeddable":true,"href":"https:\/\/legrenierdelatour.be\/brocante\/wp-json\/wp\/v2\/product_brand?post=8415"},{"taxonomy":"product_cat","embeddable":true,"href":"https:\/\/legrenierdelatour.be\/brocante\/wp-json\/wp\/v2\/product_cat?post=8415"},{"taxonomy":"product_tag","embeddable":true,"href":"https:\/\/legrenierdelatour.be\/brocante\/wp-json\/wp\/v2\/product_tag?post=8415"}],"curies":[{"name":"wp","href":"https:\/\/api.w.org\/{rel}","templated":true}]}}