{"id":8386,"date":"2024-06-21T17:44:58","date_gmt":"2024-06-21T15:44:58","guid":{"rendered":"https:\/\/legrenierdelatour.be\/brocante\/?post_type=product&#038;p=8386"},"modified":"2024-06-21T17:44:58","modified_gmt":"2024-06-21T15:44:58","slug":"vase-en-cristal-iris-fidenza-vintage","status":"publish","type":"product","link":"https:\/\/legrenierdelatour.be\/brocante\/produit\/vase-en-cristal-iris-fidenza-vintage\/","title":{"rendered":"Vase en cristal, Iris Fidenza, vintage"},"content":{"rendered":"<p>Grand vase en cristal moul\u00e9 (23 cm de haut), structur\u00e9 de fa\u00e7on g\u00e9om\u00e9trique. Marqu\u00e9 Italy dessous, ce vase \u00ab\u00a0Iris\u00a0\u00bb date des ann\u00e9es 1970. Il a \u00e9t\u00e9 produit par Fidenza Vitreria \u00e0 Fidenza en Italie.<\/p>\n<div>Deux exemplaires disponibles auprix de 30\u20ac pi\u00e8ce.<\/p>\n<div>R\u00e9f 32.14<\/div>\n<\/div>\n","protected":false},"excerpt":{"rendered":"<p>Grand vase en cristal moul\u00e9 (23 cm de haut), structur\u00e9 de fa\u00e7on g\u00e9om\u00e9trique. Marqu\u00e9 Italy dessous, ce vase \u00ab\u00a0Iris\u00a0\u00bb date des ann\u00e9es 1970. Il a \u00e9t\u00e9 produit par Fidenza Vitreria \u00e0 Fidenza en Italie. Deux exemplaires disponibles auprix de 30\u20ac pi\u00e8ce. R\u00e9f 32.14<\/p>\n","protected":false},"featured_media":8387,"comment_status":"open","ping_status":"closed","template":"","meta":{"neve_meta_sidebar":"","neve_meta_container":"","neve_meta_enable_content_width":"off","neve_meta_content_width":100,"neve_meta_title_alignment":"","neve_meta_author_avatar":"","neve_post_elements_order":"","neve_meta_disable_header":"","neve_meta_disable_footer":"","neve_meta_disable_title":""},"product_brand":[],"product_cat":[22],"product_tag":[28],"class_list":{"0":"post-8386","1":"product","2":"type-product","3":"status-publish","4":"has-post-thumbnail","6":"product_cat-verrerie","7":"product_tag-vintage","9":"first","10":"instock","11":"shipping-taxable","12":"purchasable","13":"product-type-simple"},"_links":{"self":[{"href":"https:\/\/legrenierdelatour.be\/brocante\/wp-json\/wp\/v2\/product\/8386","targetHints":{"allow":["GET"]}}],"collection":[{"href":"https:\/\/legrenierdelatour.be\/brocante\/wp-json\/wp\/v2\/product"}],"about":[{"href":"https:\/\/legrenierdelatour.be\/brocante\/wp-json\/wp\/v2\/types\/product"}],"replies":[{"embeddable":true,"href":"https:\/\/legrenierdelatour.be\/brocante\/wp-json\/wp\/v2\/comments?post=8386"}],"wp:featuredmedia":[{"embeddable":true,"href":"https:\/\/legrenierdelatour.be\/brocante\/wp-json\/wp\/v2\/media\/8387"}],"wp:attachment":[{"href":"https:\/\/legrenierdelatour.be\/brocante\/wp-json\/wp\/v2\/media?parent=8386"}],"wp:term":[{"taxonomy":"product_brand","embeddable":true,"href":"https:\/\/legrenierdelatour.be\/brocante\/wp-json\/wp\/v2\/product_brand?post=8386"},{"taxonomy":"product_cat","embeddable":true,"href":"https:\/\/legrenierdelatour.be\/brocante\/wp-json\/wp\/v2\/product_cat?post=8386"},{"taxonomy":"product_tag","embeddable":true,"href":"https:\/\/legrenierdelatour.be\/brocante\/wp-json\/wp\/v2\/product_tag?post=8386"}],"curies":[{"name":"wp","href":"https:\/\/api.w.org\/{rel}","templated":true}]}}