{"id":8370,"date":"2024-06-20T20:01:17","date_gmt":"2024-06-20T18:01:17","guid":{"rendered":"https:\/\/legrenierdelatour.be\/brocante\/?post_type=product&#038;p=8370"},"modified":"2024-06-20T20:01:17","modified_gmt":"2024-06-20T18:01:17","slug":"vase-de-laeken-2","status":"publish","type":"product","link":"https:\/\/legrenierdelatour.be\/brocante\/produit\/vase-de-laeken-2\/","title":{"rendered":"Vase de Laeken"},"content":{"rendered":"<p>Beau vase (24 cm de haut) portant l\u2018\u00e9tiquette \u00ab\u00a0Made in Belgium Laeken, Fait main, Hand Made\u00a0\u00bb portant un beau d\u00e9cor avec dorures. Ce vase dont les peintures ont \u00e9t\u00e9 r\u00e9alis\u00e9es \u00e0 la main, porte les chiffres 5-11 dessous.<\/p>\n<div>R\u00e9f 32.09<\/div>\n","protected":false},"excerpt":{"rendered":"<p>Beau vase (24 cm de haut) portant l\u2018\u00e9tiquette \u00ab\u00a0Made in Belgium Laeken, Fait main, Hand Made\u00a0\u00bb portant un beau d\u00e9cor avec dorures. Ce vase dont les peintures ont \u00e9t\u00e9 r\u00e9alis\u00e9es \u00e0 la main, porte les chiffres 5-11 dessous. R\u00e9f 32.09<\/p>\n","protected":false},"featured_media":8367,"comment_status":"open","ping_status":"closed","template":"","meta":{"neve_meta_sidebar":"","neve_meta_container":"","neve_meta_enable_content_width":"off","neve_meta_content_width":100,"neve_meta_title_alignment":"","neve_meta_author_avatar":"","neve_post_elements_order":"","neve_meta_disable_header":"","neve_meta_disable_footer":"","neve_meta_disable_title":""},"product_brand":[],"product_cat":[37,16],"product_tag":[],"class_list":{"0":"post-8370","1":"product","2":"type-product","3":"status-publish","4":"has-post-thumbnail","6":"product_cat-belgique","7":"product_cat-ceramique","9":"first","10":"instock","11":"shipping-taxable","12":"purchasable","13":"product-type-simple"},"_links":{"self":[{"href":"https:\/\/legrenierdelatour.be\/brocante\/wp-json\/wp\/v2\/product\/8370","targetHints":{"allow":["GET"]}}],"collection":[{"href":"https:\/\/legrenierdelatour.be\/brocante\/wp-json\/wp\/v2\/product"}],"about":[{"href":"https:\/\/legrenierdelatour.be\/brocante\/wp-json\/wp\/v2\/types\/product"}],"replies":[{"embeddable":true,"href":"https:\/\/legrenierdelatour.be\/brocante\/wp-json\/wp\/v2\/comments?post=8370"}],"wp:featuredmedia":[{"embeddable":true,"href":"https:\/\/legrenierdelatour.be\/brocante\/wp-json\/wp\/v2\/media\/8367"}],"wp:attachment":[{"href":"https:\/\/legrenierdelatour.be\/brocante\/wp-json\/wp\/v2\/media?parent=8370"}],"wp:term":[{"taxonomy":"product_brand","embeddable":true,"href":"https:\/\/legrenierdelatour.be\/brocante\/wp-json\/wp\/v2\/product_brand?post=8370"},{"taxonomy":"product_cat","embeddable":true,"href":"https:\/\/legrenierdelatour.be\/brocante\/wp-json\/wp\/v2\/product_cat?post=8370"},{"taxonomy":"product_tag","embeddable":true,"href":"https:\/\/legrenierdelatour.be\/brocante\/wp-json\/wp\/v2\/product_tag?post=8370"}],"curies":[{"name":"wp","href":"https:\/\/api.w.org\/{rel}","templated":true}]}}