{"id":8359,"date":"2024-06-20T19:42:12","date_gmt":"2024-06-20T17:42:12","guid":{"rendered":"https:\/\/legrenierdelatour.be\/brocante\/?post_type=product&#038;p=8359"},"modified":"2024-06-20T19:43:05","modified_gmt":"2024-06-20T17:43:05","slug":"vase-structure-studio-cristal-1997-val-st-lambert","status":"publish","type":"product","link":"https:\/\/legrenierdelatour.be\/brocante\/produit\/vase-structure-studio-cristal-1997-val-st-lambert\/","title":{"rendered":"Vase structur\u00e9, Studio Cristal 1997, Val St Lambert"},"content":{"rendered":"<div>Vase en cristal (22 cm de haut) de couleur ros\u00e9e. Il est sign\u00e9 et dat\u00e9 dessous \u00ab\u00a0Studio Cristal avril 97\u00a0\u00bb. Studio Cristal \u00e9tait un atelier de designers au sein de Val Saint Lambert. Le vase est structur\u00e9 de motifs abstraits organiques.<\/div>\n<div>R\u00e9f 32.07<\/div>\n","protected":false},"excerpt":{"rendered":"<p>Vase en cristal (22 cm de haut) de couleur ros\u00e9e. Il est sign\u00e9 et dat\u00e9 dessous \u00ab\u00a0Studio Cristal avril 97\u00a0\u00bb. Studio Cristal \u00e9tait un atelier de designers au sein de Val Saint Lambert. Le vase est structur\u00e9 de motifs abstraits organiques. R\u00e9f 32.07<\/p>\n","protected":false},"featured_media":8360,"comment_status":"open","ping_status":"closed","template":"","meta":{"neve_meta_sidebar":"","neve_meta_container":"","neve_meta_enable_content_width":"off","neve_meta_content_width":100,"neve_meta_title_alignment":"","neve_meta_author_avatar":"","neve_post_elements_order":"","neve_meta_disable_header":"","neve_meta_disable_footer":"","neve_meta_disable_title":""},"product_brand":[],"product_cat":[162,63,22],"product_tag":[],"class_list":{"0":"post-8359","1":"product","2":"type-product","3":"status-publish","4":"has-post-thumbnail","6":"product_cat-productions-belges","7":"product_cat-val-saint-lambert","8":"product_cat-verrerie","10":"first","11":"instock","12":"shipping-taxable","13":"purchasable","14":"product-type-simple"},"_links":{"self":[{"href":"https:\/\/legrenierdelatour.be\/brocante\/wp-json\/wp\/v2\/product\/8359","targetHints":{"allow":["GET"]}}],"collection":[{"href":"https:\/\/legrenierdelatour.be\/brocante\/wp-json\/wp\/v2\/product"}],"about":[{"href":"https:\/\/legrenierdelatour.be\/brocante\/wp-json\/wp\/v2\/types\/product"}],"replies":[{"embeddable":true,"href":"https:\/\/legrenierdelatour.be\/brocante\/wp-json\/wp\/v2\/comments?post=8359"}],"wp:featuredmedia":[{"embeddable":true,"href":"https:\/\/legrenierdelatour.be\/brocante\/wp-json\/wp\/v2\/media\/8360"}],"wp:attachment":[{"href":"https:\/\/legrenierdelatour.be\/brocante\/wp-json\/wp\/v2\/media?parent=8359"}],"wp:term":[{"taxonomy":"product_brand","embeddable":true,"href":"https:\/\/legrenierdelatour.be\/brocante\/wp-json\/wp\/v2\/product_brand?post=8359"},{"taxonomy":"product_cat","embeddable":true,"href":"https:\/\/legrenierdelatour.be\/brocante\/wp-json\/wp\/v2\/product_cat?post=8359"},{"taxonomy":"product_tag","embeddable":true,"href":"https:\/\/legrenierdelatour.be\/brocante\/wp-json\/wp\/v2\/product_tag?post=8359"}],"curies":[{"name":"wp","href":"https:\/\/api.w.org\/{rel}","templated":true}]}}